{"id":107,"date":"2018-10-09T19:56:06","date_gmt":"2018-10-09T17:56:06","guid":{"rendered":"http:\/\/www.laurapennanen.fi\/?page_id=107"},"modified":"2023-02-26T09:55:46","modified_gmt":"2023-02-26T07:55:46","slug":"luonto","status":"publish","type":"page","link":"https:\/\/www.laurapennanen.fi\/?page_id=107","title":{"rendered":"Luonto"},"content":{"rendered":"<p>T\u00e4lt\u00e4 sivulta l\u00f6yd\u00e4t valokuvausharrastuksemme tuotosta kotisaarestamme ja muualtakin. My\u00f6s meris\u00e4\u00e4kuvia ja linkki ilmatieteenlaitoksen meris\u00e4\u00e4sivuille l\u00f6ytyv\u00e4t t\u00e4\u00e4lt\u00e4.<\/p>\n<p>Kuvauksessa on k\u00e4ytetty seuraavia kameroita:<\/p>\n<ul>\n<li><a href=\"https:\/\/www.nikon.fi\/fi_FI\/product\/discontinued\/digital-cameras\/2015\/d3100\" target=\"_blank\" rel=\"noopener noreferrer\">Nikon 3100<\/a>\n<ul>\n<li>Tamron AF 70-300<\/li>\n<li>Nikon AF-S Nikkor 18-55<\/li>\n<\/ul>\n<\/li>\n<li><a href=\"https:\/\/en.wikipedia.org\/wiki\/Olympus_OM-D_E-M5\" target=\"_blank\" rel=\"noopener noreferrer\">Olympus E-M5<\/a><\/li>\n<li><a href=\"https:\/\/en.wikipedia.org\/wiki\/Canon_PowerShot_SX50_HS\" target=\"_blank\" rel=\"noopener noreferrer\">Canon PowerShot SX50 HS<\/a><\/li>\n<\/ul>\n<h2>Luontokuvia aiheittain<\/h2>\n<ul>\n<li><a href=\"http:\/\/www.laurapennanen.fi\/?page_id=406\">Meris\u00e4\u00e4<\/a><\/li>\n<li><a href=\"http:\/\/www.laurapennanen.fi\/?page_id=465\">Merimaisemat<\/a><\/li>\n<li><a href=\"http:\/\/www.laurapennanen.fi\/?page_id=463\">Maisemat<\/a><\/li>\n<li><a href=\"http:\/\/www.laurapennanen.fi\/?page_id=1617\">Pilvet<\/a><\/li>\n<li><a href=\"http:\/\/www.laurapennanen.fi\/?page_id=1144\">Joutsenet<\/a><\/li>\n<li><a href=\"https:\/\/www.laurapennanen.fi\/?page_id=5638\">Lokit<\/a><\/li>\n<li><a href=\"http:\/\/www.laurapennanen.fi\/?page_id=457\">Muut linnut<\/a><\/li>\n<li><a href=\"http:\/\/www.laurapennanen.fi\/?page_id=1152\">Perhoset<\/a><\/li>\n<li><a href=\"http:\/\/www.laurapennanen.fi\/?page_id=461\">Muu fauna<\/a><\/li>\n<li><a href=\"http:\/\/www.laurapennanen.fi\/?page_id=459\">Kasvit<\/a><\/li>\n<\/ul>\n","protected":false},"excerpt":{"rendered":"<p>T\u00e4lt\u00e4 sivulta l\u00f6yd\u00e4t valokuvausharrastuksemme tuotosta kotisaarestamme ja muualtakin. My\u00f6s meris\u00e4\u00e4kuvia ja linkki ilmatieteenlaitoksen meris\u00e4\u00e4sivuille l\u00f6ytyv\u00e4t t\u00e4\u00e4lt\u00e4. Kuvauksessa on k\u00e4ytetty seuraavia kameroita: Nikon 3100 Tamron AF 70-300 Nikon AF-S Nikkor 18-55 Olympus E-M5 Canon PowerShot SX50 HS Luontokuvia aiheittain Meris\u00e4\u00e4 Merimaisemat Maisemat Pilvet Joutsenet Lokit Muut linnut Perhoset Muu fauna Kasvit<\/p>\n","protected":false},"author":1,"featured_media":0,"parent":0,"menu_order":0,"comment_status":"closed","ping_status":"closed","template":"page-templates\/full-width.php","meta":{"footnotes":""},"class_list":["post-107","page","type-page","status-publish","hentry"],"_links":{"self":[{"href":"https:\/\/www.laurapennanen.fi\/index.php?rest_route=\/wp\/v2\/pages\/107","targetHints":{"allow":["GET"]}}],"collection":[{"href":"https:\/\/www.laurapennanen.fi\/index.php?rest_route=\/wp\/v2\/pages"}],"about":[{"href":"https:\/\/www.laurapennanen.fi\/index.php?rest_route=\/wp\/v2\/types\/page"}],"author":[{"embeddable":true,"href":"https:\/\/www.laurapennanen.fi\/index.php?rest_route=\/wp\/v2\/users\/1"}],"replies":[{"embeddable":true,"href":"https:\/\/www.laurapennanen.fi\/index.php?rest_route=%2Fwp%2Fv2%2Fcomments&post=107"}],"version-history":[{"count":15,"href":"https:\/\/www.laurapennanen.fi\/index.php?rest_route=\/wp\/v2\/pages\/107\/revisions"}],"predecessor-version":[{"id":5641,"href":"https:\/\/www.laurapennanen.fi\/index.php?rest_route=\/wp\/v2\/pages\/107\/revisions\/5641"}],"wp:attachment":[{"href":"https:\/\/www.laurapennanen.fi\/index.php?rest_route=%2Fwp%2Fv2%2Fmedia&parent=107"}],"curies":[{"name":"wp","href":"https:\/\/api.w.org\/{rel}","templated":true}]}}