{"id":109,"date":"2018-10-09T19:56:48","date_gmt":"2018-10-09T17:56:48","guid":{"rendered":"http:\/\/www.laurapennanen.fi\/?page_id=109"},"modified":"2021-06-27T15:45:53","modified_gmt":"2021-06-27T13:45:53","slug":"merella","status":"publish","type":"page","link":"https:\/\/www.laurapennanen.fi\/?page_id=109","title":{"rendered":"Merell\u00e4"},"content":{"rendered":"<p>T\u00e4lt\u00e4 sivulta, linkkien takaa, l\u00f6yd\u00e4t kuvia ja tietoa Kotkan edustan ja saariston meriliikenteest\u00e4.<\/p>\n<ul>\n<li><a href=\"http:\/\/www.laurapennanen.fi\/?page_id=384\">Yhteysalukset<\/a><\/li>\n<li><a href=\"http:\/\/www.laurapennanen.fi\/?page_id=393\">Rahtialukset<\/a><\/li>\n<li><a href=\"http:\/\/www.laurapennanen.fi\/?page_id=396\">Purjealukset<\/a><\/li>\n<li><a href=\"http:\/\/www.laurapennanen.fi\/?page_id=398\">Matkustajalaivat<\/a><\/li>\n<li><a href=\"http:\/\/www.laurapennanen.fi\/?page_id=400\">Viranomaisalukset<\/a><\/li>\n<li><a href=\"http:\/\/www.laurapennanen.fi\/?page_id=402\">Puuveneet<\/a><\/li>\n<li><a href=\"http:\/\/www.laurapennanen.fi\/?page_id=3026\">\u00d6kyveneet<\/a><\/li>\n<li><a href=\"http:\/\/www.laurapennanen.fi\/?page_id=4247\">Hinaajat<\/a><\/li>\n<li><a href=\"http:\/\/www.laurapennanen.fi\/?page_id=404\">Muu vesiliikenne<\/a><\/li>\n<\/ul>\n","protected":false},"excerpt":{"rendered":"<p>T\u00e4lt\u00e4 sivulta, linkkien takaa, l\u00f6yd\u00e4t kuvia ja tietoa Kotkan edustan ja saariston meriliikenteest\u00e4. Yhteysalukset Rahtialukset Purjealukset Matkustajalaivat Viranomaisalukset Puuveneet \u00d6kyveneet Hinaajat Muu vesiliikenne<\/p>\n","protected":false},"author":1,"featured_media":0,"parent":0,"menu_order":0,"comment_status":"closed","ping_status":"closed","template":"page-templates\/Custom Template.php","meta":{"footnotes":""},"class_list":["post-109","page","type-page","status-publish","hentry"],"_links":{"self":[{"href":"https:\/\/www.laurapennanen.fi\/index.php?rest_route=\/wp\/v2\/pages\/109","targetHints":{"allow":["GET"]}}],"collection":[{"href":"https:\/\/www.laurapennanen.fi\/index.php?rest_route=\/wp\/v2\/pages"}],"about":[{"href":"https:\/\/www.laurapennanen.fi\/index.php?rest_route=\/wp\/v2\/types\/page"}],"author":[{"embeddable":true,"href":"https:\/\/www.laurapennanen.fi\/index.php?rest_route=\/wp\/v2\/users\/1"}],"replies":[{"embeddable":true,"href":"https:\/\/www.laurapennanen.fi\/index.php?rest_route=%2Fwp%2Fv2%2Fcomments&post=109"}],"version-history":[{"count":10,"href":"https:\/\/www.laurapennanen.fi\/index.php?rest_route=\/wp\/v2\/pages\/109\/revisions"}],"predecessor-version":[{"id":4254,"href":"https:\/\/www.laurapennanen.fi\/index.php?rest_route=\/wp\/v2\/pages\/109\/revisions\/4254"}],"wp:attachment":[{"href":"https:\/\/www.laurapennanen.fi\/index.php?rest_route=%2Fwp%2Fv2%2Fmedia&parent=109"}],"curies":[{"name":"wp","href":"https:\/\/api.w.org\/{rel}","templated":true}]}}