{"id":111,"date":"2018-10-09T19:57:15","date_gmt":"2018-10-09T17:57:15","guid":{"rendered":"http:\/\/www.laurapennanen.fi\/?page_id=111"},"modified":"2020-10-10T23:48:38","modified_gmt":"2020-10-10T21:48:38","slug":"tietotekniikka","status":"publish","type":"page","link":"https:\/\/www.laurapennanen.fi\/?page_id=111","title":{"rendered":"Tietotekniikka"},"content":{"rendered":"<div class=\"luettelo\">\n<ul>\n<li><a href=\"#Akun vaihto\">Akun vaihto Honor 8 Lite -k\u00e4nnykk\u00e4\u00e4n<\/a><\/li>\n<li><a href=\"#P\u00f6yt\u00e4koneet\">P\u00f6yt\u00e4koneiden prosessoreiden ja emolevyjen kehityst\u00e4<\/a><\/li>\n<li><a href=\"#Muistikorttien kehityst\u00e4\">Muistikorttien kehityst\u00e4<\/a><\/li>\n<\/ul>\n<\/div>\n<p><a name=\"Akun vaihto\"><\/a><\/p>\n<h2>Akun vaihto Honor 8 Lite -k\u00e4nnykk\u00e4\u00e4n<\/h2>\n<p>Nykyisten \u00e4lyk\u00e4nnyk\u00f6iden ominaisuuksissa ilmoitetaan usein, ett\u00e4 akku ei ole vaihdettavissa. Ilmeisesti markkinointisyist\u00e4 halutaan, ett\u00e4 kuluttajat vaihtavat joka tapauksessa k\u00e4nnyk\u00e4n parin vuoden v\u00e4lein uuteen, joten akullekin riitt\u00e4\u00e4, ett\u00e4 se kest\u00e4\u00e4 sen pari vuotta. T\u00e4st\u00e4 huolimatta akun vaihto on monesti mahdollista, tosin siit\u00e4 on tehty sen verran vaikeaa, ett\u00e4 monet eiv\u00e4t siihen itse ryhdy. Jos k\u00e4nnykk\u00e4 alkaa nopeasti purkaa latausta tai sammuilee miten sattuu, niin akun vaihtoa voi harkita, varsinkin jos takuu on mennyt juuri umpeen. T\u00e4ss\u00e4 esimerkiss\u00e4 vaihdetaan akku Honor 8 Lite -k\u00e4nnykk\u00e4\u00e4n. Uusi akku ja tarvittavat ty\u00f6kalut maksavat noin 30 euroa.<\/p>\n<p>Aluksi k\u00e4nnyk\u00e4st\u00e4 katkaistaan virta ja irrotetaan sim-kortti. Sen j\u00e4lkeen olisi tarkoitus saada takakansi auki. Takakansi on t\u00e4ss\u00e4 mallissa liimattu kiinni ja liiman pehmitt\u00e4miseksi tarvitaan kuumailmapistooli, tosin tavallinen hiustenkuivaajakin ajaa asian. Sill\u00e4 l\u00e4mmitet\u00e4\u00e4n saumoja ja sen j\u00e4lkeen pit\u00e4isi saada ohut muovinpala, jollaisia tulee tarvikkeiden mukana, reunan v\u00e4liin. Suurena apuna t\u00e4ss\u00e4 on tarvikkeiden mukana tullut imukuppi, jolla kantta saa vedetty\u00e4 sen verran erilleen, ett\u00e4 saa aikaiseksi ensimm\u00e4isen raon kansien v\u00e4liin. Sen j\u00e4lkeen muovil\u00e4pysk\u00e4\u00e4 siirt\u00e4m\u00e4ll\u00e4 ja v\u00e4lill\u00e4 uudelleen saumoja l\u00e4mmitt\u00e4m\u00e4ll\u00e4 kansi irtoaa suhteellisen helposti.<\/p>\n<div class=\"kuvat\">\n<div id=\"attachment_3126\" style=\"width: 635px\" class=\"wp-caption alignnone\"><a href=\"http:\/\/www.laurapennanen.fi\/wp-content\/uploads\/2019\/06\/Honor-akun-vaihto-1.jpg\"><img loading=\"lazy\" decoding=\"async\" aria-describedby=\"caption-attachment-3126\" class=\"wp-image-3126 size-large\" src=\"http:\/\/www.laurapennanen.fi\/wp-content\/uploads\/2019\/06\/Honor-akun-vaihto-1-1024x768.jpg\" alt=\"\" width=\"625\" height=\"469\" srcset=\"https:\/\/www.laurapennanen.fi\/wp-content\/uploads\/2019\/06\/Honor-akun-vaihto-1-1024x768.jpg 1024w, https:\/\/www.laurapennanen.fi\/wp-content\/uploads\/2019\/06\/Honor-akun-vaihto-1-300x225.jpg 300w, https:\/\/www.laurapennanen.fi\/wp-content\/uploads\/2019\/06\/Honor-akun-vaihto-1-768x576.jpg 768w, https:\/\/www.laurapennanen.fi\/wp-content\/uploads\/2019\/06\/Honor-akun-vaihto-1-624x468.jpg 624w, https:\/\/www.laurapennanen.fi\/wp-content\/uploads\/2019\/06\/Honor-akun-vaihto-1.jpg 1843w\" sizes=\"auto, (max-width: 625px) 100vw, 625px\" \/><\/a><p id=\"caption-attachment-3126\" class=\"wp-caption-text\">Kannen irrotus on alkanut imukupin, hiustenkuivaajan ja plektrojen avulla.<\/p><\/div>\n<\/div>\n<div class=\"kuvat\">\n<div id=\"attachment_3125\" style=\"width: 635px\" class=\"wp-caption alignnone\"><a href=\"http:\/\/www.laurapennanen.fi\/wp-content\/uploads\/2019\/06\/Honor-akun-vaihto-2.jpg\"><img loading=\"lazy\" decoding=\"async\" aria-describedby=\"caption-attachment-3125\" class=\"wp-image-3125 size-large\" src=\"http:\/\/www.laurapennanen.fi\/wp-content\/uploads\/2019\/06\/Honor-akun-vaihto-2-1024x768.jpg\" alt=\"\" width=\"625\" height=\"469\" srcset=\"https:\/\/www.laurapennanen.fi\/wp-content\/uploads\/2019\/06\/Honor-akun-vaihto-2-1024x768.jpg 1024w, https:\/\/www.laurapennanen.fi\/wp-content\/uploads\/2019\/06\/Honor-akun-vaihto-2-300x225.jpg 300w, https:\/\/www.laurapennanen.fi\/wp-content\/uploads\/2019\/06\/Honor-akun-vaihto-2-768x576.jpg 768w, https:\/\/www.laurapennanen.fi\/wp-content\/uploads\/2019\/06\/Honor-akun-vaihto-2-624x468.jpg 624w, https:\/\/www.laurapennanen.fi\/wp-content\/uploads\/2019\/06\/Honor-akun-vaihto-2.jpg 1843w\" sizes=\"auto, (max-width: 625px) 100vw, 625px\" \/><\/a><p id=\"caption-attachment-3125\" class=\"wp-caption-text\">Irrotus on edennyt toiselle puolelle.<\/p><\/div>\n<\/div>\n<p>Takakannessa on irrottamisen j\u00e4lkeen kiinni viel\u00e4 sormenj\u00e4lkitunnistimen johdin, jonka kiinnityst\u00e4 varmistaa pieni yhdell\u00e4 ruuvilla kiinni oleva metallilevy. T\u00e4m\u00e4n voi irrottaa tai olla irrottamatta, varsinaisesti akun irrottamisen kannalta se ei ole v\u00e4ltt\u00e4m\u00e4t\u00f6nt\u00e4, mutta voi olla helpompaa irrottaa akku kun takakansi on kokonaan irti. Akun johdinta varmistaa kahdella ruuvilla kiinni oleva metallilevy, jonka irrottamisen j\u00e4lkeen on vanha akku valmis poistettavaksi.<\/p>\n<div class=\"kuvat\">\n<div id=\"attachment_3124\" style=\"width: 635px\" class=\"wp-caption alignnone\"><a href=\"http:\/\/www.laurapennanen.fi\/wp-content\/uploads\/2019\/06\/Honor-akun-vaihto-3.jpg\"><img loading=\"lazy\" decoding=\"async\" aria-describedby=\"caption-attachment-3124\" class=\"wp-image-3124 size-large\" src=\"http:\/\/www.laurapennanen.fi\/wp-content\/uploads\/2019\/06\/Honor-akun-vaihto-3-1024x768.jpg\" alt=\"\" width=\"625\" height=\"469\" srcset=\"https:\/\/www.laurapennanen.fi\/wp-content\/uploads\/2019\/06\/Honor-akun-vaihto-3-1024x768.jpg 1024w, https:\/\/www.laurapennanen.fi\/wp-content\/uploads\/2019\/06\/Honor-akun-vaihto-3-300x225.jpg 300w, https:\/\/www.laurapennanen.fi\/wp-content\/uploads\/2019\/06\/Honor-akun-vaihto-3-768x576.jpg 768w, https:\/\/www.laurapennanen.fi\/wp-content\/uploads\/2019\/06\/Honor-akun-vaihto-3-624x468.jpg 624w, https:\/\/www.laurapennanen.fi\/wp-content\/uploads\/2019\/06\/Honor-akun-vaihto-3.jpg 1843w\" sizes=\"auto, (max-width: 625px) 100vw, 625px\" \/><\/a><p id=\"caption-attachment-3124\" class=\"wp-caption-text\">Vanhan akun pois saaminen edellytt\u00e4\u00e4 vasemmalla olevan kahdella ruuvilla kiinnitetyn metallilevyn irrotusta. Oikealla sormenj\u00e4lkitunnistimen johtimen kiinnitys yhdell\u00e4 ruuvilla.<\/p><\/div>\n<\/div>\n<div class=\"kuvat\">\n<div id=\"attachment_3123\" style=\"width: 635px\" class=\"wp-caption alignnone\"><a href=\"http:\/\/www.laurapennanen.fi\/wp-content\/uploads\/2019\/06\/Honor-akun-vaihto-4.jpg\"><img loading=\"lazy\" decoding=\"async\" aria-describedby=\"caption-attachment-3123\" class=\"wp-image-3123 size-large\" src=\"http:\/\/www.laurapennanen.fi\/wp-content\/uploads\/2019\/06\/Honor-akun-vaihto-4-1024x768.jpg\" alt=\"\" width=\"625\" height=\"469\" srcset=\"https:\/\/www.laurapennanen.fi\/wp-content\/uploads\/2019\/06\/Honor-akun-vaihto-4-1024x768.jpg 1024w, https:\/\/www.laurapennanen.fi\/wp-content\/uploads\/2019\/06\/Honor-akun-vaihto-4-300x225.jpg 300w, https:\/\/www.laurapennanen.fi\/wp-content\/uploads\/2019\/06\/Honor-akun-vaihto-4-768x576.jpg 768w, https:\/\/www.laurapennanen.fi\/wp-content\/uploads\/2019\/06\/Honor-akun-vaihto-4-624x468.jpg 624w, https:\/\/www.laurapennanen.fi\/wp-content\/uploads\/2019\/06\/Honor-akun-vaihto-4.jpg 1843w\" sizes=\"auto, (max-width: 625px) 100vw, 625px\" \/><\/a><p id=\"caption-attachment-3123\" class=\"wp-caption-text\">Sormenj\u00e4lkitunnistimen ja akun johtimet ovat irti.<\/p><\/div>\n<\/div>\n<p>Vanhan akun irrotus liimauksesta osoittautui vaikeimmaksi ty\u00f6vaiheeksi. Akku on liimattu tukevasti l\u00e4hes koko alapinnaltaan koteloon ja sen lis\u00e4ksi kotelossa kulkee kaksi johdinta, joiden vahingoittamista tulee varoa. Akun reunoja pit\u00e4\u00e4 yritt\u00e4\u00e4 l\u00e4mmitt\u00e4\u00e4 ja alkaa varovasti kampeamaan reunaa irti k\u00e4ytt\u00e4en apuna muovil\u00e4pysk\u00f6j\u00e4. Akku saattaa t\u00e4ss\u00e4 vaiheessa taipua. Kun reunaa on saanut hieman nostettua, voi yritt\u00e4\u00e4 l\u00e4mmitt\u00e4\u00e4 raosta akun pohjapuolta liiman pehmitt\u00e4miseksi.<\/p>\n<p>Ennen uuden akun laittoa paikoilleen voi vanhoja liimanroippeita hieman putsata ja laittaa pohjalle uutta liimaa. Lopuksi laitetaan akun johdin ja sormenj\u00e4lkitunnistimen johdin sek\u00e4 niit\u00e4 tukevat metallilevyt paikoilleen. Ennen takakannen liimausta paikoilleen on hyv\u00e4 testata, ett\u00e4 k\u00e4nnykk\u00e4 k\u00e4ynnistyy. Takakannen liimausta pidet\u00e4\u00e4n kuivumassa tunnin ajan noin kilon painon puristuksessa.<\/p>\n<div class=\"kuvat\">\n<div id=\"attachment_3122\" style=\"width: 635px\" class=\"wp-caption alignnone\"><a href=\"http:\/\/www.laurapennanen.fi\/wp-content\/uploads\/2019\/06\/Honor-akun-vaihto-5.jpg\"><img loading=\"lazy\" decoding=\"async\" aria-describedby=\"caption-attachment-3122\" class=\"wp-image-3122 size-large\" src=\"http:\/\/www.laurapennanen.fi\/wp-content\/uploads\/2019\/06\/Honor-akun-vaihto-5-1024x768.jpg\" alt=\"\" width=\"625\" height=\"469\" srcset=\"https:\/\/www.laurapennanen.fi\/wp-content\/uploads\/2019\/06\/Honor-akun-vaihto-5-1024x768.jpg 1024w, https:\/\/www.laurapennanen.fi\/wp-content\/uploads\/2019\/06\/Honor-akun-vaihto-5-300x225.jpg 300w, https:\/\/www.laurapennanen.fi\/wp-content\/uploads\/2019\/06\/Honor-akun-vaihto-5-768x576.jpg 768w, https:\/\/www.laurapennanen.fi\/wp-content\/uploads\/2019\/06\/Honor-akun-vaihto-5-624x468.jpg 624w, https:\/\/www.laurapennanen.fi\/wp-content\/uploads\/2019\/06\/Honor-akun-vaihto-5.jpg 1843w\" sizes=\"auto, (max-width: 625px) 100vw, 625px\" \/><\/a><p id=\"caption-attachment-3122\" class=\"wp-caption-text\">Hieman kovia kokenut vanha akku on saatu irti. Irrotuksessa pit\u00e4\u00e4 varoa pohjassa olevia johtimia. Vanha akku oli johtimien aluetta lukuun ottamatta voimakkaalla liimateipill\u00e4 kiinni.<\/p><\/div>\n<\/div>\n<div class=\"kuvat\">\n<div id=\"attachment_3121\" style=\"width: 635px\" class=\"wp-caption alignnone\"><a href=\"http:\/\/www.laurapennanen.fi\/wp-content\/uploads\/2019\/06\/Honor-akun-vaihto-6.jpg\"><img loading=\"lazy\" decoding=\"async\" aria-describedby=\"caption-attachment-3121\" class=\"wp-image-3121 size-large\" src=\"http:\/\/www.laurapennanen.fi\/wp-content\/uploads\/2019\/06\/Honor-akun-vaihto-6-1024x768.jpg\" alt=\"\" width=\"625\" height=\"469\" srcset=\"https:\/\/www.laurapennanen.fi\/wp-content\/uploads\/2019\/06\/Honor-akun-vaihto-6-1024x768.jpg 1024w, https:\/\/www.laurapennanen.fi\/wp-content\/uploads\/2019\/06\/Honor-akun-vaihto-6-300x225.jpg 300w, https:\/\/www.laurapennanen.fi\/wp-content\/uploads\/2019\/06\/Honor-akun-vaihto-6-768x576.jpg 768w, https:\/\/www.laurapennanen.fi\/wp-content\/uploads\/2019\/06\/Honor-akun-vaihto-6-624x468.jpg 624w, https:\/\/www.laurapennanen.fi\/wp-content\/uploads\/2019\/06\/Honor-akun-vaihto-6.jpg 1843w\" sizes=\"auto, (max-width: 625px) 100vw, 625px\" \/><\/a><p id=\"caption-attachment-3121\" class=\"wp-caption-text\">Uusi akku on paikoillaan. Akun johdinta joutui hieman taivuttelemaan paikalleen saamiseksi.<\/p><\/div>\n<\/div>\n<div class=\"kuvat\">\n<div id=\"attachment_3120\" style=\"width: 635px\" class=\"wp-caption alignnone\"><a href=\"http:\/\/www.laurapennanen.fi\/wp-content\/uploads\/2019\/06\/Honor-akun-vaihto-7.jpg\"><img loading=\"lazy\" decoding=\"async\" aria-describedby=\"caption-attachment-3120\" class=\"wp-image-3120 size-large\" src=\"http:\/\/www.laurapennanen.fi\/wp-content\/uploads\/2019\/06\/Honor-akun-vaihto-7-1024x768.jpg\" alt=\"\" width=\"625\" height=\"469\" srcset=\"https:\/\/www.laurapennanen.fi\/wp-content\/uploads\/2019\/06\/Honor-akun-vaihto-7-1024x768.jpg 1024w, https:\/\/www.laurapennanen.fi\/wp-content\/uploads\/2019\/06\/Honor-akun-vaihto-7-300x225.jpg 300w, https:\/\/www.laurapennanen.fi\/wp-content\/uploads\/2019\/06\/Honor-akun-vaihto-7-768x576.jpg 768w, https:\/\/www.laurapennanen.fi\/wp-content\/uploads\/2019\/06\/Honor-akun-vaihto-7-624x468.jpg 624w, https:\/\/www.laurapennanen.fi\/wp-content\/uploads\/2019\/06\/Honor-akun-vaihto-7.jpg 1843w\" sizes=\"auto, (max-width: 625px) 100vw, 625px\" \/><\/a><p id=\"caption-attachment-3120\" class=\"wp-caption-text\">Sormenj\u00e4lkitunnistimen johdin on paikoillaan ja kansi on valmis liimattavaksi kiinni.<\/p><\/div>\n<\/div>\n<p><a name=\"P\u00f6yt\u00e4koneet\"><\/a><\/p>\n<h2>P\u00f6yt\u00e4koneiden prosessoreiden ja emolevyjen kehityst\u00e4<\/h2>\n<ul style=\"list-style-type: disc;\">\n<li>Intel Pentium MMX 200 MHz &#8211; Asus TXP4-X<\/li>\n<li>Intel Pentium 4 1800 MHz &#8211; Asus P4B533<\/li>\n<li>AMD Athlon 64 3500+ 2200 MHz &#8211; Asus A8N-E<\/li>\n<li>AMD Athlon 64 X2 5050E 2600 MHz &#8211; Asus M3N78 PRO<\/li>\n<li>AMD Athlon II X4 645 3.1 GHZ &#8211; Asus AM3 AMD880G M4A88TD-V EVO\/USB3<\/li>\n<li>Intel Core i5 4430 3.0 GHz &#8211; Asus Z97-PRO(Wi-Fi ac) Intel Z97<\/li>\n<\/ul>\n<p><a name=\"Muistikorttien kehityst\u00e4\"><\/a><\/p>\n<h2>Muistikorttien kehityst\u00e4<\/h2>\n<p>Vasemmanpuoleinen 16 megatavun muistikortti on digikameroiden alkuajoilta, jolloin kyseisell\u00e4 kortilla p\u00e4\u00e4si alkuun. Kortille saattoi silloin mahtua useita kymmeni\u00e4 jpeg-kuvia varsinkin voimakkaammin pakattuna. Nykyisin kortille mahtuisi yksi kuva raakakuvana ja hyv\u00e4ll\u00e4 jpeg-laadulla tallennettuna. Oikealla olevan 64 gigatavun kortin tallennuskapasiteetti on 4000-kertainen.<\/p>\n<div id=\"attachment_1045\" style=\"width: 510px\" class=\"wp-caption alignnone\"><a href=\"http:\/\/www.laurapennanen.fi\/wp-content\/uploads\/2018\/12\/Muistikortteja.jpg\"><img loading=\"lazy\" decoding=\"async\" aria-describedby=\"caption-attachment-1045\" class=\"wp-image-1045\" src=\"http:\/\/www.laurapennanen.fi\/wp-content\/uploads\/2018\/12\/Muistikortteja-1024x286.jpg\" alt=\"\" width=\"500\" height=\"139\" srcset=\"https:\/\/www.laurapennanen.fi\/wp-content\/uploads\/2018\/12\/Muistikortteja-1024x286.jpg 1024w, https:\/\/www.laurapennanen.fi\/wp-content\/uploads\/2018\/12\/Muistikortteja-300x84.jpg 300w, https:\/\/www.laurapennanen.fi\/wp-content\/uploads\/2018\/12\/Muistikortteja-768x214.jpg 768w, https:\/\/www.laurapennanen.fi\/wp-content\/uploads\/2018\/12\/Muistikortteja-624x174.jpg 624w\" sizes=\"auto, (max-width: 500px) 100vw, 500px\" \/><\/a><p id=\"caption-attachment-1045\" class=\"wp-caption-text\">Muistikorttien kehityst\u00e4.<\/p><\/div>\n<h2>Ulkoisia linkkej\u00e4<\/h2>\n<ul>\n<li><a href=\"https:\/\/www.mikrobitti.fi\/\" target=\"_blank\" rel=\"noopener noreferrer\">Mikrobitti<\/a><\/li>\n<li><a href=\"https:\/\/fi.wikipedia.org\/wiki\/Jukka_Korpela_(tietokirjailija)\" target=\"_blank\" rel=\"noopener noreferrer\">Jukka Korpelan<\/a> <a href=\"http:\/\/jkorpela.fi\/wwwfi.html\" target=\"_blank\" rel=\"noopener noreferrer\">sivusto<\/a><\/li>\n<li><a href=\"https:\/\/www.w3schools.com\/html\/default.asp\" target=\"_blank\" rel=\"noopener noreferrer\">HTML5 Tutorial<\/a><\/li>\n<\/ul>\n","protected":false},"excerpt":{"rendered":"<p>Akun vaihto Honor 8 Lite -k\u00e4nnykk\u00e4\u00e4n P\u00f6yt\u00e4koneiden prosessoreiden ja emolevyjen kehityst\u00e4 Muistikorttien kehityst\u00e4 Akun vaihto Honor 8 Lite -k\u00e4nnykk\u00e4\u00e4n Nykyisten \u00e4lyk\u00e4nnyk\u00f6iden ominaisuuksissa ilmoitetaan usein, ett\u00e4 akku ei ole vaihdettavissa. Ilmeisesti markkinointisyist\u00e4 halutaan, ett\u00e4 kuluttajat vaihtavat joka tapauksessa k\u00e4nnyk\u00e4n parin vuoden v\u00e4lein uuteen, joten akullekin riitt\u00e4\u00e4, ett\u00e4 se kest\u00e4\u00e4 sen pari vuotta. T\u00e4st\u00e4 huolimatta akun vaihto [&hellip;]<\/p>\n","protected":false},"author":1,"featured_media":0,"parent":0,"menu_order":0,"comment_status":"closed","ping_status":"closed","template":"page-templates\/full-width.php","meta":{"footnotes":""},"class_list":["post-111","page","type-page","status-publish","hentry"],"_links":{"self":[{"href":"https:\/\/www.laurapennanen.fi\/index.php?rest_route=\/wp\/v2\/pages\/111","targetHints":{"allow":["GET"]}}],"collection":[{"href":"https:\/\/www.laurapennanen.fi\/index.php?rest_route=\/wp\/v2\/pages"}],"about":[{"href":"https:\/\/www.laurapennanen.fi\/index.php?rest_route=\/wp\/v2\/types\/page"}],"author":[{"embeddable":true,"href":"https:\/\/www.laurapennanen.fi\/index.php?rest_route=\/wp\/v2\/users\/1"}],"replies":[{"embeddable":true,"href":"https:\/\/www.laurapennanen.fi\/index.php?rest_route=%2Fwp%2Fv2%2Fcomments&post=111"}],"version-history":[{"count":37,"href":"https:\/\/www.laurapennanen.fi\/index.php?rest_route=\/wp\/v2\/pages\/111\/revisions"}],"predecessor-version":[{"id":4820,"href":"https:\/\/www.laurapennanen.fi\/index.php?rest_route=\/wp\/v2\/pages\/111\/revisions\/4820"}],"wp:attachment":[{"href":"https:\/\/www.laurapennanen.fi\/index.php?rest_route=%2Fwp%2Fv2%2Fmedia&parent=111"}],"curies":[{"name":"wp","href":"https:\/\/api.w.org\/{rel}","templated":true}]}}