{"id":115,"date":"2018-10-09T19:58:12","date_gmt":"2018-10-09T17:58:12","guid":{"rendered":"http:\/\/www.laurapennanen.fi\/?page_id=115"},"modified":"2020-10-10T23:47:06","modified_gmt":"2020-10-10T21:47:06","slug":"musiikki","status":"publish","type":"page","link":"https:\/\/www.laurapennanen.fi\/?page_id=115","title":{"rendered":"Musiikki"},"content":{"rendered":"<p>T\u00e4lt\u00e4 sivulta l\u00f6yd\u00e4t linkkej\u00e4 rakastamamme musiikin maailmaan. T\u00e4nne alamme kasata my\u00f6s esittelyj\u00e4 s\u00e4velt\u00e4jist\u00e4 ja artisteista, jotka koskettavat meit\u00e4 sek\u00e4 mielipiteit\u00e4mme s\u00e4vellyksist\u00e4 ja kappaleista ja niiden esitt\u00e4misest\u00e4. My\u00f6s konserttik\u00e4ynnit p\u00e4ivit\u00e4mme t\u00e4nne.<\/p>\n<div class=\"luettelo\">\n<h1>Artisteja ja s\u00e4velt\u00e4ji\u00e4<\/h1>\n<ul>\n<li><a href=\"http:\/\/www.laurapennanen.fi\/?page_id=2665\">Andrea Bocelli<\/a><\/li>\n<\/ul>\n<\/div>\n<div class=\"luettelo\">\n<h1>Konsertit<\/h1>\n<ul>\n<li><a href=\"#Andrea Bocelli Helsinki 24.5.2019\">Andrea Bocelli Helsinki 24.5.2019<\/a><\/li>\n<li><a href=\"#Kymi Sinfonietta Kuusankoskitalo 11.1.2018\">Kymi Sinfonietta Kuusankoskitalo 11.1.2018<\/a><\/li>\n<li><a href=\"#Kymi Sinfonietta Kotkan konserttitalo 20.9.2017\">Kymi Sinfonietta Kotkan konserttitalo 20.9.2017<\/a><\/li>\n<li><a href=\"#Kymi Sinfonietta Kotkan konserttitalo 8.2.2017\">Kymi Sinfonietta Kotkan konserttitalo 8.2.2017<\/a><\/li>\n<li><a href=\"#Anna Eriksson Kotkan kirkko 1.12.2016\">Anna Eriksson Kotkan kirkko 1.12.2016<\/a><\/li>\n<li><a href=\"#Kymi Sinfonietta Kotkan konserttitalo 7.9.2016\">Kymi Sinfonietta Kotkan konserttitalo 7.9.2016<\/a><\/li>\n<li><a href=\"#Jorma Hynninen Savonlinna 30.7.2016\">Jorma Hynninen Savonlinna 30.7.2016<\/a><\/li>\n<li><a href=\"#Kymi Sinfonietta Kotkan konserttitalo 25.5.2016\">Kymi Sinfonietta Kotkan konserttitalo 25.5.2016<\/a><\/li>\n<li><a href=\"#Kymi Sinfonietta Kotkan konserttitalo 12.5.2016\">Kymi Sinfonietta Kotkan konserttitalo 12.5.2016<\/a><\/li>\n<li><a href=\"#Kymi Sinfonietta Kotkan konserttitalo 13.4.2016\">Kymi Sinfonietta Kotkan konserttitalo 13.4.2016<\/a><\/li>\n<li><a href=\"#Saara Aalto Valkealan kirkko 27.3.2016\">Saara Aalto Valkealan kirkko 27.3.2016<\/a><\/li>\n<li><a href=\"#Kymi Sinfonietta Kotkan kirkko 24.3.2016\">Kymi Sinfonietta Kotkan kirkko 24.3.2016<\/a><\/li>\n<li><a href=\"#Kymi Sinfonietta Kotkan konserttitalo 19.2.2016\">Kymi Sinfonietta Kotkan konserttitalo 19.2.2016<\/a><\/li>\n<li><a href=\"#Kymi Sinfonietta Kotkan kirkko 10.2.2016\">Kymi Sinfonietta Kotkan kirkko 10.2.2016<\/a><\/li>\n<li><a href=\"#Kymi Sinfonietta Kotkan konserttitalo 3.2.2016\">Kymi Sinfonietta Kotkan konserttitalo 3.2.2016<\/a><\/li>\n<li><a href=\"#Kymi Sinfonietta Kotkan konserttitalo 20.1.2016\">Kymi Sinfonietta Kotkan konserttitalo 20.1.2016<\/a><\/li>\n<li><a href=\"#Kymi Sinfonietta Kotkan konserttitalo 13.1.2016\">Kymi Sinfonietta Kotkan konserttitalo 13.1.2016<\/a><\/li>\n<li><a href=\"#Saara Aalto ja Teemu Roivanen Kotkan konserttitalo 9.12.2015\">Saara Aalto ja Teemu Roivanen Kotkan konserttitalo 9.12.2015<\/a><\/li>\n<li><a href=\"#Kymi Sinfonietta Kotkan kirkko 4.11.2015\">Kymi Sinfonietta Kotkan kirkko 4.11.2015<\/a><\/li>\n<li><a href=\"#Kymi Sinfonietta Kotkan konserttitalo 30.10.2015\">Kymi Sinfonietta Kotkan konserttitalo 30.10.2015<\/a><\/li>\n<li><a href=\"#Kymi Sinfonietta Kotkan konserttitalo 7.10.2015\">Kymi Sinfonietta Kotkan konserttitalo 7.10.2015<\/a><\/li>\n<li><a href=\"#Kymi Sinfonietta Kotkan konserttitalo 26.8.2015\">Kymi Sinfonietta Kotkan konserttitalo 26.8.2015<\/a><\/li>\n<li><a href=\"#Andrea Bocelli Helsinki 25.1.2015\">Andrea Bocelli Helsinki 25.1.2015<\/a><\/li>\n<li><a href=\"#Kymi Sinfonietta Kotkan konserttitalo 1.10.2014\">Kymi Sinfonietta Kotkan konserttitalo 1.10.2014<\/a><\/li>\n<\/ul>\n<\/div>\n<p><a name=\"Andrea Bocelli Helsinki 24.5.2019\"><\/a><\/p>\n<h3>Andrea Bocelli Helsinki 24.5.2019<\/h3>\n<p>Italialainen tenori Andrea Bocelli esiintyi Helsingin Hartwall-areenalla 24. toukokuuta 2019. Solistivieraina Maria Aleida ja Ilaria Della Bidia. Lis\u00e4ksi Bocellin poika Matteo mukana kappaleessa Fall on me.<br \/>\nLohjan kaupunginorkesteri ja taustakuorona Chorus Ars Musica. Kapellimestarina Carlo Bernini.<\/p>\n<p><a name=\"Kymi Sinfonietta Kuusankoskitalo 11.1.2018\"><\/a><\/p>\n<h3>Kymi Sinfonietta Kuusankoskitalo 11.1.2018<\/h3>\n<p>Avajaiskonsertti MOZ-ART I. Kapellimestari Olari Elts.<\/p>\n<ul>\n<li>Dmitri Smirnov: Mozart-variaatiot<\/li>\n<li>W. A. Mozart: Pianokonsertto nro 24, c-molli, solistina John Lill<\/li>\n<li>Valentin Silvestrov: Messenger (Viestintuoja)<\/li>\n<li>W. A. Mozart: Sinfonia nro 40<\/li>\n<\/ul>\n<p><a name=\"Kymi Sinfonietta Kotkan konserttitalo 20.9.2017\"><\/a><\/p>\n<h3>Kymi Sinfonietta Kotkan konserttitalo 20.9.2017<\/h3>\n<p>Sinfoniakonsertti &#8220;Nousevan auringon maa&#8221;. Kapellimestari Yasuo Shinozaki. Solisti: Hisako Kawamura, piano.<\/p>\n<ul>\n<li>Toshi Ichiyanagi: Interspace<\/li>\n<li>Robert Schumann: Pianokonsertto<\/li>\n<li>Ludwig van Beethoven: Sinfonia nro 4<\/li>\n<\/ul>\n<p><a name=\"Kymi Sinfonietta Kotkan konserttitalo 8.2.2017\"><\/a><\/p>\n<h3>Kymi Sinfonietta Kotkan konserttitalo 8.2.2017<\/h3>\n<p>Italialainen ilta. Kapellimestari Olari Elts. Solisti: Antje Weithaas, viulu.<\/p>\n<ul>\n<li>Franz Schubert: Alkusoitto italialaiseen tyyliin, D-duuri<\/li>\n<li>Felix Mendelssohn: Viulukonsertto<\/li>\n<li>Franz Schubert: Alkusoitto italialaiseen tyyliin<\/li>\n<li>Felix Mendelssohn: Sinfonia nro 4, \u201dItalialainen\u201d<\/li>\n<\/ul>\n<p><a name=\"Anna Eriksson Kotkan kirkko 1.12.2016\"><\/a><\/p>\n<h3>Anna Eriksson Kotkan kirkko 1.12.2016<\/h3>\n<p>Gloria-joulukiertue 2016. Kokoonpano Anna Eriksson laulu, Mikko M\u00e4kinen piano, Mila Laine \/ Aleksi Kaufman sello.<\/p>\n<p><a name=\"Kymi Sinfonietta Kotkan konserttitalo 7.9.2016\"><\/a><\/p>\n<h3>Kymi Sinfonietta Kotkan konserttitalo 7.9.2016<\/h3>\n<p>Sinfoniakonsertti. Kapellimestari Olari Elts. Solisti: Simone Lamsma, viulu.<\/p>\n<ul>\n<li>Emil von Reznicek: Alkusoitto oopperasta &#8216;Donna Diana&#8217;<\/li>\n<li>Johannes Brahms: Viulukonsertto D-duuri, op.77<\/li>\n<li>Ludwig van Beethoven: Sinfonia nro 6 F-duuri, op. 68, &#8216;Pastoraali&#8217;<\/li>\n<\/ul>\n<p><a name=\"Jorma Hynninen Savonlinna 30.7.2016\"><\/a><\/p>\n<h3>Jorma Hynninen Savonlinna 30.7.2016<\/h3>\n<p>Jorma Hynninen esitti Savonlinnan Oopperajuhlilla Franz Schubertin laulusarjan Winterreise Ralf Goth\u00f3nin kanssa.<\/p>\n<p><a href=\"http:\/\/www.laurapennanen.fi\/wp-content\/uploads\/2018\/11\/Hynninen-2016-07.30.jpg\"><img loading=\"lazy\" decoding=\"async\" class=\"alignnone wp-image-707\" src=\"http:\/\/www.laurapennanen.fi\/wp-content\/uploads\/2018\/11\/Hynninen-2016-07.30-1024x812.jpg\" alt=\"\" width=\"300\" height=\"238\" srcset=\"https:\/\/www.laurapennanen.fi\/wp-content\/uploads\/2018\/11\/Hynninen-2016-07.30-1024x812.jpg 1024w, https:\/\/www.laurapennanen.fi\/wp-content\/uploads\/2018\/11\/Hynninen-2016-07.30-300x238.jpg 300w, https:\/\/www.laurapennanen.fi\/wp-content\/uploads\/2018\/11\/Hynninen-2016-07.30-768x609.jpg 768w, https:\/\/www.laurapennanen.fi\/wp-content\/uploads\/2018\/11\/Hynninen-2016-07.30-624x495.jpg 624w, https:\/\/www.laurapennanen.fi\/wp-content\/uploads\/2018\/11\/Hynninen-2016-07.30.jpg 1871w\" sizes=\"auto, (max-width: 300px) 100vw, 300px\" \/><\/a><\/p>\n<p><a name=\"Kymi Sinfonietta Kotkan konserttitalo 25.5.2016\"><\/a><\/p>\n<h3>Kymi Sinfonietta Kotkan konserttitalo 25.5.2016<\/h3>\n<p>Sinfoniakonsertti &#8216;Ven\u00e4l\u00e4inen ilta&#8217;. Kapellimestari Janne Nisonen. Solisti Pekka Kuusisko, viulu.<\/p>\n<ul>\n<li>Dmitri Sostakovits: Preludi ja scherzo jousioktetille op. 11<\/li>\n<li>Pjotr Tsaikovski: Viulukonsertto D-duuri, op. 35<\/li>\n<li>Sergei Prokofjev: Sinfonietta A-duuri, op. 5\/48<\/li>\n<\/ul>\n<p><a name=\"Kymi Sinfonietta Kotkan konserttitalo 12.5.2016\"><\/a><\/p>\n<h3>Kymi Sinfonietta Kotkan konserttitalo 12.5.2016<\/h3>\n<p>Sinfoniakonsertti. Kapellimestari Yasuo Shinozaki. Solisti Nareh Arghamanyan, piano.<\/p>\n<ul>\n<li>Frederic Chopin: Pianokonsertti nro 1 e-molli, op. 11<\/li>\n<li>Igor Stravinsky: Konsertto D-duuri jousiorkesterille<\/li>\n<li>W. A. Mozart: Sinfonia nro 41 C-duuri &#8216;Jupiter&#8217;<\/li>\n<\/ul>\n<p><a href=\"http:\/\/www.laurapennanen.fi\/wp-content\/uploads\/2018\/12\/Konsertti-12.5.2016.jpg\"><img loading=\"lazy\" decoding=\"async\" class=\"alignnone wp-image-1008\" src=\"http:\/\/www.laurapennanen.fi\/wp-content\/uploads\/2018\/12\/Konsertti-12.5.2016-1024x768.jpg\" alt=\"\" width=\"300\" height=\"225\" srcset=\"https:\/\/www.laurapennanen.fi\/wp-content\/uploads\/2018\/12\/Konsertti-12.5.2016-1024x768.jpg 1024w, https:\/\/www.laurapennanen.fi\/wp-content\/uploads\/2018\/12\/Konsertti-12.5.2016-300x225.jpg 300w, https:\/\/www.laurapennanen.fi\/wp-content\/uploads\/2018\/12\/Konsertti-12.5.2016-768x576.jpg 768w, https:\/\/www.laurapennanen.fi\/wp-content\/uploads\/2018\/12\/Konsertti-12.5.2016-624x468.jpg 624w, https:\/\/www.laurapennanen.fi\/wp-content\/uploads\/2018\/12\/Konsertti-12.5.2016.jpg 1824w\" sizes=\"auto, (max-width: 300px) 100vw, 300px\" \/><\/a><br \/>\n<a name=\"Kymi Sinfonietta Kotkan konserttitalo 13.4.2016\"><\/a><\/p>\n<h3>Kymi Sinfonietta Kotkan konserttitalo 13.4.2016<\/h3>\n<p>Sinfoniakonsertti &#8216;Voittajan paluu&#8217; Kapellimestari Eugene Tzigane. Solisti Marko Yl\u00f6nen<\/p>\n<ul>\n<li>Jan V\u00e1clav Vorisek: Sinfonia D-duuri<\/li>\n<li>Luca Vago: Sellokonsertto &#8216;El estudiante de Salamanca&#8217;<\/li>\n<li>Ludwig van Beethoven: Sinfonia nro 7 A-duuri, op. 92<\/li>\n<\/ul>\n<p><a name=\"Saara Aalto Valkealan kirkko 27.3.2016\"><\/a><\/p>\n<h3>Saara Aalto Valkealan kirkko 27.3.2016<\/h3>\n<div id=\"attachment_688\" style=\"width: 310px\" class=\"wp-caption alignnone\"><a href=\"http:\/\/www.laurapennanen.fi\/wp-content\/uploads\/2018\/11\/Saara-Aalto-Valkeala.jpg\"><img loading=\"lazy\" decoding=\"async\" aria-describedby=\"caption-attachment-688\" class=\"wp-image-688\" src=\"http:\/\/www.laurapennanen.fi\/wp-content\/uploads\/2018\/11\/Saara-Aalto-Valkeala.jpg\" alt=\"\" width=\"300\" height=\"192\" srcset=\"https:\/\/www.laurapennanen.fi\/wp-content\/uploads\/2018\/11\/Saara-Aalto-Valkeala.jpg 1001w, https:\/\/www.laurapennanen.fi\/wp-content\/uploads\/2018\/11\/Saara-Aalto-Valkeala-300x192.jpg 300w, https:\/\/www.laurapennanen.fi\/wp-content\/uploads\/2018\/11\/Saara-Aalto-Valkeala-768x491.jpg 768w, https:\/\/www.laurapennanen.fi\/wp-content\/uploads\/2018\/11\/Saara-Aalto-Valkeala-624x399.jpg 624w\" sizes=\"auto, (max-width: 300px) 100vw, 300px\" \/><\/a><p id=\"caption-attachment-688\" class=\"wp-caption-text\">Saara Aalto Valkealan kirkossa 27.3.2016<\/p><\/div>\n<p><a name=\"Kymi Sinfonietta Kotkan kirkko 24.3.2016\"><\/a><\/p>\n<h3>Kymi Sinfonietta Kotkan kirkko 24.3.2016<\/h3>\n<p>Johannespassio. Kapellimestari Pekka Soranummi. Kuoro Kotkan kantaattikuoro. Solistit: Leena Arffman, sopraano. Maria Kettunen, altto. Heikki Rainio, tenoriaariat, evankelista. Riku Pelo, baritoni. Kai Huopainen, bassoaariat, Jeesus. Jussi P\u00f6ll\u00e4nen, basso, Pilatus. Jouni Piirala, basso, Pietari. Irene Sipari-Vilhunen, sopraano: nainen. Jari-Pekka Mielonen, tenori: palvelija.<\/p>\n<p><a name=\"Kymi Sinfonietta Kotkan konserttitalo 19.2.2016\"><\/a><\/p>\n<h3>Kymi Sinfonietta Kotkan konserttitalo 19.2.2016<\/h3>\n<p>Tuulahdus Espanjasta &#8211; pianismin juhlaa! Kapellimestari Ernest Martinez-Izquierdo. Solisti Roope Gr\u00f6ndahl, piano<\/p>\n<ul>\n<li>Robert Schumann: Konserttikappale pianolle ja orkesterille op. 92<\/li>\n<li>Cesar Franck: Sinfoniset variaatiot pianolle ja orkesterille<\/li>\n<li>Manuel de Falla: Sarja baletista &#8216;El amor brujo&#8217;<\/li>\n<li>Alberto Ginastera: Estancia dances, balettisarja op. 8a (1943)<\/li>\n<\/ul>\n<p><a name=\"Kymi Sinfonietta Kotkan kirkko 10.2.2016\"><\/a><\/p>\n<h3>Kymi Sinfonietta Kotkan kirkko 10.2.2016<\/h3>\n<p>Schubertin messu. Kapellimestari Andres Mustonen. Latvian valtionkuoro. Solistit: Pia Freund, sopraano. Iris Oja, altto. Oliver Kuusik, tenori. Anto Onnis, tenori. Priit Volmer, basso.<\/p>\n<ul>\n<li>Felix Mendelssohn: Psalmi nro 43. Psalmi nro 100<\/li>\n<li>Franz Schubert: Messu nro 6 Es-duuri<\/li>\n<\/ul>\n<div id=\"attachment_1007\" style=\"width: 310px\" class=\"wp-caption alignnone\"><a href=\"http:\/\/www.laurapennanen.fi\/wp-content\/uploads\/2018\/12\/Konsertti-10.2.2016.jpg\"><img loading=\"lazy\" decoding=\"async\" aria-describedby=\"caption-attachment-1007\" class=\"wp-image-1007\" src=\"http:\/\/www.laurapennanen.fi\/wp-content\/uploads\/2018\/12\/Konsertti-10.2.2016-1024x768.jpg\" alt=\"\" width=\"300\" height=\"225\" srcset=\"https:\/\/www.laurapennanen.fi\/wp-content\/uploads\/2018\/12\/Konsertti-10.2.2016-1024x768.jpg 1024w, https:\/\/www.laurapennanen.fi\/wp-content\/uploads\/2018\/12\/Konsertti-10.2.2016-300x225.jpg 300w, https:\/\/www.laurapennanen.fi\/wp-content\/uploads\/2018\/12\/Konsertti-10.2.2016-768x576.jpg 768w, https:\/\/www.laurapennanen.fi\/wp-content\/uploads\/2018\/12\/Konsertti-10.2.2016-624x468.jpg 624w, https:\/\/www.laurapennanen.fi\/wp-content\/uploads\/2018\/12\/Konsertti-10.2.2016.jpg 1824w\" sizes=\"auto, (max-width: 300px) 100vw, 300px\" \/><\/a><p id=\"caption-attachment-1007\" class=\"wp-caption-text\">Latvian valtionkuoro Kotkan kirkossa 10.2.2016.<\/p><\/div>\n<p><a name=\"Kymi Sinfonietta Kotkan konserttitalo 3.2.2016\"><\/a><\/p>\n<h3>Kymi Sinfonietta Kotkan konserttitalo 3.2.2016<\/h3>\n<p>Tonava kaunoinen. Kapellimestari Vytautas Lukocius. Solistit Barbara Bordas, sopraano. David Szabo, baritoni. Csaba Rajnai, klarinetti.<\/p>\n<ul>\n<li>Operetin ja wienil\u00e4ismusiikin hurmaa. Useampi s\u00e4velt\u00e4j\u00e4 ja operetti<\/li>\n<\/ul>\n<p><a name=\"Kymi Sinfonietta Kotkan konserttitalo 20.1.2016\"><\/a><\/p>\n<h3>Kymi Sinfonietta Kotkan konserttitalo 20.1.2016<\/h3>\n<p>Barokkikonsertti. Liidaus Raymond Cox, Solisti ja juontaja Matias H\u00e4kkinen.<\/p>\n<ul>\n<li>Christoph Willibald Gluck: Sarja baletista &#8216;Don Juan&#8217; ou le festin de pierre<\/li>\n<li>Wilhelm Friedemann Bach: Cembalokonsertto f-molli<\/li>\n<li>Jean-Philippe Rameau: Sarja oopperasta &#8216;Les Indes Galantes&#8217;<\/li>\n<\/ul>\n<p><a name=\"Kymi Sinfonietta Kotkan konserttitalo 13.1.2016\"><\/a><\/p>\n<h3>Kymi Sinfonietta Kotkan konserttitalo 13.1.2016<\/h3>\n<p>Avajaiskonsertti. Kapellimestari Olari Elts. Solistit: Anna-Liisa Bezrodny, viulu ja Jan-Erik Gustafsson, sello.<\/p>\n<ul>\n<li>Ferruccio Busoni: Huvin\u00e4ytelm\u00e4alkusoitto, op. 38<\/li>\n<li>Johannes Brahms: Konsertto viululle, sellolle ja orkesterille, a-molli, op. 102.<\/li>\n<li>Joseph Haydn: March of the Royal of Musicians<\/li>\n<li>Joseph Haydn: Sinfonia nro 104 D-duuri, &#8216;Lontoo&#8217;<\/li>\n<\/ul>\n<p><a name=\"Saara Aalto ja Teemu Roivanen Kotkan konserttitalo 9.12.2015\"><\/a><\/p>\n<h3>Saara Aalto ja Teemu Roivanen Kotkan konserttitalo 9.12.2015<\/h3>\n<p>Kansainv\u00e4list\u00e4 joulua. Kapellimestarina Antti Rissanen.<\/p>\n<p><a name=\"Kymi Sinfonietta Kotkan kirkko 4.11.2015\"><\/a><\/p>\n<h3>Kymi Sinfonietta Kotkan kirkko 4.11.2015<\/h3>\n<p>Ohjelmassa oli W. A. Mozartin Requiem, kapellimestarina Pekka Soranummi, solisteina Leena Arffman, sopraano, Maria Kettunen, altto, Anssi Hirvonen, tenori sek\u00e4 Heikki Aalto, basso. Kuoroina Kotkan kantaattikuoro, Sonus-kuoro ja Kuusankosken kamarilaulajat.<\/p>\n<p><a name=\"Kymi Sinfonietta Kotkan konserttitalo 30.10.2015\"><\/a><\/p>\n<h3>Kymi Sinfonietta Kotkan konserttitalo 30.10.2015<\/h3>\n<p>Sinfoniakonsertti. Kapellimestari ja klarinettisolisti Michael Collins.<\/p>\n<ul>\n<li>Felix Mendelssohn: Hebridit-alkusoitto, op. 26<\/li>\n<li>W. A. Mozart: Basettiklarinettikonsertto A-duuri<\/li>\n<li>Ludwig van Beethoven: Sinfonia nro 3 Es-duuri, op. 55 &#8216;Eroica&#8217;<\/li>\n<\/ul>\n<p><a name=\"Kymi Sinfonietta Kotkan konserttitalo 7.10.2015\"><\/a><\/p>\n<h3>Kymi Sinfonietta Kotkan konserttitalo 7.10.2015<\/h3>\n<p>Sinfoniakonsertti Kuusankoskitalo 30 vuotta. Kapellimestari: Andreas Delfs. Solisti: Chloe Hanslip, viulu.<\/p>\n<ul>\n<li>Ludwig van Beethoven: Coriolan-alkusoitto, op. 62<\/li>\n<li>Franz Schubert: Sinfonia nro 7(8) h-molli &#8216;Keskener\u00e4inen&#8217;<\/li>\n<li>Ludwig van Beethoven: Viulukonsertto D-duuri, op. 61<\/li>\n<\/ul>\n<p><a name=\"Kymi Sinfonietta Kotkan konserttitalo 26.8.2015\"><\/a><\/p>\n<h3>Kymi Sinfonietta Kotkan konserttitalo 26.8.2015<\/h3>\n<p>Sinfoniakonsertti. Kapellimestari Alpesh Chauhan, solisti Antti Siirala, piano.<\/p>\n<ul>\n<li>Zoltan Kodaly: Tansseja Galantasta<\/li>\n<li>Wolfgang Amadeus Mozart: Pianokonsertto nro 23 A-duuri<\/li>\n<li>Ludwig van Beethoven: Sinfonia nro 2 D-duuri, op. 36<\/li>\n<\/ul>\n<p><a name=\"Andrea Bocelli Helsinki 25.1.2015\"><\/a><\/p>\n<h3>Andrea Bocelli Helsinki 25.1.2015<\/h3>\n<p>Italialainen tenori Andrea Bocelli esiintyi Helsingin Hartwall-areenalla 25. tammikuuta 2015. Suomalaisena solistivieraana oli Saara Aalto.<\/p>\n<div id=\"attachment_686\" style=\"width: 310px\" class=\"wp-caption alignnone\"><a href=\"http:\/\/www.laurapennanen.fi\/wp-content\/uploads\/2018\/11\/Bocelli-Aalto.jpg\"><img loading=\"lazy\" decoding=\"async\" aria-describedby=\"caption-attachment-686\" class=\"wp-image-686\" src=\"http:\/\/www.laurapennanen.fi\/wp-content\/uploads\/2018\/11\/Bocelli-Aalto-1024x768.jpg\" alt=\"\" width=\"300\" height=\"225\" srcset=\"https:\/\/www.laurapennanen.fi\/wp-content\/uploads\/2018\/11\/Bocelli-Aalto-1024x768.jpg 1024w, https:\/\/www.laurapennanen.fi\/wp-content\/uploads\/2018\/11\/Bocelli-Aalto-300x225.jpg 300w, https:\/\/www.laurapennanen.fi\/wp-content\/uploads\/2018\/11\/Bocelli-Aalto-768x576.jpg 768w, https:\/\/www.laurapennanen.fi\/wp-content\/uploads\/2018\/11\/Bocelli-Aalto-624x468.jpg 624w, https:\/\/www.laurapennanen.fi\/wp-content\/uploads\/2018\/11\/Bocelli-Aalto.jpg 1824w\" sizes=\"auto, (max-width: 300px) 100vw, 300px\" \/><\/a><p id=\"caption-attachment-686\" class=\"wp-caption-text\">Andrea Bocelli ja Saara Aalto 25.1.2015 Helsingiss\u00e4<\/p><\/div>\n<p><a name=\"Kymi Sinfonietta Kotkan konserttitalo 1.10.2014\"><\/a><\/p>\n<h3>Kymi Sinfonietta Kotkan konserttitalo 1.10.2014<\/h3>\n<p>Sinfoniakonsertti. Kapellimestari Olari Elts, solisti Ivari Ilja, piano.<\/p>\n<ul>\n<li>Brett Dean: Testament<\/li>\n<li>Frederic Chopin: Pianokonsertto nro 2 f-molli, op. 21<\/li>\n<li>Ludwig van Beethoven: Sinfonia nro 5 c-molli, op. 67<\/li>\n<\/ul>\n<h2>Ulkoisia linkkej\u00e4<\/h2>\n<ul style=\"float: left; list-style-type: disc;\">\n<li><a href=\"http:\/\/kymisinfonietta.fi\/\" target=\"_blank\" rel=\"noopener noreferrer\">Kymi Sinfonietta<\/a><\/li>\n<li><a href=\"http:\/\/www.andreabocelli.com\/\" target=\"_blank\" rel=\"noopener noreferrer\">Andrea Bocelli<\/a><\/li>\n<\/ul>\n","protected":false},"excerpt":{"rendered":"<p>T\u00e4lt\u00e4 sivulta l\u00f6yd\u00e4t linkkej\u00e4 rakastamamme musiikin maailmaan. T\u00e4nne alamme kasata my\u00f6s esittelyj\u00e4 s\u00e4velt\u00e4jist\u00e4 ja artisteista, jotka koskettavat meit\u00e4 sek\u00e4 mielipiteit\u00e4mme s\u00e4vellyksist\u00e4 ja kappaleista ja niiden esitt\u00e4misest\u00e4. My\u00f6s konserttik\u00e4ynnit p\u00e4ivit\u00e4mme t\u00e4nne. Artisteja ja s\u00e4velt\u00e4ji\u00e4 Andrea Bocelli Konsertit Andrea Bocelli Helsinki 24.5.2019 Kymi Sinfonietta Kuusankoskitalo 11.1.2018 Kymi Sinfonietta Kotkan konserttitalo 20.9.2017 Kymi Sinfonietta Kotkan konserttitalo 8.2.2017 Anna [&hellip;]<\/p>\n","protected":false},"author":1,"featured_media":0,"parent":0,"menu_order":0,"comment_status":"closed","ping_status":"closed","template":"page-templates\/full-width.php","meta":{"footnotes":""},"class_list":["post-115","page","type-page","status-publish","hentry"],"_links":{"self":[{"href":"https:\/\/www.laurapennanen.fi\/index.php?rest_route=\/wp\/v2\/pages\/115","targetHints":{"allow":["GET"]}}],"collection":[{"href":"https:\/\/www.laurapennanen.fi\/index.php?rest_route=\/wp\/v2\/pages"}],"about":[{"href":"https:\/\/www.laurapennanen.fi\/index.php?rest_route=\/wp\/v2\/types\/page"}],"author":[{"embeddable":true,"href":"https:\/\/www.laurapennanen.fi\/index.php?rest_route=\/wp\/v2\/users\/1"}],"replies":[{"embeddable":true,"href":"https:\/\/www.laurapennanen.fi\/index.php?rest_route=%2Fwp%2Fv2%2Fcomments&post=115"}],"version-history":[{"count":57,"href":"https:\/\/www.laurapennanen.fi\/index.php?rest_route=\/wp\/v2\/pages\/115\/revisions"}],"predecessor-version":[{"id":4819,"href":"https:\/\/www.laurapennanen.fi\/index.php?rest_route=\/wp\/v2\/pages\/115\/revisions\/4819"}],"wp:attachment":[{"href":"https:\/\/www.laurapennanen.fi\/index.php?rest_route=%2Fwp%2Fv2%2Fmedia&parent=115"}],"curies":[{"name":"wp","href":"https:\/\/api.w.org\/{rel}","templated":true}]}}