{"id":1152,"date":"2018-12-26T20:38:34","date_gmt":"2018-12-26T18:38:34","guid":{"rendered":"http:\/\/www.laurapennanen.fi\/?page_id=1152"},"modified":"2020-07-22T14:40:20","modified_gmt":"2020-07-22T12:40:20","slug":"perhoset","status":"publish","type":"page","link":"https:\/\/www.laurapennanen.fi\/?page_id=1152","title":{"rendered":"Perhoset"},"content":{"rendered":"<div class=\"kuvat\">\n<div id=\"attachment_4692\" style=\"width: 635px\" class=\"wp-caption alignnone\"><a href=\"http:\/\/www.laurapennanen.fi\/wp-content\/uploads\/2020\/07\/Sinisiipiset-lennossa.jpg\"><img loading=\"lazy\" decoding=\"async\" aria-describedby=\"caption-attachment-4692\" class=\"wp-image-4692 size-large\" src=\"http:\/\/www.laurapennanen.fi\/wp-content\/uploads\/2020\/07\/Sinisiipiset-lennossa-1024x639.jpg\" alt=\"\" width=\"625\" height=\"390\" srcset=\"https:\/\/www.laurapennanen.fi\/wp-content\/uploads\/2020\/07\/Sinisiipiset-lennossa-1024x639.jpg 1024w, https:\/\/www.laurapennanen.fi\/wp-content\/uploads\/2020\/07\/Sinisiipiset-lennossa-300x187.jpg 300w, https:\/\/www.laurapennanen.fi\/wp-content\/uploads\/2020\/07\/Sinisiipiset-lennossa-768x479.jpg 768w, https:\/\/www.laurapennanen.fi\/wp-content\/uploads\/2020\/07\/Sinisiipiset-lennossa-1536x959.jpg 1536w, https:\/\/www.laurapennanen.fi\/wp-content\/uploads\/2020\/07\/Sinisiipiset-lennossa-624x389.jpg 624w, https:\/\/www.laurapennanen.fi\/wp-content\/uploads\/2020\/07\/Sinisiipiset-lennossa.jpg 1538w\" sizes=\"auto, (max-width: 625px) 100vw, 625px\" \/><\/a><p id=\"caption-attachment-4692\" class=\"wp-caption-text\">Sinisiipi\u00e4 l\u00e4mpim\u00e4n\u00e4 kes\u00e4p\u00e4iv\u00e4n\u00e4 Kuutsalossa 19.7.2020. Otti aikaa ja k\u00e4rsiv\u00e4llisyytt\u00e4 saada ikuistettua nopealiikkeinen perhonen lennossa.<\/p><\/div>\n<\/div>\n<div class=\"kuvat\">\n<div id=\"attachment_4656\" style=\"width: 635px\" class=\"wp-caption alignnone\"><a href=\"http:\/\/www.laurapennanen.fi\/wp-content\/uploads\/2020\/07\/Keisarinviitta.jpg\"><img loading=\"lazy\" decoding=\"async\" aria-describedby=\"caption-attachment-4656\" class=\"wp-image-4656 size-large\" src=\"http:\/\/www.laurapennanen.fi\/wp-content\/uploads\/2020\/07\/Keisarinviitta-1024x769.jpg\" alt=\"\" width=\"625\" height=\"469\" srcset=\"https:\/\/www.laurapennanen.fi\/wp-content\/uploads\/2020\/07\/Keisarinviitta-1024x769.jpg 1024w, https:\/\/www.laurapennanen.fi\/wp-content\/uploads\/2020\/07\/Keisarinviitta-300x225.jpg 300w, https:\/\/www.laurapennanen.fi\/wp-content\/uploads\/2020\/07\/Keisarinviitta-768x576.jpg 768w, https:\/\/www.laurapennanen.fi\/wp-content\/uploads\/2020\/07\/Keisarinviitta-624x468.jpg 624w, https:\/\/www.laurapennanen.fi\/wp-content\/uploads\/2020\/07\/Keisarinviitta.jpg 1431w\" sizes=\"auto, (max-width: 625px) 100vw, 625px\" \/><\/a><p id=\"caption-attachment-4656\" class=\"wp-caption-text\">Keisarinviitta 2.7.2020.<\/p><\/div>\n<\/div>\n<div class=\"kuvat\">\n<div id=\"attachment_3491\" style=\"width: 635px\" class=\"wp-caption alignnone\"><a href=\"http:\/\/www.laurapennanen.fi\/wp-content\/uploads\/2019\/08\/Kangassinisiipinaaras.jpg\"><img loading=\"lazy\" decoding=\"async\" aria-describedby=\"caption-attachment-3491\" class=\"wp-image-3491 size-large\" src=\"http:\/\/www.laurapennanen.fi\/wp-content\/uploads\/2019\/08\/Kangassinisiipinaaras-1024x766.jpg\" alt=\"\" width=\"625\" height=\"468\" srcset=\"https:\/\/www.laurapennanen.fi\/wp-content\/uploads\/2019\/08\/Kangassinisiipinaaras-1024x766.jpg 1024w, https:\/\/www.laurapennanen.fi\/wp-content\/uploads\/2019\/08\/Kangassinisiipinaaras-300x224.jpg 300w, https:\/\/www.laurapennanen.fi\/wp-content\/uploads\/2019\/08\/Kangassinisiipinaaras-768x575.jpg 768w, https:\/\/www.laurapennanen.fi\/wp-content\/uploads\/2019\/08\/Kangassinisiipinaaras-624x467.jpg 624w, https:\/\/www.laurapennanen.fi\/wp-content\/uploads\/2019\/08\/Kangassinisiipinaaras.jpg 1715w\" sizes=\"auto, (max-width: 625px) 100vw, 625px\" \/><\/a><p id=\"caption-attachment-3491\" class=\"wp-caption-text\">Kangassinisiipinaaras loppukes\u00e4n lennolla 13.8.2019.<\/p><\/div>\n<\/div>\n<div class=\"kuvat\">\n<div id=\"attachment_4195\" style=\"width: 635px\" class=\"wp-caption alignnone\"><a href=\"http:\/\/www.laurapennanen.fi\/wp-content\/uploads\/2020\/02\/Y\u00f6perhonen-p\u00e4iv\u00e4ll\u00e4.jpg\"><img loading=\"lazy\" decoding=\"async\" aria-describedby=\"caption-attachment-4195\" class=\"wp-image-4195 size-large\" src=\"http:\/\/www.laurapennanen.fi\/wp-content\/uploads\/2020\/02\/Y\u00f6perhonen-p\u00e4iv\u00e4ll\u00e4-1024x769.jpg\" alt=\"\" width=\"625\" height=\"469\" srcset=\"https:\/\/www.laurapennanen.fi\/wp-content\/uploads\/2020\/02\/Y\u00f6perhonen-p\u00e4iv\u00e4ll\u00e4-1024x769.jpg 1024w, https:\/\/www.laurapennanen.fi\/wp-content\/uploads\/2020\/02\/Y\u00f6perhonen-p\u00e4iv\u00e4ll\u00e4-300x225.jpg 300w, https:\/\/www.laurapennanen.fi\/wp-content\/uploads\/2020\/02\/Y\u00f6perhonen-p\u00e4iv\u00e4ll\u00e4-768x577.jpg 768w, https:\/\/www.laurapennanen.fi\/wp-content\/uploads\/2020\/02\/Y\u00f6perhonen-p\u00e4iv\u00e4ll\u00e4-1536x1154.jpg 1536w, https:\/\/www.laurapennanen.fi\/wp-content\/uploads\/2020\/02\/Y\u00f6perhonen-p\u00e4iv\u00e4ll\u00e4-624x469.jpg 624w, https:\/\/www.laurapennanen.fi\/wp-content\/uploads\/2020\/02\/Y\u00f6perhonen-p\u00e4iv\u00e4ll\u00e4.jpg 1792w\" sizes=\"auto, (max-width: 625px) 100vw, 625px\" \/><\/a><p id=\"caption-attachment-4195\" class=\"wp-caption-text\">Y\u00f6perhonen p\u00e4iv\u00e4ll\u00e4 7.6.2019.<\/p><\/div>\n<\/div>\n<div class=\"kuvat\">\n<div id=\"attachment_2864\" style=\"width: 635px\" class=\"wp-caption alignnone\"><a href=\"http:\/\/www.laurapennanen.fi\/wp-content\/uploads\/2019\/05\/Lanttuperhonen.jpg\"><img loading=\"lazy\" decoding=\"async\" aria-describedby=\"caption-attachment-2864\" class=\"wp-image-2864 size-large\" src=\"http:\/\/www.laurapennanen.fi\/wp-content\/uploads\/2019\/05\/Lanttuperhonen-1024x767.jpg\" alt=\"\" width=\"625\" height=\"468\" srcset=\"https:\/\/www.laurapennanen.fi\/wp-content\/uploads\/2019\/05\/Lanttuperhonen-1024x767.jpg 1024w, https:\/\/www.laurapennanen.fi\/wp-content\/uploads\/2019\/05\/Lanttuperhonen-300x225.jpg 300w, https:\/\/www.laurapennanen.fi\/wp-content\/uploads\/2019\/05\/Lanttuperhonen-768x575.jpg 768w, https:\/\/www.laurapennanen.fi\/wp-content\/uploads\/2019\/05\/Lanttuperhonen-624x467.jpg 624w\" sizes=\"auto, (max-width: 625px) 100vw, 625px\" \/><\/a><p id=\"caption-attachment-2864\" class=\"wp-caption-text\">Lanttuperhonen 30.5.2019.<\/p><\/div>\n<\/div>\n<div class=\"kuvat\">\n<div id=\"attachment_2447\" style=\"width: 310px\" class=\"wp-caption alignnone\"><a href=\"http:\/\/www.laurapennanen.fi\/wp-content\/uploads\/2019\/04\/Suruvaippa-kev\u00e4\u00e4ll\u00e4.jpg\"><img loading=\"lazy\" decoding=\"async\" aria-describedby=\"caption-attachment-2447\" class=\"wp-image-2447\" src=\"http:\/\/www.laurapennanen.fi\/wp-content\/uploads\/2019\/04\/Suruvaippa-kev\u00e4\u00e4ll\u00e4-1024x768.jpg\" alt=\"\" width=\"300\" height=\"225\" srcset=\"https:\/\/www.laurapennanen.fi\/wp-content\/uploads\/2019\/04\/Suruvaippa-kev\u00e4\u00e4ll\u00e4-1024x768.jpg 1024w, https:\/\/www.laurapennanen.fi\/wp-content\/uploads\/2019\/04\/Suruvaippa-kev\u00e4\u00e4ll\u00e4-300x225.jpg 300w, https:\/\/www.laurapennanen.fi\/wp-content\/uploads\/2019\/04\/Suruvaippa-kev\u00e4\u00e4ll\u00e4-768x576.jpg 768w, https:\/\/www.laurapennanen.fi\/wp-content\/uploads\/2019\/04\/Suruvaippa-kev\u00e4\u00e4ll\u00e4-624x468.jpg 624w, https:\/\/www.laurapennanen.fi\/wp-content\/uploads\/2019\/04\/Suruvaippa-kev\u00e4\u00e4ll\u00e4.jpg 2000w\" sizes=\"auto, (max-width: 300px) 100vw, 300px\" \/><\/a><p id=\"caption-attachment-2447\" class=\"wp-caption-text\">Kev\u00e4inen suruvaippa 28.4.2019.<\/p><\/div>\n<\/div>\n<div class=\"kuvat\">\n<div id=\"attachment_521\" style=\"width: 310px\" class=\"wp-caption alignnone\"><a href=\"http:\/\/www.laurapennanen.fi\/wp-content\/uploads\/2018\/10\/Amiraali.jpg\"><img loading=\"lazy\" decoding=\"async\" aria-describedby=\"caption-attachment-521\" class=\"wp-image-521\" src=\"http:\/\/www.laurapennanen.fi\/wp-content\/uploads\/2018\/10\/Amiraali-1024x768.jpg\" alt=\"\" width=\"300\" height=\"225\" srcset=\"https:\/\/www.laurapennanen.fi\/wp-content\/uploads\/2018\/10\/Amiraali-1024x768.jpg 1024w, https:\/\/www.laurapennanen.fi\/wp-content\/uploads\/2018\/10\/Amiraali-300x225.jpg 300w, https:\/\/www.laurapennanen.fi\/wp-content\/uploads\/2018\/10\/Amiraali-768x576.jpg 768w, https:\/\/www.laurapennanen.fi\/wp-content\/uploads\/2018\/10\/Amiraali-624x468.jpg 624w, https:\/\/www.laurapennanen.fi\/wp-content\/uploads\/2018\/10\/Amiraali.jpg 2000w\" sizes=\"auto, (max-width: 300px) 100vw, 300px\" \/><\/a><p id=\"caption-attachment-521\" class=\"wp-caption-text\">Amiraali Kuutsalossa 27.6.2018.<\/p><\/div>\n<\/div>\n<div class=\"kuvat\">\n<div id=\"attachment_1551\" style=\"width: 310px\" class=\"wp-caption alignnone\"><a href=\"http:\/\/www.laurapennanen.fi\/wp-content\/uploads\/2019\/02\/Y\u00f6perhonen-2.jpg\"><img loading=\"lazy\" decoding=\"async\" aria-describedby=\"caption-attachment-1551\" class=\"wp-image-1551\" src=\"http:\/\/www.laurapennanen.fi\/wp-content\/uploads\/2019\/02\/Y\u00f6perhonen-2-1024x769.jpg\" alt=\"\" width=\"300\" height=\"225\" srcset=\"https:\/\/www.laurapennanen.fi\/wp-content\/uploads\/2019\/02\/Y\u00f6perhonen-2-1024x769.jpg 1024w, https:\/\/www.laurapennanen.fi\/wp-content\/uploads\/2019\/02\/Y\u00f6perhonen-2-300x225.jpg 300w, https:\/\/www.laurapennanen.fi\/wp-content\/uploads\/2019\/02\/Y\u00f6perhonen-2-768x577.jpg 768w, https:\/\/www.laurapennanen.fi\/wp-content\/uploads\/2019\/02\/Y\u00f6perhonen-2-624x469.jpg 624w, https:\/\/www.laurapennanen.fi\/wp-content\/uploads\/2019\/02\/Y\u00f6perhonen-2.jpg 1490w\" sizes=\"auto, (max-width: 300px) 100vw, 300px\" \/><\/a><p id=\"caption-attachment-1551\" class=\"wp-caption-text\">Y\u00f6perhonen huilimassa verannan verkossa 3.6.2018.<\/p><\/div>\n<\/div>\n<div class=\"kuvat\">\n<div id=\"attachment_1133\" style=\"width: 310px\" class=\"wp-caption alignnone\"><a href=\"http:\/\/www.laurapennanen.fi\/wp-content\/uploads\/2018\/12\/Sinisiipi.jpg\"><img loading=\"lazy\" decoding=\"async\" aria-describedby=\"caption-attachment-1133\" class=\"wp-image-1133\" src=\"http:\/\/www.laurapennanen.fi\/wp-content\/uploads\/2018\/12\/Sinisiipi-1024x683.jpg\" alt=\"\" width=\"300\" height=\"200\" srcset=\"https:\/\/www.laurapennanen.fi\/wp-content\/uploads\/2018\/12\/Sinisiipi-1024x683.jpg 1024w, https:\/\/www.laurapennanen.fi\/wp-content\/uploads\/2018\/12\/Sinisiipi-300x200.jpg 300w, https:\/\/www.laurapennanen.fi\/wp-content\/uploads\/2018\/12\/Sinisiipi-768x512.jpg 768w, https:\/\/www.laurapennanen.fi\/wp-content\/uploads\/2018\/12\/Sinisiipi-624x416.jpg 624w, https:\/\/www.laurapennanen.fi\/wp-content\/uploads\/2018\/12\/Sinisiipi.jpg 1357w\" sizes=\"auto, (max-width: 300px) 100vw, 300px\" \/><\/a><p id=\"caption-attachment-1133\" class=\"wp-caption-text\">Kaunis sinisiipi lev\u00e4hti kuvauksen ajan hiekalla 28.7.2017.<\/p><\/div>\n<\/div>\n<div class=\"kuvat\">\n<div id=\"attachment_1134\" style=\"width: 310px\" class=\"wp-caption alignnone\"><a href=\"http:\/\/www.laurapennanen.fi\/wp-content\/uploads\/2018\/12\/Y\u00f6perhonen.jpg\"><img loading=\"lazy\" decoding=\"async\" aria-describedby=\"caption-attachment-1134\" class=\"wp-image-1134\" src=\"http:\/\/www.laurapennanen.fi\/wp-content\/uploads\/2018\/12\/Y\u00f6perhonen-1024x683.jpg\" alt=\"\" width=\"300\" height=\"200\" srcset=\"https:\/\/www.laurapennanen.fi\/wp-content\/uploads\/2018\/12\/Y\u00f6perhonen-1024x683.jpg 1024w, https:\/\/www.laurapennanen.fi\/wp-content\/uploads\/2018\/12\/Y\u00f6perhonen-300x200.jpg 300w, https:\/\/www.laurapennanen.fi\/wp-content\/uploads\/2018\/12\/Y\u00f6perhonen-768x512.jpg 768w, https:\/\/www.laurapennanen.fi\/wp-content\/uploads\/2018\/12\/Y\u00f6perhonen-624x416.jpg 624w, https:\/\/www.laurapennanen.fi\/wp-content\/uploads\/2018\/12\/Y\u00f6perhonen.jpg 1511w\" sizes=\"auto, (max-width: 300px) 100vw, 300px\" \/><\/a><p id=\"caption-attachment-1134\" class=\"wp-caption-text\">Y\u00f6perhonen p\u00e4iv\u00e4lennolla Kuutsalossa 21.7.2017.<\/p><\/div>\n<\/div>\n<div class=\"kuvat\">\n<div id=\"attachment_1125\" style=\"width: 310px\" class=\"wp-caption alignnone\"><a href=\"http:\/\/www.laurapennanen.fi\/wp-content\/uploads\/2018\/12\/Tesmaperhonen.jpg\"><img loading=\"lazy\" decoding=\"async\" aria-describedby=\"caption-attachment-1125\" class=\"wp-image-1125\" src=\"http:\/\/www.laurapennanen.fi\/wp-content\/uploads\/2018\/12\/Tesmaperhonen-1024x683.jpg\" alt=\"\" width=\"300\" height=\"200\" srcset=\"https:\/\/www.laurapennanen.fi\/wp-content\/uploads\/2018\/12\/Tesmaperhonen-1024x683.jpg 1024w, https:\/\/www.laurapennanen.fi\/wp-content\/uploads\/2018\/12\/Tesmaperhonen-300x200.jpg 300w, https:\/\/www.laurapennanen.fi\/wp-content\/uploads\/2018\/12\/Tesmaperhonen-768x512.jpg 768w, https:\/\/www.laurapennanen.fi\/wp-content\/uploads\/2018\/12\/Tesmaperhonen-624x416.jpg 624w\" sizes=\"auto, (max-width: 300px) 100vw, 300px\" \/><\/a><p id=\"caption-attachment-1125\" class=\"wp-caption-text\">Tesmaperhonen keskikes\u00e4n l\u00e4mm\u00f6ss\u00e4 Kuutsalossa 14.7.2017.<\/p><\/div>\n<\/div>\n<div class=\"kuvat\">\n<div id=\"attachment_878\" style=\"width: 310px\" class=\"wp-caption alignnone\"><a href=\"http:\/\/www.laurapennanen.fi\/wp-content\/uploads\/2018\/11\/Kangasperhonen.jpg\"><img loading=\"lazy\" decoding=\"async\" aria-describedby=\"caption-attachment-878\" class=\"wp-image-878\" src=\"http:\/\/www.laurapennanen.fi\/wp-content\/uploads\/2018\/11\/Kangasperhonen-1024x768.jpg\" alt=\"\" width=\"300\" height=\"225\" srcset=\"https:\/\/www.laurapennanen.fi\/wp-content\/uploads\/2018\/11\/Kangasperhonen-1024x768.jpg 1024w, https:\/\/www.laurapennanen.fi\/wp-content\/uploads\/2018\/11\/Kangasperhonen-300x225.jpg 300w, https:\/\/www.laurapennanen.fi\/wp-content\/uploads\/2018\/11\/Kangasperhonen-768x576.jpg 768w, https:\/\/www.laurapennanen.fi\/wp-content\/uploads\/2018\/11\/Kangasperhonen-624x468.jpg 624w, https:\/\/www.laurapennanen.fi\/wp-content\/uploads\/2018\/11\/Kangasperhonen.jpg 1600w\" sizes=\"auto, (max-width: 300px) 100vw, 300px\" \/><\/a><p id=\"caption-attachment-878\" class=\"wp-caption-text\">Kangasperhonen l\u00e4mmittelee kev\u00e4tauringon paisteessa Kuutsalossa 15.5.2017.<\/p><\/div>\n<\/div>\n<div class=\"kuvat\">\n<div id=\"attachment_2694\" style=\"width: 635px\" class=\"wp-caption alignnone\"><a href=\"http:\/\/www.laurapennanen.fi\/wp-content\/uploads\/2019\/05\/Perhosentoukka.jpg\"><img loading=\"lazy\" decoding=\"async\" aria-describedby=\"caption-attachment-2694\" class=\"wp-image-2694 size-large\" src=\"http:\/\/www.laurapennanen.fi\/wp-content\/uploads\/2019\/05\/Perhosentoukka-1024x774.jpg\" alt=\"\" width=\"625\" height=\"472\" srcset=\"https:\/\/www.laurapennanen.fi\/wp-content\/uploads\/2019\/05\/Perhosentoukka-1024x774.jpg 1024w, https:\/\/www.laurapennanen.fi\/wp-content\/uploads\/2019\/05\/Perhosentoukka-300x227.jpg 300w, https:\/\/www.laurapennanen.fi\/wp-content\/uploads\/2019\/05\/Perhosentoukka-768x580.jpg 768w, https:\/\/www.laurapennanen.fi\/wp-content\/uploads\/2019\/05\/Perhosentoukka-624x472.jpg 624w\" sizes=\"auto, (max-width: 625px) 100vw, 625px\" \/><\/a><p id=\"caption-attachment-2694\" class=\"wp-caption-text\">Perhosentoukka 15.5.2017.<\/p><\/div>\n<\/div>\n<div class=\"kuvat\">\n<div id=\"attachment_983\" style=\"width: 310px\" class=\"wp-caption alignnone\"><a href=\"http:\/\/www.laurapennanen.fi\/wp-content\/uploads\/2018\/12\/Haapaperhonen.jpg\"><img loading=\"lazy\" decoding=\"async\" aria-describedby=\"caption-attachment-983\" class=\"wp-image-983\" src=\"http:\/\/www.laurapennanen.fi\/wp-content\/uploads\/2018\/12\/Haapaperhonen-1024x768.jpg\" alt=\"\" width=\"300\" height=\"225\" srcset=\"https:\/\/www.laurapennanen.fi\/wp-content\/uploads\/2018\/12\/Haapaperhonen-1024x768.jpg 1024w, https:\/\/www.laurapennanen.fi\/wp-content\/uploads\/2018\/12\/Haapaperhonen-300x225.jpg 300w, https:\/\/www.laurapennanen.fi\/wp-content\/uploads\/2018\/12\/Haapaperhonen-768x576.jpg 768w, https:\/\/www.laurapennanen.fi\/wp-content\/uploads\/2018\/12\/Haapaperhonen-624x468.jpg 624w, https:\/\/www.laurapennanen.fi\/wp-content\/uploads\/2018\/12\/Haapaperhonen.jpg 1600w\" sizes=\"auto, (max-width: 300px) 100vw, 300px\" \/><\/a><p id=\"caption-attachment-983\" class=\"wp-caption-text\">Haapaperhonen Kuutsalossa 20.6.2016.<\/p><\/div>\n<\/div>\n<div class=\"kuvat\">\n<div id=\"attachment_1009\" style=\"width: 310px\" class=\"wp-caption alignnone\"><a href=\"http:\/\/www.laurapennanen.fi\/wp-content\/uploads\/2018\/12\/Neitoperhonen.221.jpg\"><img loading=\"lazy\" decoding=\"async\" aria-describedby=\"caption-attachment-1009\" class=\"wp-image-1009\" src=\"http:\/\/www.laurapennanen.fi\/wp-content\/uploads\/2018\/12\/Neitoperhonen.221-1024x768.jpg\" alt=\"\" width=\"300\" height=\"225\" srcset=\"https:\/\/www.laurapennanen.fi\/wp-content\/uploads\/2018\/12\/Neitoperhonen.221-1024x768.jpg 1024w, https:\/\/www.laurapennanen.fi\/wp-content\/uploads\/2018\/12\/Neitoperhonen.221-300x225.jpg 300w, https:\/\/www.laurapennanen.fi\/wp-content\/uploads\/2018\/12\/Neitoperhonen.221-768x576.jpg 768w, https:\/\/www.laurapennanen.fi\/wp-content\/uploads\/2018\/12\/Neitoperhonen.221-624x468.jpg 624w, https:\/\/www.laurapennanen.fi\/wp-content\/uploads\/2018\/12\/Neitoperhonen.221.jpg 1843w\" sizes=\"auto, (max-width: 300px) 100vw, 300px\" \/><\/a><p id=\"caption-attachment-1009\" class=\"wp-caption-text\">Neitoperhonen kev\u00e4isess\u00e4 Kuutsalossa 3.5.2016.<\/p><\/div>\n<\/div>\n<p><a href=\"http:\/\/www.laurapennanen.fi\/?page_id=107\">\u21d0 Palaa luonto-sivulle<\/a><\/p>\n","protected":false},"excerpt":{"rendered":"<p>\u21d0 Palaa luonto-sivulle<\/p>\n","protected":false},"author":1,"featured_media":0,"parent":107,"menu_order":0,"comment_status":"closed","ping_status":"closed","template":"page-templates\/full-width.php","meta":{"footnotes":""},"class_list":["post-1152","page","type-page","status-publish","hentry"],"_links":{"self":[{"href":"https:\/\/www.laurapennanen.fi\/index.php?rest_route=\/wp\/v2\/pages\/1152","targetHints":{"allow":["GET"]}}],"collection":[{"href":"https:\/\/www.laurapennanen.fi\/index.php?rest_route=\/wp\/v2\/pages"}],"about":[{"href":"https:\/\/www.laurapennanen.fi\/index.php?rest_route=\/wp\/v2\/types\/page"}],"author":[{"embeddable":true,"href":"https:\/\/www.laurapennanen.fi\/index.php?rest_route=\/wp\/v2\/users\/1"}],"replies":[{"embeddable":true,"href":"https:\/\/www.laurapennanen.fi\/index.php?rest_route=%2Fwp%2Fv2%2Fcomments&post=1152"}],"version-history":[{"count":16,"href":"https:\/\/www.laurapennanen.fi\/index.php?rest_route=\/wp\/v2\/pages\/1152\/revisions"}],"predecessor-version":[{"id":4693,"href":"https:\/\/www.laurapennanen.fi\/index.php?rest_route=\/wp\/v2\/pages\/1152\/revisions\/4693"}],"up":[{"embeddable":true,"href":"https:\/\/www.laurapennanen.fi\/index.php?rest_route=\/wp\/v2\/pages\/107"}],"wp:attachment":[{"href":"https:\/\/www.laurapennanen.fi\/index.php?rest_route=%2Fwp%2Fv2%2Fmedia&parent=1152"}],"curies":[{"name":"wp","href":"https:\/\/api.w.org\/{rel}","templated":true}]}}