{"id":1261,"date":"2019-01-08T19:14:58","date_gmt":"2019-01-08T17:14:58","guid":{"rendered":"http:\/\/www.laurapennanen.fi\/?page_id=1261"},"modified":"2020-01-22T18:58:16","modified_gmt":"2020-01-22T16:58:16","slug":"viima","status":"publish","type":"page","link":"https:\/\/www.laurapennanen.fi\/?page_id=1261","title":{"rendered":"Viima"},"content":{"rendered":"<div id=\"attachment_263\" style=\"width: 326px\" class=\"wp-caption alignnone\"><a href=\"http:\/\/www.laurapennanen.fi\/wp-content\/uploads\/2018\/10\/Viima-2015-02.12.-12.40.51.jpg\"><img loading=\"lazy\" decoding=\"async\" aria-describedby=\"caption-attachment-263\" class=\"wp-image-263\" src=\"http:\/\/www.laurapennanen.fi\/wp-content\/uploads\/2018\/10\/Viima-2015-02.12.-12.40.51-647x1024.jpg\" alt=\"\" width=\"316\" height=\"500\" srcset=\"https:\/\/www.laurapennanen.fi\/wp-content\/uploads\/2018\/10\/Viima-2015-02.12.-12.40.51-647x1024.jpg 647w, https:\/\/www.laurapennanen.fi\/wp-content\/uploads\/2018\/10\/Viima-2015-02.12.-12.40.51-189x300.jpg 189w, https:\/\/www.laurapennanen.fi\/wp-content\/uploads\/2018\/10\/Viima-2015-02.12.-12.40.51-624x988.jpg 624w, https:\/\/www.laurapennanen.fi\/wp-content\/uploads\/2018\/10\/Viima-2015-02.12.-12.40.51.jpg 703w\" sizes=\"auto, (max-width: 316px) 100vw, 316px\" \/><\/a><p id=\"caption-attachment-263\" class=\"wp-caption-text\">Arctic Soul Viima &#8216;Viima&#8217; 23.9.2004 &#8211; 5.6.2015<\/p><\/div>\n<p>Viima oli ensimm\u00e4inen huskyni. Se tuli minulle luovutusik\u00e4isen\u00e4 pentuna ja mik\u00e4 koira siit\u00e4 lopulta kasvoikaan! Suuri syd\u00e4melt\u00e4\u00e4n, kooltaan ja luonteeltaan \ud83d\ude42<\/p>\n<div class=\"kuvat\">\n<div id=\"attachment_4160\" style=\"width: 635px\" class=\"wp-caption alignnone\"><a href=\"http:\/\/www.laurapennanen.fi\/wp-content\/uploads\/2020\/01\/Viiman-pusu-ja-Tuisku.jpg\"><img loading=\"lazy\" decoding=\"async\" aria-describedby=\"caption-attachment-4160\" class=\"wp-image-4160 size-large\" src=\"http:\/\/www.laurapennanen.fi\/wp-content\/uploads\/2020\/01\/Viiman-pusu-ja-Tuisku-1024x768.jpg\" alt=\"\" width=\"625\" height=\"469\" srcset=\"https:\/\/www.laurapennanen.fi\/wp-content\/uploads\/2020\/01\/Viiman-pusu-ja-Tuisku-1024x768.jpg 1024w, https:\/\/www.laurapennanen.fi\/wp-content\/uploads\/2020\/01\/Viiman-pusu-ja-Tuisku-300x225.jpg 300w, https:\/\/www.laurapennanen.fi\/wp-content\/uploads\/2020\/01\/Viiman-pusu-ja-Tuisku-768x576.jpg 768w, https:\/\/www.laurapennanen.fi\/wp-content\/uploads\/2020\/01\/Viiman-pusu-ja-Tuisku-1536x1152.jpg 1536w, https:\/\/www.laurapennanen.fi\/wp-content\/uploads\/2020\/01\/Viiman-pusu-ja-Tuisku-624x468.jpg 624w, https:\/\/www.laurapennanen.fi\/wp-content\/uploads\/2020\/01\/Viiman-pusu-ja-Tuisku.jpg 1824w\" sizes=\"auto, (max-width: 625px) 100vw, 625px\" \/><\/a><p id=\"caption-attachment-4160\" class=\"wp-caption-text\">Viima, Tuisku ja mie Kymin lentokent\u00e4ll\u00e4 23.2.2015. Viima ja Tuisku olivat mun ensimm\u00e4inen ja kolmas huskyni.<\/p><\/div>\n<\/div>\n<p><a href=\"http:\/\/www.laurapennanen.fi\/?page_id=86#Meid\u00e4n lauma\">\u21d0 Palaa koirat-sivulle<\/a><\/p>\n","protected":false},"excerpt":{"rendered":"<p>Viima oli ensimm\u00e4inen huskyni. Se tuli minulle luovutusik\u00e4isen\u00e4 pentuna ja mik\u00e4 koira siit\u00e4 lopulta kasvoikaan! Suuri syd\u00e4melt\u00e4\u00e4n, kooltaan ja luonteeltaan \ud83d\ude42 \u21d0 Palaa koirat-sivulle<\/p>\n","protected":false},"author":1,"featured_media":0,"parent":86,"menu_order":0,"comment_status":"closed","ping_status":"closed","template":"page-templates\/full-width.php","meta":{"footnotes":""},"class_list":["post-1261","page","type-page","status-publish","hentry"],"_links":{"self":[{"href":"https:\/\/www.laurapennanen.fi\/index.php?rest_route=\/wp\/v2\/pages\/1261","targetHints":{"allow":["GET"]}}],"collection":[{"href":"https:\/\/www.laurapennanen.fi\/index.php?rest_route=\/wp\/v2\/pages"}],"about":[{"href":"https:\/\/www.laurapennanen.fi\/index.php?rest_route=\/wp\/v2\/types\/page"}],"author":[{"embeddable":true,"href":"https:\/\/www.laurapennanen.fi\/index.php?rest_route=\/wp\/v2\/users\/1"}],"replies":[{"embeddable":true,"href":"https:\/\/www.laurapennanen.fi\/index.php?rest_route=%2Fwp%2Fv2%2Fcomments&post=1261"}],"version-history":[{"count":4,"href":"https:\/\/www.laurapennanen.fi\/index.php?rest_route=\/wp\/v2\/pages\/1261\/revisions"}],"predecessor-version":[{"id":4161,"href":"https:\/\/www.laurapennanen.fi\/index.php?rest_route=\/wp\/v2\/pages\/1261\/revisions\/4161"}],"up":[{"embeddable":true,"href":"https:\/\/www.laurapennanen.fi\/index.php?rest_route=\/wp\/v2\/pages\/86"}],"wp:attachment":[{"href":"https:\/\/www.laurapennanen.fi\/index.php?rest_route=%2Fwp%2Fv2%2Fmedia&parent=1261"}],"curies":[{"name":"wp","href":"https:\/\/api.w.org\/{rel}","templated":true}]}}