{"id":1264,"date":"2019-01-08T19:16:12","date_gmt":"2019-01-08T17:16:12","guid":{"rendered":"http:\/\/www.laurapennanen.fi\/?page_id=1264"},"modified":"2019-05-30T08:51:52","modified_gmt":"2019-05-30T06:51:52","slug":"pyry","status":"publish","type":"page","link":"https:\/\/www.laurapennanen.fi\/?page_id=1264","title":{"rendered":"Pyry"},"content":{"rendered":"<div id=\"attachment_698\" style=\"width: 510px\" class=\"wp-caption alignnone\"><a href=\"http:\/\/www.laurapennanen.fi\/wp-content\/uploads\/2018\/11\/Pyry-enkelikoira-22.10.2013.jpg\"><img loading=\"lazy\" decoding=\"async\" aria-describedby=\"caption-attachment-698\" class=\"wp-image-698\" src=\"http:\/\/www.laurapennanen.fi\/wp-content\/uploads\/2018\/11\/Pyry-enkelikoira-22.10.2013.jpg\" alt=\"\" width=\"500\" height=\"362\" srcset=\"https:\/\/www.laurapennanen.fi\/wp-content\/uploads\/2018\/11\/Pyry-enkelikoira-22.10.2013.jpg 889w, https:\/\/www.laurapennanen.fi\/wp-content\/uploads\/2018\/11\/Pyry-enkelikoira-22.10.2013-300x217.jpg 300w, https:\/\/www.laurapennanen.fi\/wp-content\/uploads\/2018\/11\/Pyry-enkelikoira-22.10.2013-768x555.jpg 768w, https:\/\/www.laurapennanen.fi\/wp-content\/uploads\/2018\/11\/Pyry-enkelikoira-22.10.2013-624x451.jpg 624w\" sizes=\"auto, (max-width: 500px) 100vw, 500px\" \/><\/a><p id=\"caption-attachment-698\" class=\"wp-caption-text\">Arctic Soul Whisky &#8216;Pyry&#8217; (etualalla) 20.3.2005 &#8211; 11.6.2014. Pyryn vieress\u00e4 Viima.<\/p><\/div>\n<p>Pyry oli aina iloinen ja eritt\u00e4in kiltti uros. Se oli toinen huskyni ja tuli puoli vuotta Viiman j\u00e4lkeen. Kolmikko Viima, Pyry ja Tuisku olivat erottamattomat. Pyryll\u00e4 oli erinomainen ty\u00f6moraali ja vahvana uroksena se oli oiva py\u00f6r\u00e4parin koira. Pyry tykk\u00e4si eritoten ukonilmoista ja katseli kivelt\u00e4 aina, kun salamat v\u00e4l\u00e4hteliv\u00e4t. Se my\u00f6s rakasti kissoja, vaikkakaan ei hirve\u00e4sti saanut vastarakkautta niilt\u00e4.<br \/>\nPyry kuoli vatsalaukun kiertym\u00e4\u00e4n keskell\u00e4 kauneinta kes\u00e4\u00e4. Menetys oli Viimalle ja Tuiskulle todella suuri ja ne surivat yst\u00e4v\u00e4\u00e4ns\u00e4 pitk\u00e4\u00e4n.<\/p>\n<p><a href=\"http:\/\/www.laurapennanen.fi\/?page_id=86#Meid\u00e4n lauma\">\u21d0 Palaa koirat-sivulle<\/a><\/p>\n","protected":false},"excerpt":{"rendered":"<p>Pyry oli aina iloinen ja eritt\u00e4in kiltti uros. Se oli toinen huskyni ja tuli puoli vuotta Viiman j\u00e4lkeen. Kolmikko Viima, Pyry ja Tuisku olivat erottamattomat. Pyryll\u00e4 oli erinomainen ty\u00f6moraali ja vahvana uroksena se oli oiva py\u00f6r\u00e4parin koira. Pyry tykk\u00e4si eritoten ukonilmoista ja katseli kivelt\u00e4 aina, kun salamat v\u00e4l\u00e4hteliv\u00e4t. Se my\u00f6s rakasti kissoja, vaikkakaan ei hirve\u00e4sti [&hellip;]<\/p>\n","protected":false},"author":1,"featured_media":0,"parent":86,"menu_order":0,"comment_status":"closed","ping_status":"closed","template":"page-templates\/full-width.php","meta":{"footnotes":""},"class_list":["post-1264","page","type-page","status-publish","hentry"],"_links":{"self":[{"href":"https:\/\/www.laurapennanen.fi\/index.php?rest_route=\/wp\/v2\/pages\/1264","targetHints":{"allow":["GET"]}}],"collection":[{"href":"https:\/\/www.laurapennanen.fi\/index.php?rest_route=\/wp\/v2\/pages"}],"about":[{"href":"https:\/\/www.laurapennanen.fi\/index.php?rest_route=\/wp\/v2\/types\/page"}],"author":[{"embeddable":true,"href":"https:\/\/www.laurapennanen.fi\/index.php?rest_route=\/wp\/v2\/users\/1"}],"replies":[{"embeddable":true,"href":"https:\/\/www.laurapennanen.fi\/index.php?rest_route=%2Fwp%2Fv2%2Fcomments&post=1264"}],"version-history":[{"count":3,"href":"https:\/\/www.laurapennanen.fi\/index.php?rest_route=\/wp\/v2\/pages\/1264\/revisions"}],"predecessor-version":[{"id":2849,"href":"https:\/\/www.laurapennanen.fi\/index.php?rest_route=\/wp\/v2\/pages\/1264\/revisions\/2849"}],"up":[{"embeddable":true,"href":"https:\/\/www.laurapennanen.fi\/index.php?rest_route=\/wp\/v2\/pages\/86"}],"wp:attachment":[{"href":"https:\/\/www.laurapennanen.fi\/index.php?rest_route=%2Fwp%2Fv2%2Fmedia&parent=1264"}],"curies":[{"name":"wp","href":"https:\/\/api.w.org\/{rel}","templated":true}]}}