{"id":142,"date":"2018-10-09T21:37:52","date_gmt":"2018-10-09T19:37:52","guid":{"rendered":"http:\/\/www.laurapennanen.fi\/?page_id=142"},"modified":"2024-01-21T17:43:56","modified_gmt":"2024-01-21T15:43:56","slug":"lumi","status":"publish","type":"page","link":"https:\/\/www.laurapennanen.fi\/?page_id=142","title":{"rendered":"Lumi"},"content":{"rendered":"<div class=\"kuvat\">\n<p><a href=\"http:\/\/www.laurapennanen.fi\/wp-content\/uploads\/2018\/10\/Lumi-2016-02.06.-11.08.43.jpg\"><img loading=\"lazy\" decoding=\"async\" class=\"alignnone wp-image-200\" src=\"http:\/\/www.laurapennanen.fi\/wp-content\/uploads\/2018\/10\/Lumi-2016-02.06.-11.08.43-1024x803.jpg\" alt=\"\" width=\"383\" height=\"300\" srcset=\"https:\/\/www.laurapennanen.fi\/wp-content\/uploads\/2018\/10\/Lumi-2016-02.06.-11.08.43-1024x803.jpg 1024w, https:\/\/www.laurapennanen.fi\/wp-content\/uploads\/2018\/10\/Lumi-2016-02.06.-11.08.43-300x235.jpg 300w, https:\/\/www.laurapennanen.fi\/wp-content\/uploads\/2018\/10\/Lumi-2016-02.06.-11.08.43-768x602.jpg 768w, https:\/\/www.laurapennanen.fi\/wp-content\/uploads\/2018\/10\/Lumi-2016-02.06.-11.08.43-624x489.jpg 624w, https:\/\/www.laurapennanen.fi\/wp-content\/uploads\/2018\/10\/Lumi-2016-02.06.-11.08.43.jpg 1439w\" sizes=\"auto, (max-width: 383px) 100vw, 383px\" \/><\/a><\/p>\n<\/div>\n<div class=\"kuvat\">\n<p><a href=\"http:\/\/www.laurapennanen.fi\/wp-content\/uploads\/2018\/10\/Lumi-2018-10.20.-14.46.18.jpg\"><img loading=\"lazy\" decoding=\"async\" class=\"alignnone wp-image-351\" src=\"http:\/\/www.laurapennanen.fi\/wp-content\/uploads\/2018\/10\/Lumi-2018-10.20.-14.46.18-924x1024.jpg\" alt=\"\" width=\"271\" height=\"300\" srcset=\"https:\/\/www.laurapennanen.fi\/wp-content\/uploads\/2018\/10\/Lumi-2018-10.20.-14.46.18-924x1024.jpg 924w, https:\/\/www.laurapennanen.fi\/wp-content\/uploads\/2018\/10\/Lumi-2018-10.20.-14.46.18-271x300.jpg 271w, https:\/\/www.laurapennanen.fi\/wp-content\/uploads\/2018\/10\/Lumi-2018-10.20.-14.46.18-768x851.jpg 768w, https:\/\/www.laurapennanen.fi\/wp-content\/uploads\/2018\/10\/Lumi-2018-10.20.-14.46.18-624x692.jpg 624w, https:\/\/www.laurapennanen.fi\/wp-content\/uploads\/2018\/10\/Lumi-2018-10.20.-14.46.18.jpg 1191w\" sizes=\"auto, (max-width: 271px) 100vw, 271px\" \/><\/a><\/p>\n<\/div>\n<p>Uurto &#8216;Lumi&#8217; s. 30.10.2009 oli <a href=\"http:\/\/www.laurapennanen.fi\/?page_id=132\">M\u00f6rkin<\/a> nelj\u00e4s pentu, ollen uroksista kolmas. Lumi vitivalkoinen, itsen\u00e4inen hurmuri, veljens\u00e4 <a href=\"http:\/\/www.laurapennanen.fi\/?page_id=145\">Keron<\/a> sielunveli. Lumilla oli eritt\u00e4in vahva luonne ja tarhassa muut urokset eiv\u00e4t haastaneet sit\u00e4 milloinkaan. Lumi oli ihmisten kanssa kiltti ja sosiaalinen, joskin touhotti usein omiaan tarhassa. Lumi oli huskylaumani nopein koira, suurikokoinen ja mahdoton tykki valjakon keulassa. L\u00e4hes poikkeuksetta se juoksi johtajana emonsa M\u00f6rkin kanssa. Narttujen kanssa Lumi oli neutraali, kumoon meni siis niin uros- kuin narttupuoliset nuoretkin.<\/p>\n<p>Lumilta kuului pikkupentuna sivu\u00e4\u00e4ni syd\u00e4mest\u00e4, joka tutkittiin heti ja todettiin se onneksi viattomaksi. Lumi sai silloin luvan toimia t\u00e4ysill\u00e4 valjakossa ja poika on lunastanut tuon tohtorin lausahduksen 110 prosenttisesti \ud83d\ude42<\/p>\n<p>Lumin takajalat heikkeniv\u00e4t heti joulunpyhien j\u00e4lkeen 2023. Poika ei pystynyt en\u00e4\u00e4 seisomaan. Ruoka kyll\u00e4 maistui. Seuraavana p\u00e4iv\u00e4n\u00e4 etujalatkin alkoivat heiket\u00e4 ja tiesin, ett\u00e4 oli aika p\u00e4\u00e4st\u00e4\u00e4 suuri johtaja Keron luo taivaaseen. Lumi nukahti samanlailla viekkuuni kuin veljens\u00e4kin 29.12.2023. Miten tyhj\u00e4lt\u00e4 tarha n\u00e4yttik\u00e4\u00e4n. Lumi j\u00e4\u00e4 aina syd\u00e4meeni suurena, ihanana koirana &lt;3<\/p>\n<p>&nbsp;<\/p>\n<div class=\"kuvat\">\n<div id=\"attachment_4175\" style=\"width: 635px\" class=\"wp-caption alignnone\"><a href=\"http:\/\/www.laurapennanen.fi\/wp-content\/uploads\/2020\/01\/Kero-ja-Lumi-lentokent\u00e4ll\u00e4.jpg\"><img loading=\"lazy\" decoding=\"async\" aria-describedby=\"caption-attachment-4175\" class=\"size-large wp-image-4175\" src=\"http:\/\/www.laurapennanen.fi\/wp-content\/uploads\/2020\/01\/Kero-ja-Lumi-lentokent\u00e4ll\u00e4-1024x621.jpg\" alt=\"\" width=\"625\" height=\"379\" srcset=\"https:\/\/www.laurapennanen.fi\/wp-content\/uploads\/2020\/01\/Kero-ja-Lumi-lentokent\u00e4ll\u00e4-1024x621.jpg 1024w, https:\/\/www.laurapennanen.fi\/wp-content\/uploads\/2020\/01\/Kero-ja-Lumi-lentokent\u00e4ll\u00e4-300x182.jpg 300w, https:\/\/www.laurapennanen.fi\/wp-content\/uploads\/2020\/01\/Kero-ja-Lumi-lentokent\u00e4ll\u00e4-768x466.jpg 768w, https:\/\/www.laurapennanen.fi\/wp-content\/uploads\/2020\/01\/Kero-ja-Lumi-lentokent\u00e4ll\u00e4-1536x931.jpg 1536w, https:\/\/www.laurapennanen.fi\/wp-content\/uploads\/2020\/01\/Kero-ja-Lumi-lentokent\u00e4ll\u00e4-624x378.jpg 624w, https:\/\/www.laurapennanen.fi\/wp-content\/uploads\/2020\/01\/Kero-ja-Lumi-lentokent\u00e4ll\u00e4.jpg 1664w\" sizes=\"auto, (max-width: 625px) 100vw, 625px\" \/><\/a><p id=\"caption-attachment-4175\" class=\"wp-caption-text\">Kero ja Lumi Kymin lentokent\u00e4ll\u00e4 16.2.2016.<\/p><\/div>\n<\/div>\n<p><a href=\"http:\/\/www.laurapennanen.fi\/?page_id=86#Meid\u00e4n lauma\">\u21d0 Palaa koirat-sivulle<\/a><\/p>\n","protected":false},"excerpt":{"rendered":"<p>Uurto &#8216;Lumi&#8217; s. 30.10.2009 oli M\u00f6rkin nelj\u00e4s pentu, ollen uroksista kolmas. Lumi vitivalkoinen, itsen\u00e4inen hurmuri, veljens\u00e4 Keron sielunveli. Lumilla oli eritt\u00e4in vahva luonne ja tarhassa muut urokset eiv\u00e4t haastaneet sit\u00e4 milloinkaan. Lumi oli ihmisten kanssa kiltti ja sosiaalinen, joskin touhotti usein omiaan tarhassa. Lumi oli huskylaumani nopein koira, suurikokoinen ja mahdoton tykki valjakon keulassa. L\u00e4hes [&hellip;]<\/p>\n","protected":false},"author":1,"featured_media":0,"parent":86,"menu_order":0,"comment_status":"closed","ping_status":"closed","template":"page-templates\/full-width.php","meta":{"footnotes":""},"class_list":["post-142","page","type-page","status-publish","hentry"],"_links":{"self":[{"href":"https:\/\/www.laurapennanen.fi\/index.php?rest_route=\/wp\/v2\/pages\/142","targetHints":{"allow":["GET"]}}],"collection":[{"href":"https:\/\/www.laurapennanen.fi\/index.php?rest_route=\/wp\/v2\/pages"}],"about":[{"href":"https:\/\/www.laurapennanen.fi\/index.php?rest_route=\/wp\/v2\/types\/page"}],"author":[{"embeddable":true,"href":"https:\/\/www.laurapennanen.fi\/index.php?rest_route=\/wp\/v2\/users\/1"}],"replies":[{"embeddable":true,"href":"https:\/\/www.laurapennanen.fi\/index.php?rest_route=%2Fwp%2Fv2%2Fcomments&post=142"}],"version-history":[{"count":17,"href":"https:\/\/www.laurapennanen.fi\/index.php?rest_route=\/wp\/v2\/pages\/142\/revisions"}],"predecessor-version":[{"id":5739,"href":"https:\/\/www.laurapennanen.fi\/index.php?rest_route=\/wp\/v2\/pages\/142\/revisions\/5739"}],"up":[{"embeddable":true,"href":"https:\/\/www.laurapennanen.fi\/index.php?rest_route=\/wp\/v2\/pages\/86"}],"wp:attachment":[{"href":"https:\/\/www.laurapennanen.fi\/index.php?rest_route=%2Fwp%2Fv2%2Fmedia&parent=142"}],"curies":[{"name":"wp","href":"https:\/\/api.w.org\/{rel}","templated":true}]}}