{"id":145,"date":"2018-10-09T21:38:04","date_gmt":"2018-10-09T19:38:04","guid":{"rendered":"http:\/\/www.laurapennanen.fi\/?page_id=145"},"modified":"2024-01-21T17:39:24","modified_gmt":"2024-01-21T15:39:24","slug":"kero","status":"publish","type":"page","link":"https:\/\/www.laurapennanen.fi\/?page_id=145","title":{"rendered":"Kero"},"content":{"rendered":"<div class=\"kuvat\">\n<p><a href=\"http:\/\/www.laurapennanen.fi\/wp-content\/uploads\/2018\/10\/Kero-2016-02.16.-13.15.40.jpg\"><img loading=\"lazy\" decoding=\"async\" class=\"alignnone wp-image-340\" src=\"http:\/\/www.laurapennanen.fi\/wp-content\/uploads\/2018\/10\/Kero-2016-02.16.-13.15.40-893x1024.jpg\" alt=\"\" width=\"262\" height=\"300\" srcset=\"https:\/\/www.laurapennanen.fi\/wp-content\/uploads\/2018\/10\/Kero-2016-02.16.-13.15.40-893x1024.jpg 893w, https:\/\/www.laurapennanen.fi\/wp-content\/uploads\/2018\/10\/Kero-2016-02.16.-13.15.40-262x300.jpg 262w, https:\/\/www.laurapennanen.fi\/wp-content\/uploads\/2018\/10\/Kero-2016-02.16.-13.15.40-768x880.jpg 768w, https:\/\/www.laurapennanen.fi\/wp-content\/uploads\/2018\/10\/Kero-2016-02.16.-13.15.40-624x715.jpg 624w, https:\/\/www.laurapennanen.fi\/wp-content\/uploads\/2018\/10\/Kero-2016-02.16.-13.15.40.jpg 931w\" sizes=\"auto, (max-width: 262px) 100vw, 262px\" \/><\/a><\/p>\n<\/div>\n<div class=\"kuvat\">\n<p><a href=\"http:\/\/www.laurapennanen.fi\/wp-content\/uploads\/2018\/10\/Kero-2016-02.23.-14.15.43.jpg\"><img loading=\"lazy\" decoding=\"async\" width=\"1024\" height=\"684\" class=\"alignnone wp-image-206\" src=\"http:\/\/www.laurapennanen.fi\/wp-content\/uploads\/2018\/10\/Kero-2016-02.23.-14.15.43-1024x684.jpg\" alt=\"\" srcset=\"https:\/\/www.laurapennanen.fi\/wp-content\/uploads\/2018\/10\/Kero-2016-02.23.-14.15.43-1024x684.jpg 1024w, https:\/\/www.laurapennanen.fi\/wp-content\/uploads\/2018\/10\/Kero-2016-02.23.-14.15.43-300x200.jpg 300w, https:\/\/www.laurapennanen.fi\/wp-content\/uploads\/2018\/10\/Kero-2016-02.23.-14.15.43-768x513.jpg 768w, https:\/\/www.laurapennanen.fi\/wp-content\/uploads\/2018\/10\/Kero-2016-02.23.-14.15.43-624x417.jpg 624w, https:\/\/www.laurapennanen.fi\/wp-content\/uploads\/2018\/10\/Kero-2016-02.23.-14.15.43.jpg 1963w\" sizes=\"auto, (max-width: 1024px) 100vw, 1024px\" \/><\/a><\/p>\n<\/div>\n<p>Kero &#8216;Kero&#8217; s. 30.10.2009 oli <a href=\"http:\/\/www.laurapennanen.fi\/?page_id=132\">M\u00f6rkin<\/a> viides pentu, ollen uroksista nelj\u00e4s. Kero oli vanhoista uroksista pienikokoisin mutta selke\u00e4sti pippurisin. Jos tarhoilta kuului mekkalaa, oli taatusti yksi \u00e4\u00e4nen aiheuttajista Kero. Kerolla oli tiivis suhde veljeens\u00e4 <a href=\"http:\/\/www.laurapennanen.fi\/?page_id=142\">Lumiin<\/a>. N\u00e4m\u00e4 kaksi olivat t\u00e4ysin erottamattomat. Jos Kero joutui alakynteen selkkauksissa, Lumi oli paikalla puolustamassa sielunvelje\u00e4\u00e4n. Kero juoksi valjakossa kaikilla paikoilla. Parasta Keroa tuli kuitenkin ulos vauhtiparin koirana. Ihmisten kanssa Kero oli miellytt\u00e4mishaluinen herra. Vapaana lenkeill\u00e4 Kero py\u00f6ri jaloissa ja tuli kutsusta v\u00e4litt\u00f6m\u00e4sti luokse (joskus jopa palveluskoiraanikin nopeammin \ud83d\ude42 ).<\/p>\n<p>Kero oli kahden pentueen is\u00e4. Ensimm\u00e4isess\u00e4 pentueessa oli em\u00e4n\u00e4 Brunhilda &#8216;Saga&#8217;. Pennut (2u + 4n) syntyiv\u00e4t vuoden 2014 joulunalusp\u00e4ivin\u00e4. Toinen pentue oli Kaisan tempaus veljens\u00e4 kanssa. N\u00e4m\u00e4 pennut (1u + 3n) syntyiv\u00e4t maaliskuussa 2015.<\/p>\n<p>Loppukes\u00e4st\u00e4 2023 elokuussa Keron vointi heikkeni silmiss\u00e4. Se riiputti p\u00e4\u00e4t\u00e4\u00e4n ja lopulta j\u00e4tti sy\u00f6m\u00e4tt\u00e4 ruokansa. Keron voimat heikkeniv\u00e4t hetkess\u00e4 ja se vain makasi tarhassa. Veljens\u00e4 Lumi koetti saada sit\u00e4 nousemaan mutta mik\u00e4\u00e4n mahti maailmassa ei saanut Keroa yl\u00f6s. Oli kuuma ja juotin Keroa ruiskulla ja sain onneksi el\u00e4inl\u00e4\u00e4k\u00e4rille ajan. Kero nukahti ikiuneen kainalossani 17.8.2023. Kun Kero tuotiin takasin kotiin haudattavaksi, Lumi itki kovasti sen per\u00e4\u00e4n. Vein kuolleen Keron Lumin luo muutamaksi tunniksi. N\u00e4in Lumi sai hyv\u00e4stell\u00e4 veljens\u00e4 rauhassa eik\u00e4 lopulta kovin kauaa sit\u00e4 en\u00e4\u00e4 ik\u00e4v\u00f6inyt. Hieno koira l\u00e4hti luotamme \ud83d\ude41<\/p>\n<div class=\"kuvat\">\n<div id=\"attachment_4175\" style=\"width: 635px\" class=\"wp-caption alignnone\"><a href=\"http:\/\/www.laurapennanen.fi\/wp-content\/uploads\/2020\/01\/Kero-ja-Lumi-lentokent\u00e4ll\u00e4.jpg\"><img loading=\"lazy\" decoding=\"async\" aria-describedby=\"caption-attachment-4175\" class=\"wp-image-4175 size-large\" src=\"http:\/\/www.laurapennanen.fi\/wp-content\/uploads\/2020\/01\/Kero-ja-Lumi-lentokent\u00e4ll\u00e4-1024x621.jpg\" alt=\"\" width=\"625\" height=\"379\" srcset=\"https:\/\/www.laurapennanen.fi\/wp-content\/uploads\/2020\/01\/Kero-ja-Lumi-lentokent\u00e4ll\u00e4-1024x621.jpg 1024w, https:\/\/www.laurapennanen.fi\/wp-content\/uploads\/2020\/01\/Kero-ja-Lumi-lentokent\u00e4ll\u00e4-300x182.jpg 300w, https:\/\/www.laurapennanen.fi\/wp-content\/uploads\/2020\/01\/Kero-ja-Lumi-lentokent\u00e4ll\u00e4-768x466.jpg 768w, https:\/\/www.laurapennanen.fi\/wp-content\/uploads\/2020\/01\/Kero-ja-Lumi-lentokent\u00e4ll\u00e4-1536x931.jpg 1536w, https:\/\/www.laurapennanen.fi\/wp-content\/uploads\/2020\/01\/Kero-ja-Lumi-lentokent\u00e4ll\u00e4-624x378.jpg 624w, https:\/\/www.laurapennanen.fi\/wp-content\/uploads\/2020\/01\/Kero-ja-Lumi-lentokent\u00e4ll\u00e4.jpg 1664w\" sizes=\"auto, (max-width: 625px) 100vw, 625px\" \/><\/a><p id=\"caption-attachment-4175\" class=\"wp-caption-text\">Kero ja Lumi nautiskelevat upeasta talvip\u00e4iv\u00e4st\u00e4 Kymin lentokent\u00e4ll\u00e4 16.2.2016.<\/p><\/div>\n<\/div>\n<div class=\"kuvat\">\n<div id=\"attachment_4176\" style=\"width: 635px\" class=\"wp-caption alignnone\"><a href=\"http:\/\/www.laurapennanen.fi\/wp-content\/uploads\/2020\/01\/Kero-lentokent\u00e4ll\u00e4-2.jpg\"><img loading=\"lazy\" decoding=\"async\" aria-describedby=\"caption-attachment-4176\" class=\"wp-image-4176 size-large\" src=\"http:\/\/www.laurapennanen.fi\/wp-content\/uploads\/2020\/01\/Kero-lentokent\u00e4ll\u00e4-2-1024x910.jpg\" alt=\"\" width=\"625\" height=\"555\" srcset=\"https:\/\/www.laurapennanen.fi\/wp-content\/uploads\/2020\/01\/Kero-lentokent\u00e4ll\u00e4-2-1024x910.jpg 1024w, https:\/\/www.laurapennanen.fi\/wp-content\/uploads\/2020\/01\/Kero-lentokent\u00e4ll\u00e4-2-300x267.jpg 300w, https:\/\/www.laurapennanen.fi\/wp-content\/uploads\/2020\/01\/Kero-lentokent\u00e4ll\u00e4-2-768x683.jpg 768w, https:\/\/www.laurapennanen.fi\/wp-content\/uploads\/2020\/01\/Kero-lentokent\u00e4ll\u00e4-2-624x555.jpg 624w, https:\/\/www.laurapennanen.fi\/wp-content\/uploads\/2020\/01\/Kero-lentokent\u00e4ll\u00e4-2.jpg 1368w\" sizes=\"auto, (max-width: 625px) 100vw, 625px\" \/><\/a><p id=\"caption-attachment-4176\" class=\"wp-caption-text\">Kero paistattelee p\u00e4iv\u00e4\u00e4 hangessa laukaten.<\/p><\/div>\n<\/div>\n<div class=\"kuvat\">\n<div id=\"attachment_4177\" style=\"width: 635px\" class=\"wp-caption alignnone\"><a href=\"http:\/\/www.laurapennanen.fi\/wp-content\/uploads\/2020\/01\/Kero-lentokent\u00e4ll\u00e4-1.jpg\"><img loading=\"lazy\" decoding=\"async\" aria-describedby=\"caption-attachment-4177\" class=\"wp-image-4177 size-large\" src=\"http:\/\/www.laurapennanen.fi\/wp-content\/uploads\/2020\/01\/Kero-lentokent\u00e4ll\u00e4-1-1024x641.jpg\" alt=\"\" width=\"625\" height=\"391\" srcset=\"https:\/\/www.laurapennanen.fi\/wp-content\/uploads\/2020\/01\/Kero-lentokent\u00e4ll\u00e4-1-1024x641.jpg 1024w, https:\/\/www.laurapennanen.fi\/wp-content\/uploads\/2020\/01\/Kero-lentokent\u00e4ll\u00e4-1-300x188.jpg 300w, https:\/\/www.laurapennanen.fi\/wp-content\/uploads\/2020\/01\/Kero-lentokent\u00e4ll\u00e4-1-768x481.jpg 768w, https:\/\/www.laurapennanen.fi\/wp-content\/uploads\/2020\/01\/Kero-lentokent\u00e4ll\u00e4-1-624x390.jpg 624w, https:\/\/www.laurapennanen.fi\/wp-content\/uploads\/2020\/01\/Kero-lentokent\u00e4ll\u00e4-1.jpg 1424w\" sizes=\"auto, (max-width: 625px) 100vw, 625px\" \/><\/a><p id=\"caption-attachment-4177\" class=\"wp-caption-text\">Kero vauhdissa Kymin Lentokent\u00e4ll\u00e4.<\/p><\/div>\n<\/div>\n<p><a href=\"http:\/\/www.laurapennanen.fi\/?page_id=86#Meid\u00e4n lauma\">\u21d0 Palaa koirat-sivulle<\/a><\/p>\n","protected":false},"excerpt":{"rendered":"<p>Kero &#8216;Kero&#8217; s. 30.10.2009 oli M\u00f6rkin viides pentu, ollen uroksista nelj\u00e4s. Kero oli vanhoista uroksista pienikokoisin mutta selke\u00e4sti pippurisin. Jos tarhoilta kuului mekkalaa, oli taatusti yksi \u00e4\u00e4nen aiheuttajista Kero. Kerolla oli tiivis suhde veljeens\u00e4 Lumiin. N\u00e4m\u00e4 kaksi olivat t\u00e4ysin erottamattomat. Jos Kero joutui alakynteen selkkauksissa, Lumi oli paikalla puolustamassa sielunvelje\u00e4\u00e4n. Kero juoksi valjakossa kaikilla paikoilla. [&hellip;]<\/p>\n","protected":false},"author":1,"featured_media":0,"parent":86,"menu_order":0,"comment_status":"closed","ping_status":"closed","template":"page-templates\/full-width.php","meta":{"footnotes":""},"class_list":["post-145","page","type-page","status-publish","hentry"],"_links":{"self":[{"href":"https:\/\/www.laurapennanen.fi\/index.php?rest_route=\/wp\/v2\/pages\/145","targetHints":{"allow":["GET"]}}],"collection":[{"href":"https:\/\/www.laurapennanen.fi\/index.php?rest_route=\/wp\/v2\/pages"}],"about":[{"href":"https:\/\/www.laurapennanen.fi\/index.php?rest_route=\/wp\/v2\/types\/page"}],"author":[{"embeddable":true,"href":"https:\/\/www.laurapennanen.fi\/index.php?rest_route=\/wp\/v2\/users\/1"}],"replies":[{"embeddable":true,"href":"https:\/\/www.laurapennanen.fi\/index.php?rest_route=%2Fwp%2Fv2%2Fcomments&post=145"}],"version-history":[{"count":20,"href":"https:\/\/www.laurapennanen.fi\/index.php?rest_route=\/wp\/v2\/pages\/145\/revisions"}],"predecessor-version":[{"id":5738,"href":"https:\/\/www.laurapennanen.fi\/index.php?rest_route=\/wp\/v2\/pages\/145\/revisions\/5738"}],"up":[{"embeddable":true,"href":"https:\/\/www.laurapennanen.fi\/index.php?rest_route=\/wp\/v2\/pages\/86"}],"wp:attachment":[{"href":"https:\/\/www.laurapennanen.fi\/index.php?rest_route=%2Fwp%2Fv2%2Fmedia&parent=145"}],"curies":[{"name":"wp","href":"https:\/\/api.w.org\/{rel}","templated":true}]}}