{"id":148,"date":"2018-10-09T21:38:21","date_gmt":"2018-10-09T19:38:21","guid":{"rendered":"http:\/\/www.laurapennanen.fi\/?page_id=148"},"modified":"2024-01-29T19:59:58","modified_gmt":"2024-01-29T17:59:58","slug":"myra","status":"publish","type":"page","link":"https:\/\/www.laurapennanen.fi\/?page_id=148","title":{"rendered":"Myr\u00e4"},"content":{"rendered":"<div class=\"kuvat\">\n<p><a href=\"http:\/\/www.laurapennanen.fi\/wp-content\/uploads\/2018\/10\/Myr\u00e4-2015-03.14.-14.03.17.jpg\"><img loading=\"lazy\" decoding=\"async\" class=\"alignnone wp-image-261\" src=\"http:\/\/www.laurapennanen.fi\/wp-content\/uploads\/2018\/10\/Myr\u00e4-2015-03.14.-14.03.17.jpg\" alt=\"\" width=\"232\" height=\"300\" srcset=\"https:\/\/www.laurapennanen.fi\/wp-content\/uploads\/2018\/10\/Myr\u00e4-2015-03.14.-14.03.17.jpg 720w, https:\/\/www.laurapennanen.fi\/wp-content\/uploads\/2018\/10\/Myr\u00e4-2015-03.14.-14.03.17-232x300.jpg 232w, https:\/\/www.laurapennanen.fi\/wp-content\/uploads\/2018\/10\/Myr\u00e4-2015-03.14.-14.03.17-624x806.jpg 624w\" sizes=\"auto, (max-width: 232px) 100vw, 232px\" \/><\/a><\/p>\n<\/div>\n<div class=\"kuvat\">\n<p><a href=\"http:\/\/www.laurapennanen.fi\/wp-content\/uploads\/2018\/10\/Myr\u00e4-2016-03.14.-13.13.41.jpg\"><img loading=\"lazy\" decoding=\"async\" class=\"alignnone wp-image-203\" src=\"http:\/\/www.laurapennanen.fi\/wp-content\/uploads\/2018\/10\/Myr\u00e4-2016-03.14.-13.13.41-1024x710.jpg\" alt=\"\" width=\"432\" height=\"300\" srcset=\"https:\/\/www.laurapennanen.fi\/wp-content\/uploads\/2018\/10\/Myr\u00e4-2016-03.14.-13.13.41-1024x710.jpg 1024w, https:\/\/www.laurapennanen.fi\/wp-content\/uploads\/2018\/10\/Myr\u00e4-2016-03.14.-13.13.41-300x208.jpg 300w, https:\/\/www.laurapennanen.fi\/wp-content\/uploads\/2018\/10\/Myr\u00e4-2016-03.14.-13.13.41-768x533.jpg 768w, https:\/\/www.laurapennanen.fi\/wp-content\/uploads\/2018\/10\/Myr\u00e4-2016-03.14.-13.13.41-624x433.jpg 624w\" sizes=\"auto, (max-width: 432px) 100vw, 432px\" \/><\/a><\/p>\n<\/div>\n<p>Myr\u00e4 s. 30.10.2009 on <a href=\"http:\/\/www.laurapennanen.fi\/?page_id=132\">M\u00f6rkin<\/a> kuudes pentu, ollen uroksista viides. Jo aivan pikkupennusta asti t\u00e4m\u00e4 sylinalle on ollut suurikokoinen ja syd\u00e4met valloittava persoona. Viel\u00e4 aikuisenakin Myr\u00e4 olettaa olevansa se muutaman kilon painoinen pikkumies, jonka rapsuttaja kaappaa syliins\u00e4. Parhaimmillaan yli 30 kiloinen j\u00e4tti on toiminut valjakossa uutterana py\u00f6r\u00e4parin koirana.<\/p>\n<p>Myr\u00e4\u00e4 alkoi vaivata kev\u00e4\u00e4ll\u00e4 2023 vasen takajalka. Se oli voimaton ja pidemmill\u00e4 lenkeill\u00e4 koiralta madaltui k\u00e4velyryhti. Kipuja ei ollut. V\u00e4lill\u00e4 Myr\u00e4 s\u00f6i istuen ja v\u00e4ltteli lenkin j\u00e4lkeen hypp\u00e4\u00e4mist\u00e4 koppiin. Wilman tavoin oireet n\u00e4yttiv\u00e4t selk\u00e4ytimen rappeumalta. Myr\u00e4lle aloitettiin toukokuussa 2023 b-vitamiinikuuri, joka tuntui hieman helpottavan ja vasempaan takajalkaan palasi tuntuma ja koira k\u00e4ytti sit\u00e4 aktiivisemmin. Myr\u00e4ll\u00e4 kuitenkin ik\u00e4\u00e4 jo 13,5 vuotta, joten seuranta on t\u00e4rke\u00e4\u00e4, jotta koira saa el\u00e4\u00e4 hyv\u00e4\u00e4 loppuel\u00e4m\u00e4\u00e4 el\u00e4kel\u00e4isen\u00e4.<\/p>\n<p>Myr\u00e4n takajalan vointi parani syksy\u00e4 kohti. Alkusyksyst\u00e4 2023 sen turkkiin oli muninut k\u00e4rp\u00e4set ja iho oli tulehtunut. Myr\u00e4 tykk\u00e4si maata tarhassa maassa, joten turkki oli sopivan kostea k\u00e4rp\u00e4sille. Putsasimme ihon ja ajoimme kaikki karvat silt\u00e4 alueelta, jossa k\u00e4rp\u00e4sen munia oli. Lopulta iho rauhoittui mutta karvat eiv\u00e4t l\u00e4hteneet kasvamaan takaselk\u00e4\u00e4n. Myr\u00e4 piti talven 2024 kovilla pakkasilla paitaa p\u00e4\u00e4ll\u00e4, jotta iho ei p\u00e4\u00e4ssyt paletumaan.<\/p>\n<p><a href=\"http:\/\/www.laurapennanen.fi\/?page_id=86#Meid\u00e4n lauma\">\u21d0 Palaa koirat-sivulle<\/a><\/p>\n","protected":false},"excerpt":{"rendered":"<p>Myr\u00e4 s. 30.10.2009 on M\u00f6rkin kuudes pentu, ollen uroksista viides. Jo aivan pikkupennusta asti t\u00e4m\u00e4 sylinalle on ollut suurikokoinen ja syd\u00e4met valloittava persoona. Viel\u00e4 aikuisenakin Myr\u00e4 olettaa olevansa se muutaman kilon painoinen pikkumies, jonka rapsuttaja kaappaa syliins\u00e4. Parhaimmillaan yli 30 kiloinen j\u00e4tti on toiminut valjakossa uutterana py\u00f6r\u00e4parin koirana. Myr\u00e4\u00e4 alkoi vaivata kev\u00e4\u00e4ll\u00e4 2023 vasen takajalka. [&hellip;]<\/p>\n","protected":false},"author":1,"featured_media":0,"parent":86,"menu_order":0,"comment_status":"closed","ping_status":"closed","template":"page-templates\/full-width.php","meta":{"footnotes":""},"class_list":["post-148","page","type-page","status-publish","hentry"],"_links":{"self":[{"href":"https:\/\/www.laurapennanen.fi\/index.php?rest_route=\/wp\/v2\/pages\/148","targetHints":{"allow":["GET"]}}],"collection":[{"href":"https:\/\/www.laurapennanen.fi\/index.php?rest_route=\/wp\/v2\/pages"}],"about":[{"href":"https:\/\/www.laurapennanen.fi\/index.php?rest_route=\/wp\/v2\/types\/page"}],"author":[{"embeddable":true,"href":"https:\/\/www.laurapennanen.fi\/index.php?rest_route=\/wp\/v2\/users\/1"}],"replies":[{"embeddable":true,"href":"https:\/\/www.laurapennanen.fi\/index.php?rest_route=%2Fwp%2Fv2%2Fcomments&post=148"}],"version-history":[{"count":34,"href":"https:\/\/www.laurapennanen.fi\/index.php?rest_route=\/wp\/v2\/pages\/148\/revisions"}],"predecessor-version":[{"id":5764,"href":"https:\/\/www.laurapennanen.fi\/index.php?rest_route=\/wp\/v2\/pages\/148\/revisions\/5764"}],"up":[{"embeddable":true,"href":"https:\/\/www.laurapennanen.fi\/index.php?rest_route=\/wp\/v2\/pages\/86"}],"wp:attachment":[{"href":"https:\/\/www.laurapennanen.fi\/index.php?rest_route=%2Fwp%2Fv2%2Fmedia&parent=148"}],"curies":[{"name":"wp","href":"https:\/\/api.w.org\/{rel}","templated":true}]}}