{"id":154,"date":"2018-10-09T21:38:50","date_gmt":"2018-10-09T19:38:50","guid":{"rendered":"http:\/\/www.laurapennanen.fi\/?page_id=154"},"modified":"2019-05-30T09:12:58","modified_gmt":"2019-05-30T07:12:58","slug":"petu","status":"publish","type":"page","link":"https:\/\/www.laurapennanen.fi\/?page_id=154","title":{"rendered":"Petu"},"content":{"rendered":"<div id=\"attachment_209\" style=\"width: 558px\" class=\"wp-caption alignnone\"><a href=\"http:\/\/www.laurapennanen.fi\/wp-content\/uploads\/2018\/10\/Petu-2015-03.16.-13.01.37-2.jpg\"><img loading=\"lazy\" decoding=\"async\" aria-describedby=\"caption-attachment-209\" class=\"wp-image-209\" src=\"http:\/\/www.laurapennanen.fi\/wp-content\/uploads\/2018\/10\/Petu-2015-03.16.-13.01.37-2.jpg\" alt=\"\" width=\"548\" height=\"366\" \/><\/a><p id=\"caption-attachment-209\" class=\"wp-caption-text\">Ortta &#8216;Petu&#8217; 30.10.2009 &#8211; 8.3.2017<\/p><\/div>\n<p>Petu syntyi M\u00f6rkin pennuista viimeisen\u00e4, kuusi tuntia kahdeksannen pennun j\u00e4lkeen. Petu oli helppo ja eritt\u00e4in kiltti uros, jolla kyll\u00e4kin oli voimakas mets\u00e4stysvietti. Sit\u00e4 ei voinut pit\u00e4\u00e4 lenkeill\u00e4 irti ilman jatkuvaa kontaktointia. Petu tuli hyvin juttuun narttujen kanssa ja uroslaumassa sen paras kamu oli veljens\u00e4 Myr\u00e4.<\/p>\n<p>Petulla todettiin epilepsia 3-vuotiaana ja se sai siihen l\u00e4\u00e4kkeet, jotka pitiv\u00e4t kohtaukset aisoissa. Vain narttujen juoksujen aikana Petulle piti lis\u00e4t\u00e4 l\u00e4\u00e4kityst\u00e4, sill\u00e4 oireet pahenivat silloin. Petu oli uuttera rekikoira, joka juoksi sek\u00e4 vauhti- ett\u00e4 py\u00f6r\u00e4parissa.<br \/>\nPetun vointi alkoi heiket\u00e4 helmikuussa 2017. Ensin ruokaileminen hidastui, ja sitten ruokahalut loppuivat kokonaan. Petu siirtyi sis\u00e4koiraksi ja alkoi v\u00e4hitellen sy\u00f6m\u00e4\u00e4n enemm\u00e4n. Lopulta kuitenkin vointi romahti ja Petu menehtyi jonkinlaiseen kasvaimeen hengityselimiss\u00e4.<\/p>\n<p><a href=\"http:\/\/www.laurapennanen.fi\/?page_id=86#Meid\u00e4n lauma\">\u21d0 Palaa koirat-sivulle<\/a><\/p>\n","protected":false},"excerpt":{"rendered":"<p>Petu syntyi M\u00f6rkin pennuista viimeisen\u00e4, kuusi tuntia kahdeksannen pennun j\u00e4lkeen. Petu oli helppo ja eritt\u00e4in kiltti uros, jolla kyll\u00e4kin oli voimakas mets\u00e4stysvietti. Sit\u00e4 ei voinut pit\u00e4\u00e4 lenkeill\u00e4 irti ilman jatkuvaa kontaktointia. Petu tuli hyvin juttuun narttujen kanssa ja uroslaumassa sen paras kamu oli veljens\u00e4 Myr\u00e4. Petulla todettiin epilepsia 3-vuotiaana ja se sai siihen l\u00e4\u00e4kkeet, jotka [&hellip;]<\/p>\n","protected":false},"author":1,"featured_media":0,"parent":86,"menu_order":0,"comment_status":"closed","ping_status":"closed","template":"page-templates\/full-width.php","meta":{"footnotes":""},"class_list":["post-154","page","type-page","status-publish","hentry"],"_links":{"self":[{"href":"https:\/\/www.laurapennanen.fi\/index.php?rest_route=\/wp\/v2\/pages\/154","targetHints":{"allow":["GET"]}}],"collection":[{"href":"https:\/\/www.laurapennanen.fi\/index.php?rest_route=\/wp\/v2\/pages"}],"about":[{"href":"https:\/\/www.laurapennanen.fi\/index.php?rest_route=\/wp\/v2\/types\/page"}],"author":[{"embeddable":true,"href":"https:\/\/www.laurapennanen.fi\/index.php?rest_route=\/wp\/v2\/users\/1"}],"replies":[{"embeddable":true,"href":"https:\/\/www.laurapennanen.fi\/index.php?rest_route=%2Fwp%2Fv2%2Fcomments&post=154"}],"version-history":[{"count":7,"href":"https:\/\/www.laurapennanen.fi\/index.php?rest_route=\/wp\/v2\/pages\/154\/revisions"}],"predecessor-version":[{"id":2853,"href":"https:\/\/www.laurapennanen.fi\/index.php?rest_route=\/wp\/v2\/pages\/154\/revisions\/2853"}],"up":[{"embeddable":true,"href":"https:\/\/www.laurapennanen.fi\/index.php?rest_route=\/wp\/v2\/pages\/86"}],"wp:attachment":[{"href":"https:\/\/www.laurapennanen.fi\/index.php?rest_route=%2Fwp%2Fv2%2Fmedia&parent=154"}],"curies":[{"name":"wp","href":"https:\/\/api.w.org\/{rel}","templated":true}]}}