{"id":160,"date":"2018-10-09T21:39:19","date_gmt":"2018-10-09T19:39:19","guid":{"rendered":"http:\/\/www.laurapennanen.fi\/?page_id=160"},"modified":"2019-05-30T08:46:48","modified_gmt":"2019-05-30T06:46:48","slug":"salama","status":"publish","type":"page","link":"https:\/\/www.laurapennanen.fi\/?page_id=160","title":{"rendered":"Salama"},"content":{"rendered":"<div id=\"attachment_219\" style=\"width: 506px\" class=\"wp-caption alignnone\"><a href=\"http:\/\/www.laurapennanen.fi\/wp-content\/uploads\/2018\/10\/Salama-2016-02.12.-14.42.20.jpg\"><img loading=\"lazy\" decoding=\"async\" aria-describedby=\"caption-attachment-219\" class=\"wp-image-219\" src=\"http:\/\/www.laurapennanen.fi\/wp-content\/uploads\/2018\/10\/Salama-2016-02.12.-14.42.20-1018x1024.jpg\" alt=\"\" width=\"496\" height=\"499\" srcset=\"https:\/\/www.laurapennanen.fi\/wp-content\/uploads\/2018\/10\/Salama-2016-02.12.-14.42.20-1018x1024.jpg 1018w, https:\/\/www.laurapennanen.fi\/wp-content\/uploads\/2018\/10\/Salama-2016-02.12.-14.42.20-150x150.jpg 150w, https:\/\/www.laurapennanen.fi\/wp-content\/uploads\/2018\/10\/Salama-2016-02.12.-14.42.20-298x300.jpg 298w, https:\/\/www.laurapennanen.fi\/wp-content\/uploads\/2018\/10\/Salama-2016-02.12.-14.42.20-768x772.jpg 768w, https:\/\/www.laurapennanen.fi\/wp-content\/uploads\/2018\/10\/Salama-2016-02.12.-14.42.20-624x628.jpg 624w, https:\/\/www.laurapennanen.fi\/wp-content\/uploads\/2018\/10\/Salama-2016-02.12.-14.42.20.jpg 1224w\" sizes=\"auto, (max-width: 496px) 100vw, 496px\" \/><\/a><p id=\"caption-attachment-219\" class=\"wp-caption-text\">Salama pentuna Kymin lentokent\u00e4n maastoissa<\/p><\/div>\n<p>Salama s. 4.3.2015 on <a href=\"http:\/\/www.laurapennanen.fi\/?page_id=139\">Kaisan<\/a> toinen pentu, ollen ainukainen uros. Salama oli syntyess\u00e4\u00e4n pahnueen pienin ja taisteli olemassa olostaan lis\u00e4ravinnon turvin ensimm\u00e4isen ja toisen elinviikkonsa aikana. Salaman sitkeys n\u00e4kyi jo pikkupentuna muutenkin. Kaisa n\u00e4ykk\u00e4si sit\u00e4 vahingossa polvesta pari viikkoisena ja Salama matkusti el\u00e4inl\u00e4\u00e4k\u00e4riin pojan pipossa. Salamasta on kasvanut n\u00e4ytt\u00e4v\u00e4 uros ja se saavutti is\u00e4ns\u00e4 Keron koon aikuisena.<\/p>\n<p>Salama on iloinen veijari, joka viihtyy ihmisten parissa ja on oppivainen kaveri. Sit\u00e4 voi pit\u00e4\u00e4 irti lenkeill\u00e4 huoletta. Poika seuraa mieluusti ihmist\u00e4 eik\u00e4 karkailusta ole tietoakaan. Ruokahalu on hyv\u00e4. Salama on ulvontasessioiden aloittaja l\u00e4hes joka ikinen kerta. Muut yhtyv\u00e4t lauluun sen per\u00e4ss\u00e4.<\/p>\n<p><a href=\"http:\/\/www.laurapennanen.fi\/?page_id=86#Meid\u00e4n lauma\">\u21d0 Palaa koirat-sivulle<\/a><\/p>\n","protected":false},"excerpt":{"rendered":"<p>Salama s. 4.3.2015 on Kaisan toinen pentu, ollen ainukainen uros. Salama oli syntyess\u00e4\u00e4n pahnueen pienin ja taisteli olemassa olostaan lis\u00e4ravinnon turvin ensimm\u00e4isen ja toisen elinviikkonsa aikana. Salaman sitkeys n\u00e4kyi jo pikkupentuna muutenkin. Kaisa n\u00e4ykk\u00e4si sit\u00e4 vahingossa polvesta pari viikkoisena ja Salama matkusti el\u00e4inl\u00e4\u00e4k\u00e4riin pojan pipossa. Salamasta on kasvanut n\u00e4ytt\u00e4v\u00e4 uros ja se saavutti is\u00e4ns\u00e4 Keron [&hellip;]<\/p>\n","protected":false},"author":1,"featured_media":0,"parent":86,"menu_order":0,"comment_status":"closed","ping_status":"closed","template":"page-templates\/full-width.php","meta":{"footnotes":""},"class_list":["post-160","page","type-page","status-publish","hentry"],"_links":{"self":[{"href":"https:\/\/www.laurapennanen.fi\/index.php?rest_route=\/wp\/v2\/pages\/160","targetHints":{"allow":["GET"]}}],"collection":[{"href":"https:\/\/www.laurapennanen.fi\/index.php?rest_route=\/wp\/v2\/pages"}],"about":[{"href":"https:\/\/www.laurapennanen.fi\/index.php?rest_route=\/wp\/v2\/types\/page"}],"author":[{"embeddable":true,"href":"https:\/\/www.laurapennanen.fi\/index.php?rest_route=\/wp\/v2\/users\/1"}],"replies":[{"embeddable":true,"href":"https:\/\/www.laurapennanen.fi\/index.php?rest_route=%2Fwp%2Fv2%2Fcomments&post=160"}],"version-history":[{"count":10,"href":"https:\/\/www.laurapennanen.fi\/index.php?rest_route=\/wp\/v2\/pages\/160\/revisions"}],"predecessor-version":[{"id":2845,"href":"https:\/\/www.laurapennanen.fi\/index.php?rest_route=\/wp\/v2\/pages\/160\/revisions\/2845"}],"up":[{"embeddable":true,"href":"https:\/\/www.laurapennanen.fi\/index.php?rest_route=\/wp\/v2\/pages\/86"}],"wp:attachment":[{"href":"https:\/\/www.laurapennanen.fi\/index.php?rest_route=%2Fwp%2Fv2%2Fmedia&parent=160"}],"curies":[{"name":"wp","href":"https:\/\/api.w.org\/{rel}","templated":true}]}}