{"id":163,"date":"2018-10-09T21:39:37","date_gmt":"2018-10-09T19:39:37","guid":{"rendered":"http:\/\/www.laurapennanen.fi\/?page_id=163"},"modified":"2019-05-30T08:47:46","modified_gmt":"2019-05-30T06:47:46","slug":"pilkku","status":"publish","type":"page","link":"https:\/\/www.laurapennanen.fi\/?page_id=163","title":{"rendered":"Pilkku"},"content":{"rendered":"<div class=\"kuvat\">\n<p><a href=\"http:\/\/www.laurapennanen.fi\/wp-content\/uploads\/2018\/10\/Pilkku-2016-02.07.-11.48.08.jpg\"><img loading=\"lazy\" decoding=\"async\" class=\"wp-image-216\" src=\"http:\/\/www.laurapennanen.fi\/wp-content\/uploads\/2018\/10\/Pilkku-2016-02.07.-11.48.08-873x1024.jpg\" alt=\"\" width=\"256\" height=\"300\" srcset=\"https:\/\/www.laurapennanen.fi\/wp-content\/uploads\/2018\/10\/Pilkku-2016-02.07.-11.48.08-873x1024.jpg 873w, https:\/\/www.laurapennanen.fi\/wp-content\/uploads\/2018\/10\/Pilkku-2016-02.07.-11.48.08-256x300.jpg 256w, https:\/\/www.laurapennanen.fi\/wp-content\/uploads\/2018\/10\/Pilkku-2016-02.07.-11.48.08-768x901.jpg 768w, https:\/\/www.laurapennanen.fi\/wp-content\/uploads\/2018\/10\/Pilkku-2016-02.07.-11.48.08-624x732.jpg 624w, https:\/\/www.laurapennanen.fi\/wp-content\/uploads\/2018\/10\/Pilkku-2016-02.07.-11.48.08.jpg 920w\" sizes=\"auto, (max-width: 256px) 100vw, 256px\" \/><\/a><\/p>\n<\/div>\n<div class=\"kuvat\">\n<p><a href=\"http:\/\/www.laurapennanen.fi\/wp-content\/uploads\/2018\/10\/Pilkku-2016-02.07.-11.09.51.jpg\"><img loading=\"lazy\" decoding=\"async\" class=\"wp-image-330\" src=\"http:\/\/www.laurapennanen.fi\/wp-content\/uploads\/2018\/10\/Pilkku-2016-02.07.-11.09.51-1004x1024.jpg\" alt=\"\" width=\"294\" height=\"300\" srcset=\"https:\/\/www.laurapennanen.fi\/wp-content\/uploads\/2018\/10\/Pilkku-2016-02.07.-11.09.51-1004x1024.jpg 1004w, https:\/\/www.laurapennanen.fi\/wp-content\/uploads\/2018\/10\/Pilkku-2016-02.07.-11.09.51-294x300.jpg 294w, https:\/\/www.laurapennanen.fi\/wp-content\/uploads\/2018\/10\/Pilkku-2016-02.07.-11.09.51-768x783.jpg 768w, https:\/\/www.laurapennanen.fi\/wp-content\/uploads\/2018\/10\/Pilkku-2016-02.07.-11.09.51-624x636.jpg 624w, https:\/\/www.laurapennanen.fi\/wp-content\/uploads\/2018\/10\/Pilkku-2016-02.07.-11.09.51.jpg 1872w\" sizes=\"auto, (max-width: 294px) 100vw, 294px\" \/><\/a><\/p>\n<\/div>\n<p>Pilkku, s. 4.3.2015, on <a href=\"http:\/\/www.laurapennanen.fi\/?page_id=139\">Kaisan<\/a> kolmas pentu, ollen toinen narttupentu. Pilkku on lauman pienin neito mutta ei suinkaan hiljaisin. Se on mummonsa M\u00f6rkin tapaan hieman et\u00e4inen vieraiden ihmisten kanssa. Omille ihmisille Pilkku on oikea murumussukka. Vetop\u00e4\u00e4t\u00e4 tuntuu l\u00f6ytyv\u00e4n vaikka muille jakaa. Kokonsa takia olen harrastanut Pilkun kanssa enempi yksityisvetotreenej\u00e4 juosten kuin valjakossa.<\/p>\n<p><a href=\"http:\/\/www.laurapennanen.fi\/?page_id=86#Meid\u00e4n lauma\">\u21d0 Palaa koirat-sivulle<\/a><\/p>\n","protected":false},"excerpt":{"rendered":"<p>Pilkku, s. 4.3.2015, on Kaisan kolmas pentu, ollen toinen narttupentu. Pilkku on lauman pienin neito mutta ei suinkaan hiljaisin. Se on mummonsa M\u00f6rkin tapaan hieman et\u00e4inen vieraiden ihmisten kanssa. Omille ihmisille Pilkku on oikea murumussukka. Vetop\u00e4\u00e4t\u00e4 tuntuu l\u00f6ytyv\u00e4n vaikka muille jakaa. Kokonsa takia olen harrastanut Pilkun kanssa enempi yksityisvetotreenej\u00e4 juosten kuin valjakossa. \u21d0 Palaa koirat-sivulle<\/p>\n","protected":false},"author":1,"featured_media":0,"parent":86,"menu_order":0,"comment_status":"closed","ping_status":"closed","template":"page-templates\/full-width.php","meta":{"footnotes":""},"class_list":["post-163","page","type-page","status-publish","hentry"],"_links":{"self":[{"href":"https:\/\/www.laurapennanen.fi\/index.php?rest_route=\/wp\/v2\/pages\/163","targetHints":{"allow":["GET"]}}],"collection":[{"href":"https:\/\/www.laurapennanen.fi\/index.php?rest_route=\/wp\/v2\/pages"}],"about":[{"href":"https:\/\/www.laurapennanen.fi\/index.php?rest_route=\/wp\/v2\/types\/page"}],"author":[{"embeddable":true,"href":"https:\/\/www.laurapennanen.fi\/index.php?rest_route=\/wp\/v2\/users\/1"}],"replies":[{"embeddable":true,"href":"https:\/\/www.laurapennanen.fi\/index.php?rest_route=%2Fwp%2Fv2%2Fcomments&post=163"}],"version-history":[{"count":19,"href":"https:\/\/www.laurapennanen.fi\/index.php?rest_route=\/wp\/v2\/pages\/163\/revisions"}],"predecessor-version":[{"id":2847,"href":"https:\/\/www.laurapennanen.fi\/index.php?rest_route=\/wp\/v2\/pages\/163\/revisions\/2847"}],"up":[{"embeddable":true,"href":"https:\/\/www.laurapennanen.fi\/index.php?rest_route=\/wp\/v2\/pages\/86"}],"wp:attachment":[{"href":"https:\/\/www.laurapennanen.fi\/index.php?rest_route=%2Fwp%2Fv2%2Fmedia&parent=163"}],"curies":[{"name":"wp","href":"https:\/\/api.w.org\/{rel}","templated":true}]}}