{"id":166,"date":"2018-10-09T21:39:54","date_gmt":"2018-10-09T19:39:54","guid":{"rendered":"http:\/\/www.laurapennanen.fi\/?page_id=166"},"modified":"2020-02-19T23:48:28","modified_gmt":"2020-02-19T21:48:28","slug":"usva","status":"publish","type":"page","link":"https:\/\/www.laurapennanen.fi\/?page_id=166","title":{"rendered":"Usva"},"content":{"rendered":"<div class=\"kuvat\">\n<p><a href=\"http:\/\/www.laurapennanen.fi\/wp-content\/uploads\/2018\/10\/Usva-2016-02.27.-13.22.49.jpg\"><img loading=\"lazy\" decoding=\"async\" class=\"alignnone wp-image-223\" src=\"http:\/\/www.laurapennanen.fi\/wp-content\/uploads\/2018\/10\/Usva-2016-02.27.-13.22.49-1024x769.jpg\" alt=\"\" width=\"400\" height=\"300\" srcset=\"https:\/\/www.laurapennanen.fi\/wp-content\/uploads\/2018\/10\/Usva-2016-02.27.-13.22.49-1024x769.jpg 1024w, https:\/\/www.laurapennanen.fi\/wp-content\/uploads\/2018\/10\/Usva-2016-02.27.-13.22.49-300x225.jpg 300w, https:\/\/www.laurapennanen.fi\/wp-content\/uploads\/2018\/10\/Usva-2016-02.27.-13.22.49-768x577.jpg 768w, https:\/\/www.laurapennanen.fi\/wp-content\/uploads\/2018\/10\/Usva-2016-02.27.-13.22.49-624x468.jpg 624w, https:\/\/www.laurapennanen.fi\/wp-content\/uploads\/2018\/10\/Usva-2016-02.27.-13.22.49.jpg 1284w\" sizes=\"auto, (max-width: 400px) 100vw, 400px\" \/><\/a><\/p>\n<\/div>\n<div class=\"kuvat\">\n<p><a href=\"http:\/\/www.laurapennanen.fi\/wp-content\/uploads\/2018\/10\/Usva-2016-02.13.-14.04.32-1.jpg\"><img loading=\"lazy\" decoding=\"async\" class=\"alignnone wp-image-240\" src=\"http:\/\/www.laurapennanen.fi\/wp-content\/uploads\/2018\/10\/Usva-2016-02.13.-14.04.32-1.jpg\" alt=\"\" width=\"229\" height=\"300\" srcset=\"https:\/\/www.laurapennanen.fi\/wp-content\/uploads\/2018\/10\/Usva-2016-02.13.-14.04.32-1.jpg 472w, https:\/\/www.laurapennanen.fi\/wp-content\/uploads\/2018\/10\/Usva-2016-02.13.-14.04.32-1-229x300.jpg 229w\" sizes=\"auto, (max-width: 229px) 100vw, 229px\" \/><\/a><\/p>\n<\/div>\n<p>Usva s. 4.3.2015 on <a href=\"http:\/\/www.laurapennanen.fi\/?page_id=139\">Kaisan<\/a> nelj\u00e4s pentu, ollen nartuista kolmas. Usva on t\u00e4p\u00e4kk\u00e4 ja kaunisliikkeinen neito, joka on ottanut paikkansa keulasta sisarustensa parissa. My\u00f6s Kiikin kanssa alkaa hierarkia olla Usva voittoinen. Urosten kanssa Usva p\u00e4rj\u00e4ilee hienosti ja pit\u00e4\u00e4 puolensa. Usva on koko huskylauman haukkuherkin j\u00e4sen. Jos pihaan eksyy j\u00e4nis, supikoira tai vaikkapa naapuri, Usva ilmoittaa asiasta v\u00e4litt\u00f6m\u00e4sti kumealla haukulla.<\/p>\n<div class=\"kuvat\">\n<div id=\"attachment_4217\" style=\"width: 635px\" class=\"wp-caption alignnone\"><a href=\"http:\/\/www.laurapennanen.fi\/wp-content\/uploads\/2020\/02\/Usva-mets\u00e4ss\u00e4.jpg\"><img loading=\"lazy\" decoding=\"async\" aria-describedby=\"caption-attachment-4217\" class=\"wp-image-4217 size-large\" src=\"http:\/\/www.laurapennanen.fi\/wp-content\/uploads\/2020\/02\/Usva-mets\u00e4ss\u00e4-1024x766.jpg\" alt=\"\" width=\"625\" height=\"468\" srcset=\"https:\/\/www.laurapennanen.fi\/wp-content\/uploads\/2020\/02\/Usva-mets\u00e4ss\u00e4-1024x766.jpg 1024w, https:\/\/www.laurapennanen.fi\/wp-content\/uploads\/2020\/02\/Usva-mets\u00e4ss\u00e4-300x224.jpg 300w, https:\/\/www.laurapennanen.fi\/wp-content\/uploads\/2020\/02\/Usva-mets\u00e4ss\u00e4-768x574.jpg 768w, https:\/\/www.laurapennanen.fi\/wp-content\/uploads\/2020\/02\/Usva-mets\u00e4ss\u00e4-1536x1149.jpg 1536w, https:\/\/www.laurapennanen.fi\/wp-content\/uploads\/2020\/02\/Usva-mets\u00e4ss\u00e4-624x467.jpg 624w, https:\/\/www.laurapennanen.fi\/wp-content\/uploads\/2020\/02\/Usva-mets\u00e4ss\u00e4.jpg 1591w\" sizes=\"auto, (max-width: 625px) 100vw, 625px\" \/><\/a><p id=\"caption-attachment-4217\" class=\"wp-caption-text\">Usva, mets\u00e4nneitonen, talvisessa Kymin lentokent\u00e4n mets\u00e4ss\u00e4 19.2.2020.<\/p><\/div>\n<\/div>\n<p><a href=\"http:\/\/www.laurapennanen.fi\/?page_id=86#Meid\u00e4n lauma\">\u21d0 Palaa koirat-sivulle<\/a><\/p>\n","protected":false},"excerpt":{"rendered":"<p>Usva s. 4.3.2015 on Kaisan nelj\u00e4s pentu, ollen nartuista kolmas. Usva on t\u00e4p\u00e4kk\u00e4 ja kaunisliikkeinen neito, joka on ottanut paikkansa keulasta sisarustensa parissa. My\u00f6s Kiikin kanssa alkaa hierarkia olla Usva voittoinen. Urosten kanssa Usva p\u00e4rj\u00e4ilee hienosti ja pit\u00e4\u00e4 puolensa. Usva on koko huskylauman haukkuherkin j\u00e4sen. Jos pihaan eksyy j\u00e4nis, supikoira tai vaikkapa naapuri, Usva ilmoittaa [&hellip;]<\/p>\n","protected":false},"author":1,"featured_media":0,"parent":86,"menu_order":0,"comment_status":"closed","ping_status":"closed","template":"page-templates\/full-width.php","meta":{"footnotes":""},"class_list":["post-166","page","type-page","status-publish","hentry"],"_links":{"self":[{"href":"https:\/\/www.laurapennanen.fi\/index.php?rest_route=\/wp\/v2\/pages\/166","targetHints":{"allow":["GET"]}}],"collection":[{"href":"https:\/\/www.laurapennanen.fi\/index.php?rest_route=\/wp\/v2\/pages"}],"about":[{"href":"https:\/\/www.laurapennanen.fi\/index.php?rest_route=\/wp\/v2\/types\/page"}],"author":[{"embeddable":true,"href":"https:\/\/www.laurapennanen.fi\/index.php?rest_route=\/wp\/v2\/users\/1"}],"replies":[{"embeddable":true,"href":"https:\/\/www.laurapennanen.fi\/index.php?rest_route=%2Fwp%2Fv2%2Fcomments&post=166"}],"version-history":[{"count":44,"href":"https:\/\/www.laurapennanen.fi\/index.php?rest_route=\/wp\/v2\/pages\/166\/revisions"}],"predecessor-version":[{"id":4220,"href":"https:\/\/www.laurapennanen.fi\/index.php?rest_route=\/wp\/v2\/pages\/166\/revisions\/4220"}],"up":[{"embeddable":true,"href":"https:\/\/www.laurapennanen.fi\/index.php?rest_route=\/wp\/v2\/pages\/86"}],"wp:attachment":[{"href":"https:\/\/www.laurapennanen.fi\/index.php?rest_route=%2Fwp%2Fv2%2Fmedia&parent=166"}],"curies":[{"name":"wp","href":"https:\/\/api.w.org\/{rel}","templated":true}]}}