{"id":2481,"date":"2019-07-06T20:16:16","date_gmt":"2019-07-06T18:16:16","guid":{"rendered":"http:\/\/www.laurapennanen.fi\/?page_id=2481"},"modified":"2019-07-06T20:28:04","modified_gmt":"2019-07-06T18:28:04","slug":"puutarha","status":"publish","type":"page","link":"https:\/\/www.laurapennanen.fi\/?page_id=2481","title":{"rendered":"Puutarha"},"content":{"rendered":"<h2>Likusterisyreeni<\/h2>\n<p>Likusterisyreeni kiinnitt\u00e4\u00e4 varmasti huomion kukkiessaan jopa 30 sentin mittaisin kermanvalkoisin huiskilokukinnoin. Laji saavuttaa Suomessa 6-7 metrin pituuden. Suomessa menestyviss\u00e4 kasveissa ei ole paljon vastaavankokoisia puita tai suurikokoisia pensaita n\u00e4in n\u00e4ytt\u00e4vill\u00e4 kukinnoilla.  Kukinto on n\u00e4ytt\u00e4vint\u00e4 aurinkoisilla kasvupaikoilla. Kasvualustaksi sopii, tuore, runsasravinteinen, kalkkiper\u00e4inen ja multava maaper\u00e4.<\/p>\n<div class=\"kuvat\">\n<div id=\"attachment_3202\" style=\"width: 635px\" class=\"wp-caption alignnone\"><a href=\"http:\/\/www.laurapennanen.fi\/wp-content\/uploads\/2019\/07\/Likusterisyreeni.jpg\"><img loading=\"lazy\" decoding=\"async\" aria-describedby=\"caption-attachment-3202\" class=\"wp-image-3202 size-large\" src=\"http:\/\/www.laurapennanen.fi\/wp-content\/uploads\/2019\/07\/Likusterisyreeni-1024x768.jpg\" alt=\"\" width=\"625\" height=\"469\" srcset=\"https:\/\/www.laurapennanen.fi\/wp-content\/uploads\/2019\/07\/Likusterisyreeni-1024x768.jpg 1024w, https:\/\/www.laurapennanen.fi\/wp-content\/uploads\/2019\/07\/Likusterisyreeni-300x225.jpg 300w, https:\/\/www.laurapennanen.fi\/wp-content\/uploads\/2019\/07\/Likusterisyreeni-768x576.jpg 768w, https:\/\/www.laurapennanen.fi\/wp-content\/uploads\/2019\/07\/Likusterisyreeni-624x468.jpg 624w, https:\/\/www.laurapennanen.fi\/wp-content\/uploads\/2019\/07\/Likusterisyreeni.jpg 1587w\" sizes=\"auto, (max-width: 625px) 100vw, 625px\" \/><\/a><p id=\"caption-attachment-3202\" class=\"wp-caption-text\">Likusterisyreeni kukassaan.<\/p><\/div>\n<\/div>\n","protected":false},"excerpt":{"rendered":"<p>Likusterisyreeni Likusterisyreeni kiinnitt\u00e4\u00e4 varmasti huomion kukkiessaan jopa 30 sentin mittaisin kermanvalkoisin huiskilokukinnoin. Laji saavuttaa Suomessa 6-7 metrin pituuden. Suomessa menestyviss\u00e4 kasveissa ei ole paljon vastaavankokoisia puita tai suurikokoisia pensaita n\u00e4in n\u00e4ytt\u00e4vill\u00e4 kukinnoilla. Kukinto on n\u00e4ytt\u00e4vint\u00e4 aurinkoisilla kasvupaikoilla. Kasvualustaksi sopii, tuore, runsasravinteinen, kalkkiper\u00e4inen ja multava maaper\u00e4.<\/p>\n","protected":false},"author":1,"featured_media":0,"parent":0,"menu_order":0,"comment_status":"closed","ping_status":"closed","template":"page-templates\/full-width.php","meta":{"footnotes":""},"class_list":["post-2481","page","type-page","status-publish","hentry"],"_links":{"self":[{"href":"https:\/\/www.laurapennanen.fi\/index.php?rest_route=\/wp\/v2\/pages\/2481","targetHints":{"allow":["GET"]}}],"collection":[{"href":"https:\/\/www.laurapennanen.fi\/index.php?rest_route=\/wp\/v2\/pages"}],"about":[{"href":"https:\/\/www.laurapennanen.fi\/index.php?rest_route=\/wp\/v2\/types\/page"}],"author":[{"embeddable":true,"href":"https:\/\/www.laurapennanen.fi\/index.php?rest_route=\/wp\/v2\/users\/1"}],"replies":[{"embeddable":true,"href":"https:\/\/www.laurapennanen.fi\/index.php?rest_route=%2Fwp%2Fv2%2Fcomments&post=2481"}],"version-history":[{"count":7,"href":"https:\/\/www.laurapennanen.fi\/index.php?rest_route=\/wp\/v2\/pages\/2481\/revisions"}],"predecessor-version":[{"id":3208,"href":"https:\/\/www.laurapennanen.fi\/index.php?rest_route=\/wp\/v2\/pages\/2481\/revisions\/3208"}],"wp:attachment":[{"href":"https:\/\/www.laurapennanen.fi\/index.php?rest_route=%2Fwp%2Fv2%2Fmedia&parent=2481"}],"curies":[{"name":"wp","href":"https:\/\/api.w.org\/{rel}","templated":true}]}}