{"id":2639,"date":"2019-05-10T20:23:42","date_gmt":"2019-05-10T18:23:42","guid":{"rendered":"http:\/\/www.laurapennanen.fi\/?page_id=2639"},"modified":"2019-05-10T20:31:04","modified_gmt":"2019-05-10T18:31:04","slug":"vieraskirja","status":"publish","type":"page","link":"https:\/\/www.laurapennanen.fi\/?page_id=2639","title":{"rendered":"Vieraskirja"},"content":{"rendered":"<p>T\u00e4h\u00e4n voit j\u00e4tt\u00e4\u00e4 terkkuja k\u00e4ynnist\u00e4si sek\u00e4 kysymyksi\u00e4 tai mielipiteit\u00e4 sivuistamme.<\/p>\n<div class=\"gwolle-gb\"><div class=\"gwolle_gb_messages_top_container\"><\/div>\n\t\t\t<div class=\"gwolle-gb-write-button\">\n\t\t\t\t<input type=\"button\" name=\"gwolle-gb-write-button\" class=\"button btn btn-default \" value=\"Kirjoita uusi viesti\" \/>\n\t\t\t<\/div>\n\t\t\t<form action=\"#\" method=\"POST\" class=\"gwolle-gb-write gwolle-gb-hide gwolle-gb-float gwolle_gb_form_ajax gwolle-gb-form-ajax gwolle-gb-ajax gwolle-gb-not-logged-in\">\n\t\t\t\t<h3>Kirjoita uusi viesti vieraskirjaan<\/h3>\n\t\t\t\t<button type=\"button\" class=\"gb-notice-dismiss\">x<span class=\"screen-reader-text\">Hide this form.<\/span><\/button>\n\t\t\t\n\t\t\t\t<input type=\"hidden\" name=\"gwolle_gb_function\" class=\"gwolle_gb_function\" value=\"add_entry\" \/><input type=\"hidden\" name=\"gwolle_gb_book_id\" class=\"gwolle_gb_book_id\" value=\"1\" \/><div class=\"gwolle_gb_c791f4ddf8afd12e969632668dd6f4b0\">\n\t\t\t\t<div class=\"label\"><label for=\"gwolle_gb_c791f4ddf8afd12e969632668dd6f4b0-1\" class=\"text-info\">Nimi <span class=\"required\">*<\/span><\/label><\/div>\n\t\t\t\t<div class=\"input\"><input class=\"wp-exclude-emoji gwolle_gb_c791f4ddf8afd12e969632668dd6f4b0\" value=\"\" type=\"text\" id=\"gwolle_gb_c791f4ddf8afd12e969632668dd6f4b0-1\" name=\"gwolle_gb_c791f4ddf8afd12e969632668dd6f4b0\" required \/><\/div>\n\t\t\t\t<div class=\"clearBoth\">&nbsp;<\/div>\n\t\t\t<\/div><div class=\"gwolle_gb_17b158a7277ceaed1050395b882e80cf\">\n\t\t\t\t\t<div class=\"label\"><label for=\"gwolle_gb_17b158a7277ceaed1050395b882e80cf-1\" class=\"text-info\">Paikkakunta<\/label><\/div>\n\t\t\t\t\t<div class=\"input\"><input class=\"wp-exclude-emoji gwolle_gb_17b158a7277ceaed1050395b882e80cf\" value=\"\" type=\"text\" id=\"gwolle_gb_17b158a7277ceaed1050395b882e80cf-1\" name=\"gwolle_gb_17b158a7277ceaed1050395b882e80cf\" \/><\/div>\n\t\t\t\t\t<div class=\"clearBoth\">&nbsp;<\/div>\n\t\t\t\t<\/div><div class=\"gwolle_gb_822a3e9fa1ce6c497b34fe09d9d85f29\">\n\t\t\t\t<div class=\"label\"><label for=\"gwolle_gb_822a3e9fa1ce6c497b34fe09d9d85f29-1\" class=\"text-info\">S\u00e4hk\u00f6postiosoite <span class=\"required\">*<\/span><\/label><\/div>\n\t\t\t\t<div class=\"input\"><input class=\"gwolle_gb_822a3e9fa1ce6c497b34fe09d9d85f29\" value=\"\" type=\"email\" id=\"gwolle_gb_822a3e9fa1ce6c497b34fe09d9d85f29-1\" name=\"gwolle_gb_822a3e9fa1ce6c497b34fe09d9d85f29\" required \/><\/div>\n\t\t\t\t<div class=\"clearBoth\">&nbsp;<\/div>\n\t\t\t<\/div><div class=\"gwolle_gb_fa75a951be3c0408ef9febe431bd1fa2\">\n\t\t\t\t<div class=\"label\"><label for=\"gwolle_gb_fa75a951be3c0408ef9febe431bd1fa2-1\" class=\"text-info\">Sivusto<\/label><\/div>\n\t\t\t\t<div class=\"input\"><input class=\"gwolle_gb_fa75a951be3c0408ef9febe431bd1fa2\" value=\"\" type=\"url\" id=\"gwolle_gb_fa75a951be3c0408ef9febe431bd1fa2-1\" name=\"gwolle_gb_fa75a951be3c0408ef9febe431bd1fa2\" \/><\/div>\n\t\t\t\t<div class=\"clearBoth\">&nbsp;<\/div>\n\t\t\t<\/div>\n\t\t\t<div class=\"gwolle_gb_cf042e0dbc3937bec7fd48e62540bafa\" style=\"display:none;overflow:hidden;\" hidden=\"true\" aria-hidden=\"true\">\n\t\t\t\t<div class=\"label\">\n\t\t\t\t\t<label for=\"gwolle_gb_cf042e0dbc3937bec7fd48e62540bafa-1\" class=\"text-primary\">Do not touch this<\/label>\n\t\t\t\t\t<label for=\"gwolle_gb_40285e995713e16e7f6ff51f4a4289ea-1\" class=\"text-primary\">Do not touch this<\/label>\n\t\t\t\t<\/div>\n\t\t\t\t<div class=\"input\">\n\t\t\t\t\t<input value=\"61\" type=\"text\" id=\"gwolle_gb_cf042e0dbc3937bec7fd48e62540bafa-1\" name=\"gwolle_gb_cf042e0dbc3937bec7fd48e62540bafa\" class=\"gwolle_gb_cf042e0dbc3937bec7fd48e62540bafa\" style=\"transform: translateY(10000px);\" \/>\n\t\t\t\t\t<input value=\"\" type=\"text\" name=\"gwolle_gb_40285e995713e16e7f6ff51f4a4289ea\" id=\"gwolle_gb_40285e995713e16e7f6ff51f4a4289ea-1\" class=\"gwolle_gb_40285e995713e16e7f6ff51f4a4289ea\" style=\"transform: translateY(10000px);\" \/>\n\t\t\t\t<\/div>\n\t\t\t\t<div class=\"clearBoth\"><\/div>\n\t\t\t<\/div>\n\t\t\t<div class=\"gwolle_gb_58a22cb45247769173af3da8c05ad85c\" style=\"display:none;overflow:hidden;\" hidden=\"true\" aria-hidden=\"true\">\n\t\t\t\t<div class=\"label\">\n\t\t\t\t\t<label for=\"gwolle_gb_58a22cb45247769173af3da8c05ad85c-1\" class=\"text-primary\">Do not touch this<\/label>\n\t\t\t\t\t<label for=\"gwolle_gb_c1127b6b1e4dba4ff2d7b93772b8567e-1\" class=\"text-primary\">Do not touch this<\/label>\n\t\t\t\t<\/div>\n\t\t\t\t<div class=\"input\">\n\t\t\t\t\t<input value=\"69364\" type=\"text\" id=\"gwolle_gb_58a22cb45247769173af3da8c05ad85c-1\" name=\"gwolle_gb_58a22cb45247769173af3da8c05ad85c\" class=\"gwolle_gb_58a22cb45247769173af3da8c05ad85c\" style=\"transform: translateY(10000px);\" \/>\n\t\t\t\t\t<input value=\"69364\" type=\"text\"id=\"gwolle_gb_c1127b6b1e4dba4ff2d7b93772b8567e-1\" name=\"gwolle_gb_c1127b6b1e4dba4ff2d7b93772b8567e\" class=\"gwolle_gb_c1127b6b1e4dba4ff2d7b93772b8567e\" style=\"transform: translateY(10000px);\" \/>\n\t\t\t\t<\/div>\n\t\t\t\t<div class=\"clearBoth\"><\/div>\n\t\t\t<\/div><div class=\"gwolle_gb_content\">\n\t\t\t\t<div class=\"label\"><label for=\"gwolle_gb_content-1\" class=\"text-info\">Vieraskirjan viesti <span class=\"required\">*<\/span><\/label><\/div>\n\t\t\t\t<div class=\"input\"><textarea id=\"gwolle_gb_content-1\" name=\"gwolle_gb_content\" class=\"gwolle_gb_content wp-exclude-emoji\" required ><\/textarea><\/div>\n\t\t\t\t\t<div class=\"clearBoth\">&nbsp;<\/div>\n\t\t\t\t<\/div><input type=\"hidden\" class=\"gwolle_gb_009f6ad07aa7109053540ac0f3bcad99\" id=\"gwolle_gb_009f6ad07aa7109053540ac0f3bcad99-1\" name=\"gwolle_gb_009f6ad07aa7109053540ac0f3bcad99\" value=\"145c0b2105\" \/>\n\t\t\t<div class=\"gwolle_gb_messages_bottom_container\"><\/div>\n\n\t\t\t<noscript><div class=\"no-js\">Warning: This form can only be used if JavaScript is enabled in your browser.<\/div><\/noscript>\n\n\t\t\t<div class=\"gwolle_gb_submit\">\n\t\t\t\t<div class=\"label gwolle-gb-invisible text-muted\">&nbsp;<\/div>\n\t\t\t\t<div class=\"input\">\n\t\t\t\t\t<input type=\"submit\" name=\"gwolle_gb_submit\" class=\"gwolle_gb_submit button btn btn-primary \" value=\"L\u00e4het\u00e4\" \/>\n\t\t\t\t\t<span class=\"gwolle_gb_submit_ajax_icon\"><\/span>\n\t\t\t\n\t\t\t\t<\/div>\n\t\t\t\t<div class=\"clearBoth\">&nbsp;<\/div>\n\t\t\t<\/div>\n\n\t\t\t<div class=\"gwolle_gb_notice\">\n\t\t\t\t<br \/>\nFields marked with * are required.<br \/>\nYour E-mail address won&#039;t be published.<br \/>\nIt&#039;s possible that your entry will only be visible in the guestbook after we reviewed it.<br \/>\nWe reserve the right to edit, delete, or not publish entries.<br \/>\n\n\t\t\t<\/div><\/form><div class=\"gwolle-gb-read gwolle-gb-ajax gwolle-gb-entries-list\" data-book_id=\"1\" data-page_id=\"1\">\n\t\t<div id=\"gwolle-gb-total\" class=\"gwolle-gb-total\">8 merkint\u00e4\u00e4.<\/div><!-- Gwolle-GB Entry: Default Template Loaded -->\n\t\t\t\t<div class=\"gb-entry gb-entry_9 gb-entry-count_1 gwolle_gb_uneven gwolle-gb-uneven gwolle-gb-first\" data-entry_id=\"9\">\n\t\t\t\t<article>\n\t\t\t\t\t<div class=\"gb-author-info\">\n\t\t\t\t\t\t<span class=\"gb-author-avatar\"><img referrerpolicy=\"no-referrer\" alt='Johannes' src='https:\/\/secure.gravatar.com\/avatar\/28388d93058488483cc5aa13b5fcb8c42702eb345ef7de026dbedc62af8f4838?s=32&#038;d=mm&#038;r=g' srcset='https:\/\/secure.gravatar.com\/avatar\/28388d93058488483cc5aa13b5fcb8c42702eb345ef7de026dbedc62af8f4838?s=64&#038;d=mm&#038;r=g 2x' class='avatar avatar-32 photo' height='32' width='32' \/><\/span>\n\t\t\t\t\t\t<span class=\"gb-author-name\">Johannes\n\t\t\t\t\t\t<\/span>\n\t\t\t\t\t\t<span class=\"gb-datetime\">\n\t\t\t\t\t\t\t<span class=\"gb-date\"><span class=\"gb-date-wrote-text\"> kirjoitti <\/span><span class=\"gb-date-text\"> 23.5.2023<\/span>\n\t\t\t\t\t\t\t<\/span><span class=\"gb-time\">\n\t\t\t\t\t\t\t\t\t<span class=\"gb-time-at-text\"> klo.<\/span>\n\t\t\t\t\t\t\t\t\t<span class=\"gb-time-text\"> 06:12<\/span>\n\t\t\t\t\t\t\t\t<\/span>\n\t\t\t\t\t\t<\/span> \n\t\t\t\t\t<\/div>\n\t\t\t\t\t<div class=\"gb-entry-content\">Hei,\r\n\r\nVoimia kipujen ja vammojen kanssa kamppailuun. \r\n\r\nLeikkauksia on melkoisesti. Onko l\u00f6ytynyt ikin\u00e4 mit\u00e4\u00e4n juurisyyt\u00e4 vammoihin vai meneek\u00f6 vain huonon tuuriin ja aktiivisen el\u00e4m\u00e4n piikkiin? Tarkoitan onko taustalta l\u00f6ytynyt jotain altistavaa tekij\u00e4\u00e4?\n\t\t\t\t\t<\/div>\n\t\t\t\t\t<div class=\"gb-entry-admin_reply\">\n\t\t\t\t\t\t<div class=\"gb-admin_reply_uid gb-admin-reply-uid\">\n\t\t\t\t\t\t\t<em>Yll\u00e4pidon vastaus: admin<\/em>\n\t\t\t\t\t\t<\/div> \n\t\t\t\t\t\t<div class=\"gb-admin_reply_content gb-admin-reply-content\">\n\t\t\t\t\t\tMoikka ja kiitos viestist\u00e4si \ud83d\ude42\r\n\r\nHyv\u00e4n kysymyksen laitoit. Olen itse monta kertaa miettinyt mahdollista juurisyyt\u00e4 jatkuviin leikkauksiini. Systeemi keskussairaaloissa ja yksityisill\u00e4 l\u00e4\u00e4k\u00e4riasemilla on vain sellainen, ett\u00e4 hoidetaan sit\u00e4 yht\u00e4 vammaa\/ ongelmaa, eik\u00e4 puututa ihmiseen kokonaisuutena. \r\n\r\nOnhan noista32 leikkauksesta osa sellaisia, jotka johtuvat selke\u00e4sti vamma-alueelle tulleesta voimakkaasta energiasta, joka on aiheuttanut vamman. Ja on leikkauksia, jotka eiv\u00e4t ole tekemisiss\u00e4 urheilun kanssa (kasvaimet). Mutta iso joukko on minulle itselleenkin mystisi\u00e4, hyvin olemattomalla tai ei ollenkaan traumalla varustettuja vammautumisia.\r\n\r\nUusi leikkaus lienee taas edess\u00e4 syksyll\u00e4 tai talvella.\n\t\t\t\t\t\t<\/div>\n\t\t\t\t\t<\/div>\n\t\t\t\t<\/article>\n\t\t\t<\/div>\n\t\t\t<div class=\"gb-entry gb-entry_8 gb-entry-count_2 gwolle_gb_even gwolle-gb-even\" data-entry_id=\"8\">\n\t\t\t\t<article>\n\t\t\t\t\t<div class=\"gb-author-info\">\n\t\t\t\t\t\t<span class=\"gb-author-avatar\"><img referrerpolicy=\"no-referrer\" alt='Tiuku' src='https:\/\/secure.gravatar.com\/avatar\/8e3555cb6303bfb5c6388bd0895a56d68e6e2ee28f01434532efe3bde8850be9?s=32&#038;d=mm&#038;r=g' srcset='https:\/\/secure.gravatar.com\/avatar\/8e3555cb6303bfb5c6388bd0895a56d68e6e2ee28f01434532efe3bde8850be9?s=64&#038;d=mm&#038;r=g 2x' class='avatar avatar-32 photo' height='32' width='32' \/><\/span>\n\t\t\t\t\t\t<span class=\"gb-author-name\">Tiuku\n\t\t\t\t\t\t<\/span>\n\t\t\t\t\t\t<span class=\"gb-author-origin\">\n\t\t\t\t\t\t\t<span class=\"gb-author-origin-from-text\"> -<\/span>\n\t\t\t\t\t\t\t<span class=\"gb-author-origin-text\"> Helsinki<\/span>\n\t\t\t\t\t\t<\/span>\n\t\t\t\t\t\t<span class=\"gb-datetime\">\n\t\t\t\t\t\t\t<span class=\"gb-date\"><span class=\"gb-date-wrote-text\"> kirjoitti <\/span><span class=\"gb-date-text\"> 5.10.2021<\/span>\n\t\t\t\t\t\t\t<\/span><span class=\"gb-time\">\n\t\t\t\t\t\t\t\t\t<span class=\"gb-time-at-text\"> klo.<\/span>\n\t\t\t\t\t\t\t\t\t<span class=\"gb-time-text\"> 16:27<\/span>\n\t\t\t\t\t\t\t\t<\/span>\n\t\t\t\t\t\t<\/span> \n\t\t\t\t\t<\/div>\n\t\t\t\t\t<div class=\"gb-entry-content\">Sattumalta osuin sivuille googlattuani Kalliopytinki\u00e4.\r\nAsuin lapsena Karhulassa ja syd\u00e4nalassa l\u00e4ik\u00e4ht\u00e4\u00e4, kun katselee kuvia tutuista rakennuksista, joita ei oikeastaan edes tiennyt muistavansa.\n\t\t\t\t\t<\/div>\n\t\t\t\t\t<div class=\"gb-entry-admin_reply\">\n\t\t\t\t\t\t<div class=\"gb-admin_reply_uid gb-admin-reply-uid\">\n\t\t\t\t\t\t\t<em>Yll\u00e4pidon vastaus: admin<\/em>\n\t\t\t\t\t\t<\/div> \n\t\t\t\t\t\t<div class=\"gb-admin_reply_content gb-admin-reply-content\">\n\t\t\t\t\t\tHei! Mukavaa, kun vierailit sivuillamme ja j\u00e4tit viesti\u00e4. Tervetuloa uudelleenkin \ud83d\ude42\n\t\t\t\t\t\t<\/div>\n\t\t\t\t\t<\/div>\n\t\t\t\t<\/article>\n\t\t\t<\/div>\n\t\t\t<div class=\"gb-entry gb-entry_7 gb-entry-count_3 gwolle_gb_uneven gwolle-gb-uneven\" data-entry_id=\"7\">\n\t\t\t\t<article>\n\t\t\t\t\t<div class=\"gb-author-info\">\n\t\t\t\t\t\t<span class=\"gb-author-avatar\"><img referrerpolicy=\"no-referrer\" alt='Jarkko' src='https:\/\/secure.gravatar.com\/avatar\/c9bd32b4a3ce9b4d45999ab5cf0cdc587f410db7c96d1fb1f5863dbbafe23f50?s=32&#038;d=mm&#038;r=g' srcset='https:\/\/secure.gravatar.com\/avatar\/c9bd32b4a3ce9b4d45999ab5cf0cdc587f410db7c96d1fb1f5863dbbafe23f50?s=64&#038;d=mm&#038;r=g 2x' class='avatar avatar-32 photo' height='32' width='32' \/><\/span>\n\t\t\t\t\t\t<span class=\"gb-author-name\">Jarkko\n\t\t\t\t\t\t<\/span>\n\t\t\t\t\t\t<span class=\"gb-author-origin\">\n\t\t\t\t\t\t\t<span class=\"gb-author-origin-from-text\"> -<\/span>\n\t\t\t\t\t\t\t<span class=\"gb-author-origin-text\"> Mikkeli<\/span>\n\t\t\t\t\t\t<\/span>\n\t\t\t\t\t\t<span class=\"gb-datetime\">\n\t\t\t\t\t\t\t<span class=\"gb-date\"><span class=\"gb-date-wrote-text\"> kirjoitti <\/span><span class=\"gb-date-text\"> 15.12.2020<\/span>\n\t\t\t\t\t\t\t<\/span><span class=\"gb-time\">\n\t\t\t\t\t\t\t\t\t<span class=\"gb-time-at-text\"> klo.<\/span>\n\t\t\t\t\t\t\t\t\t<span class=\"gb-time-text\"> 17:50<\/span>\n\t\t\t\t\t\t\t\t<\/span>\n\t\t\t\t\t\t<\/span> \n\t\t\t\t\t<\/div>\n\t\t\t\t\t<div class=\"gb-entry-content\">Hyv\u00e4\u00e4 joulua ja uutta vuotta 2021 teille sinne p\u00e4i\n\t\t\t\t\t<\/div>\n\t\t\t\t\t<div class=\"gb-entry-admin_reply\">\n\t\t\t\t\t\t<div class=\"gb-admin_reply_uid gb-admin-reply-uid\">\n\t\t\t\t\t\t\t<em>Yll\u00e4pidon vastaus: admin<\/em>\n\t\t\t\t\t\t<\/div> \n\t\t\t\t\t\t<div class=\"gb-admin_reply_content gb-admin-reply-content\">\n\t\t\t\t\t\tHyv\u00e4\u00e4 Joulua \ud83d\ude42\n\t\t\t\t\t\t<\/div>\n\t\t\t\t\t<\/div>\n\t\t\t\t<\/article>\n\t\t\t<\/div>\n\t\t\t<div class=\"gb-entry gb-entry_6 gb-entry-count_4 gwolle_gb_even gwolle-gb-even\" data-entry_id=\"6\">\n\t\t\t\t<article>\n\t\t\t\t\t<div class=\"gb-author-info\">\n\t\t\t\t\t\t<span class=\"gb-author-avatar\"><img referrerpolicy=\"no-referrer\" alt='Jukka' src='https:\/\/secure.gravatar.com\/avatar\/a954441832c7f315ce149d19af004e2e37e9d104c154031affadaa64e53766fc?s=32&#038;d=mm&#038;r=g' srcset='https:\/\/secure.gravatar.com\/avatar\/a954441832c7f315ce149d19af004e2e37e9d104c154031affadaa64e53766fc?s=64&#038;d=mm&#038;r=g 2x' class='avatar avatar-32 photo' height='32' width='32' \/><\/span>\n\t\t\t\t\t\t<span class=\"gb-author-name\">Jukka\n\t\t\t\t\t\t<\/span>\n\t\t\t\t\t\t<span class=\"gb-author-origin\">\n\t\t\t\t\t\t\t<span class=\"gb-author-origin-from-text\"> -<\/span>\n\t\t\t\t\t\t\t<span class=\"gb-author-origin-text\"> Helsinki<\/span>\n\t\t\t\t\t\t<\/span>\n\t\t\t\t\t\t<span class=\"gb-datetime\">\n\t\t\t\t\t\t\t<span class=\"gb-date\"><span class=\"gb-date-wrote-text\"> kirjoitti <\/span><span class=\"gb-date-text\"> 22.11.2020<\/span>\n\t\t\t\t\t\t\t<\/span><span class=\"gb-time\">\n\t\t\t\t\t\t\t\t\t<span class=\"gb-time-at-text\"> klo.<\/span>\n\t\t\t\t\t\t\t\t\t<span class=\"gb-time-text\"> 12:09<\/span>\n\t\t\t\t\t\t\t\t<\/span>\n\t\t\t\t\t\t<\/span> \n\t\t\t\t\t<\/div>\n\t\t\t\t\t<div class=\"gb-entry-content\">Hei, olet maininnut kuvateksteiss\u00e4 ett\u00e4 Cinderella Noel III on ven\u00e4l\u00e4isomisteinen. Tarkistatko yst\u00e4v\u00e4llisesti tietol\u00e4hteesi. Kyseisen aluksen omistaa sveitsil\u00e4inen suomen yst\u00e4v\u00e4.\n\t\t\t\t\t<\/div>\n\t\t\t\t\t<div class=\"gb-entry-admin_reply\">\n\t\t\t\t\t\t<div class=\"gb-admin_reply_uid gb-admin-reply-uid\">\n\t\t\t\t\t\t\t<em>Yll\u00e4pidon vastaus: admin<\/em>\n\t\t\t\t\t\t<\/div> \n\t\t\t\t\t\t<div class=\"gb-admin_reply_content gb-admin-reply-content\">\n\t\t\t\t\t\tKiitos infosta. Vaihdetaan tieto.\n\t\t\t\t\t\t<\/div>\n\t\t\t\t\t<\/div>\n\t\t\t\t<\/article>\n\t\t\t<\/div>\n\t\t\t<div class=\"gb-entry gb-entry_5 gb-entry-count_5 gwolle_gb_uneven gwolle-gb-uneven\" data-entry_id=\"5\">\n\t\t\t\t<article>\n\t\t\t\t\t<div class=\"gb-author-info\">\n\t\t\t\t\t\t<span class=\"gb-author-avatar\"><img referrerpolicy=\"no-referrer\" alt='Lili Autio' src='https:\/\/secure.gravatar.com\/avatar\/270d93bb38d3f3aec4731edf341b6ebfb90c6a4d8ea20ab8c62f5ab2af811154?s=32&#038;d=mm&#038;r=g' srcset='https:\/\/secure.gravatar.com\/avatar\/270d93bb38d3f3aec4731edf341b6ebfb90c6a4d8ea20ab8c62f5ab2af811154?s=64&#038;d=mm&#038;r=g 2x' class='avatar avatar-32 photo' height='32' width='32' \/><\/span>\n\t\t\t\t\t\t<span class=\"gb-author-name\">Lili Autio\n\t\t\t\t\t\t<\/span>\n\t\t\t\t\t\t<span class=\"gb-author-origin\">\n\t\t\t\t\t\t\t<span class=\"gb-author-origin-from-text\"> -<\/span>\n\t\t\t\t\t\t\t<span class=\"gb-author-origin-text\"> Merell\u00e4<\/span>\n\t\t\t\t\t\t<\/span>\n\t\t\t\t\t\t<span class=\"gb-datetime\">\n\t\t\t\t\t\t\t<span class=\"gb-date\"><span class=\"gb-date-wrote-text\"> kirjoitti <\/span><span class=\"gb-date-text\"> 18.11.2020<\/span>\n\t\t\t\t\t\t\t<\/span><span class=\"gb-time\">\n\t\t\t\t\t\t\t\t\t<span class=\"gb-time-at-text\"> klo.<\/span>\n\t\t\t\t\t\t\t\t\t<span class=\"gb-time-text\"> 02:04<\/span>\n\t\t\t\t\t\t\t\t<\/span>\n\t\t\t\t\t\t<\/span> \n\t\t\t\t\t<\/div>\n\t\t\t\t\t<div class=\"gb-entry-content\">Terveiset It\u00e4merelt\u00e4!  Sattumalt l\u00f6ysin t\u00e4n, kun Hiltusen J. ol pyyt\u00e4nny kamuks, ja siit\u00e4 sit selasin J:n kaverei Facessa. Pit\u00e4\u00e4 lukea blogia kunhan t\u00e4\u00e4lt\u00e4 t\u00f6ist\u00e4 p\u00e4\u00e4see taas kotiin. \r\nEli t\u00e4\u00e4ll\u00e4 rahtilaivahommissa ajelen, t\u00e4l kertaa sateessa ja tuulessa keskell\u00e4 pimeint\u00e4 y\u00f6t\u00e4, aamuks Hankoon....\n\t\t\t\t\t<\/div>\n\t\t\t\t\t<div class=\"gb-entry-admin_reply\">\n\t\t\t\t\t\t<div class=\"gb-admin_reply_uid gb-admin-reply-uid\">\n\t\t\t\t\t\t\t<em>Yll\u00e4pidon vastaus: admin<\/em>\n\t\t\t\t\t\t<\/div> \n\t\t\t\t\t\t<div class=\"gb-admin_reply_content gb-admin-reply-content\">\n\t\t\t\t\t\tMukavaa, kun eksyit sivuillemme. Keli taitaa olla melkoinen siell\u00e4, kun se t\u00e4\u00e4ll\u00e4 Suomenlahden it\u00e4isess\u00e4kin kolkassa puhaltaa yli 20 puuskia. Oma vene on viel\u00e4 visusti meress\u00e4, onhan t\u00e4ss\u00e4 kautta viel\u00e4 j\u00e4ljell\u00e4. Palataan!\n\t\t\t\t\t\t<\/div>\n\t\t\t\t\t<\/div>\n\t\t\t\t<\/article>\n\t\t\t<\/div>\n\t\t\t<div class=\"gb-entry gb-entry_4 gb-entry-count_6 gwolle_gb_even gwolle-gb-even\" data-entry_id=\"4\">\n\t\t\t\t<article>\n\t\t\t\t\t<div class=\"gb-author-info\">\n\t\t\t\t\t\t<span class=\"gb-author-avatar\"><img referrerpolicy=\"no-referrer\" alt='Kala Kukko' src='https:\/\/secure.gravatar.com\/avatar\/1bad0c6c75af4e141145ce3efb5d5553e41892adec2d008ce75c74f9f3409d38?s=32&#038;d=mm&#038;r=g' srcset='https:\/\/secure.gravatar.com\/avatar\/1bad0c6c75af4e141145ce3efb5d5553e41892adec2d008ce75c74f9f3409d38?s=64&#038;d=mm&#038;r=g 2x' class='avatar avatar-32 photo' height='32' width='32' \/><\/span>\n\t\t\t\t\t\t<span class=\"gb-author-name\">Kala Kukko\n\t\t\t\t\t\t<\/span>\n\t\t\t\t\t\t<span class=\"gb-author-origin\">\n\t\t\t\t\t\t\t<span class=\"gb-author-origin-from-text\"> -<\/span>\n\t\t\t\t\t\t\t<span class=\"gb-author-origin-text\"> Kuopio<\/span>\n\t\t\t\t\t\t<\/span>\n\t\t\t\t\t\t<span class=\"gb-datetime\">\n\t\t\t\t\t\t\t<span class=\"gb-date\"><span class=\"gb-date-wrote-text\"> kirjoitti <\/span><span class=\"gb-date-text\"> 19.12.2019<\/span>\n\t\t\t\t\t\t\t<\/span><span class=\"gb-time\">\n\t\t\t\t\t\t\t\t\t<span class=\"gb-time-at-text\"> klo.<\/span>\n\t\t\t\t\t\t\t\t\t<span class=\"gb-time-text\"> 22:00<\/span>\n\t\t\t\t\t\t\t\t<\/span>\n\t\t\t\t\t\t<\/span> \n\t\t\t\t\t<\/div>\n\t\t\t\t\t<div class=\"gb-entry-content\">Bongailen laivoja t\u00e4\u00e4ll\u00e4 Kuopiossa. Yaralla seisoo p\u00e4ivitt\u00e4in Saimaan kanavaa pitkin tulevia rahtilaivoja. Google toi sivuillesi, kun etsin tietoja jostakin laivasta. Paljon hyvi\u00e4 tekstej\u00e4 ja kuvia. Cinderella Noel on muuten Sveitsist\u00e4. Olen sit\u00e4kin paattia seuraillut. K\u00e4vih\u00e4n kyseinen rautatiemoguli Kuopiossakin pari kertaa. Mukava pariskunta.\n\t\t\t\t\t<\/div>\n\t\t\t\t<\/article>\n\t\t\t<\/div>\n\t\t\t<div class=\"gb-entry gb-entry_3 gb-entry-count_7 gwolle_gb_uneven gwolle-gb-uneven\" data-entry_id=\"3\">\n\t\t\t\t<article>\n\t\t\t\t\t<div class=\"gb-author-info\">\n\t\t\t\t\t\t<span class=\"gb-author-avatar\"><img referrerpolicy=\"no-referrer\" alt='Fil.matr.' src='https:\/\/secure.gravatar.com\/avatar\/dc472000491737839d663bf8f58528c7477c39dc13872a0ac4590085e4f29646?s=32&#038;d=mm&#038;r=g' srcset='https:\/\/secure.gravatar.com\/avatar\/dc472000491737839d663bf8f58528c7477c39dc13872a0ac4590085e4f29646?s=64&#038;d=mm&#038;r=g 2x' class='avatar avatar-32 photo' height='32' width='32' \/><\/span>\n\t\t\t\t\t\t<span class=\"gb-author-name\">Fil.matr.\n\t\t\t\t\t\t<\/span>\n\t\t\t\t\t\t<span class=\"gb-author-origin\">\n\t\t\t\t\t\t\t<span class=\"gb-author-origin-from-text\"> -<\/span>\n\t\t\t\t\t\t\t<span class=\"gb-author-origin-text\"> Kotka<\/span>\n\t\t\t\t\t\t<\/span>\n\t\t\t\t\t\t<span class=\"gb-datetime\">\n\t\t\t\t\t\t\t<span class=\"gb-date\"><span class=\"gb-date-wrote-text\"> kirjoitti <\/span><span class=\"gb-date-text\"> 10.12.2019<\/span>\n\t\t\t\t\t\t\t<\/span><span class=\"gb-time\">\n\t\t\t\t\t\t\t\t\t<span class=\"gb-time-at-text\"> klo.<\/span>\n\t\t\t\t\t\t\t\t\t<span class=\"gb-time-text\"> 23:38<\/span>\n\t\t\t\t\t\t\t\t<\/span>\n\t\t\t\t\t\t<\/span> \n\t\t\t\t\t<\/div>\n\t\t\t\t\t<div class=\"gb-entry-content\">Satuin eksym\u00e4\u00e4n sivuillesi. Luin v\u00e4h\u00e4n ja lopulta luin melkein kaiken. Olet syd\u00e4mellinen, aito, upea ihminen ja sisukas kuin saaristom\u00e4nty. Kaikkea hyv\u00e4\u00e4 sinulle ja perheellesi.\n\t\t\t\t\t<\/div>\n\t\t\t\t\t<div class=\"gb-entry-admin_reply\">\n\t\t\t\t\t\t<div class=\"gb-admin_reply_uid gb-admin-reply-uid\">\n\t\t\t\t\t\t\t<em>Yll\u00e4pidon vastaus: admin<\/em>\n\t\t\t\t\t\t<\/div> \n\t\t\t\t\t\t<div class=\"gb-admin_reply_content gb-admin-reply-content\">\n\t\t\t\t\t\tKiitoksia viestist\u00e4si, jonka olet kirjoittanut liki vuosi sitten. Tekninen ongelma esti meit\u00e4 n\u00e4kem\u00e4st\u00e4 koko viesti\u00e4 t\u00e4h\u00e4n p\u00e4iv\u00e4\u00e4n asti. Mutta onneksi t\u00e4m\u00e4kin viesti nousi lopulta silmiemme eteen \ud83d\ude42\n\t\t\t\t\t\t<\/div>\n\t\t\t\t\t<\/div>\n\t\t\t\t<\/article>\n\t\t\t<\/div>\n\t\t\t<div class=\"gb-entry gb-entry_1 gb-entry-count_8 gwolle_gb_even gwolle-gb-even\" data-entry_id=\"1\">\n\t\t\t\t<article>\n\t\t\t\t\t<div class=\"gb-author-info\">\n\t\t\t\t\t\t<span class=\"gb-author-avatar\"><img referrerpolicy=\"no-referrer\" alt='Liisa' src='https:\/\/secure.gravatar.com\/avatar\/0cd27fbe7f1a69cad53c813efc1bfa566b3ef9393cbf75504205f2720546b17e?s=32&#038;d=mm&#038;r=g' srcset='https:\/\/secure.gravatar.com\/avatar\/0cd27fbe7f1a69cad53c813efc1bfa566b3ef9393cbf75504205f2720546b17e?s=64&#038;d=mm&#038;r=g 2x' class='avatar avatar-32 photo' height='32' width='32' \/><\/span>\n\t\t\t\t\t\t<span class=\"gb-author-name\">Liisa\n\t\t\t\t\t\t<\/span>\n\t\t\t\t\t\t<span class=\"gb-author-origin\">\n\t\t\t\t\t\t\t<span class=\"gb-author-origin-from-text\"> -<\/span>\n\t\t\t\t\t\t\t<span class=\"gb-author-origin-text\"> Vantaa<\/span>\n\t\t\t\t\t\t<\/span>\n\t\t\t\t\t\t<span class=\"gb-datetime\">\n\t\t\t\t\t\t\t<span class=\"gb-date\"><span class=\"gb-date-wrote-text\"> kirjoitti <\/span><span class=\"gb-date-text\"> 9.7.2019<\/span>\n\t\t\t\t\t\t\t<\/span><span class=\"gb-time\">\n\t\t\t\t\t\t\t\t\t<span class=\"gb-time-at-text\"> klo.<\/span>\n\t\t\t\t\t\t\t\t\t<span class=\"gb-time-text\"> 06:08<\/span>\n\t\t\t\t\t\t\t\t<\/span>\n\t\t\t\t\t\t<\/span> \n\t\t\t\t\t<\/div>\n\t\t\t\t\t<div class=\"gb-entry-content\">Hei! \r\nEksyin aamulla sivuillesi kun kirjoitin googleen Saarimaja Kuutsalo. Ihana ja hyvin kirjoitettu sivu Kuutsalosta. Samaistuin siin\u00e4 moneen asiaan. Tuli hyv\u00e4 , hieno olo.\r\nEhk\u00e4... luulen ett\u00e4 palaan sivuillesi ja luen muut sivut kun vesi ropisee ulkona tai yleens\u00e4 ottaen kun alkaa luetuttamaan.\r\nLiisa\n\t\t\t\t\t<\/div>\n\t\t\t\t\t<div class=\"gb-entry-admin_reply\">\n\t\t\t\t\t\t<div class=\"gb-admin_reply_uid gb-admin-reply-uid\">\n\t\t\t\t\t\t\t<em>Yll\u00e4pidon vastaus: admin<\/em>\n\t\t\t\t\t\t<\/div> \n\t\t\t\t\t\t<div class=\"gb-admin_reply_content gb-admin-reply-content\">\n\t\t\t\t\t\tMukavaa, ett\u00e4 viihdyit \ud83d\ude42 Tervetuloa uudelleen, luettavaa ja katseltavia kuvia kyll\u00e4 riitt\u00e4\u00e4.\n\t\t\t\t\t\t<\/div>\n\t\t\t\t\t<\/div>\n\t\t\t\t<\/article>\n\t\t\t<\/div>\n\t\t\t<\/div><\/div>\n","protected":false},"excerpt":{"rendered":"<p>T\u00e4h\u00e4n voit j\u00e4tt\u00e4\u00e4 terkkuja k\u00e4ynnist\u00e4si sek\u00e4 kysymyksi\u00e4 tai mielipiteit\u00e4 sivuistamme.<\/p>\n","protected":false},"author":1,"featured_media":0,"parent":0,"menu_order":0,"comment_status":"closed","ping_status":"closed","template":"","meta":{"footnotes":""},"class_list":["post-2639","page","type-page","status-publish","hentry"],"_links":{"self":[{"href":"https:\/\/www.laurapennanen.fi\/index.php?rest_route=\/wp\/v2\/pages\/2639","targetHints":{"allow":["GET"]}}],"collection":[{"href":"https:\/\/www.laurapennanen.fi\/index.php?rest_route=\/wp\/v2\/pages"}],"about":[{"href":"https:\/\/www.laurapennanen.fi\/index.php?rest_route=\/wp\/v2\/types\/page"}],"author":[{"embeddable":true,"href":"https:\/\/www.laurapennanen.fi\/index.php?rest_route=\/wp\/v2\/users\/1"}],"replies":[{"embeddable":true,"href":"https:\/\/www.laurapennanen.fi\/index.php?rest_route=%2Fwp%2Fv2%2Fcomments&post=2639"}],"version-history":[{"count":3,"href":"https:\/\/www.laurapennanen.fi\/index.php?rest_route=\/wp\/v2\/pages\/2639\/revisions"}],"predecessor-version":[{"id":2644,"href":"https:\/\/www.laurapennanen.fi\/index.php?rest_route=\/wp\/v2\/pages\/2639\/revisions\/2644"}],"wp:attachment":[{"href":"https:\/\/www.laurapennanen.fi\/index.php?rest_route=%2Fwp%2Fv2%2Fmedia&parent=2639"}],"curies":[{"name":"wp","href":"https:\/\/api.w.org\/{rel}","templated":true}]}}