{"id":3032,"date":"2019-06-22T21:40:49","date_gmt":"2019-06-22T19:40:49","guid":{"rendered":"http:\/\/www.laurapennanen.fi\/?page_id=3032"},"modified":"2020-04-18T14:18:04","modified_gmt":"2020-04-18T12:18:04","slug":"kotkan-puistot","status":"publish","type":"page","link":"https:\/\/www.laurapennanen.fi\/?page_id=3032","title":{"rendered":"Kotkan puistot"},"content":{"rendered":"<ul style=\"list-style-type: disc;\">\n<li><a href=\"#Sibeliuksenpuisto\">Sibeliuksenpuisto<\/a><\/li>\n<li><a href=\"#Meripuisto\">Meripuisto<\/a><\/li>\n<li><a href=\"#Sapokan vesipuisto\">Sapokan vesipuisto<\/a><\/li>\n<li><a href=\"#Toivo Pekkasen puisto\">Toivo Pekkasen puisto<\/a><\/li>\n<li><a href=\"#Fuksinpuisto\">Fuksinpuisto<\/a><\/li>\n<li><a href=\"#Isopuisto\">Isopuisto<\/a><\/li>\n<li><a href=\"#Palotorninvuorenpuisto\">Palotorninvuorenpuisto<\/a><\/li>\n<li><a href=\"#Leninin puisto\">Leninin puisto<\/a><\/li>\n<li><a href=\"#Redutti Kotka\">Redutti Kotka<\/a><\/li>\n<li><a href=\"#Jokipuisto\">Jokipuisto<\/a><\/li>\n<li><a href=\"#Kumparepuisto\">Kumparepuisto<\/a><\/li>\n<li><a href=\"#Koskipuisto\">Koskipuisto<\/a><\/li>\n<\/ul>\n<p><a name=\"Sibeliuksenpuisto\"><\/a><\/p>\n<h2>Sibeliuksenpuisto<\/h2>\n<p>Sibeliuksenpuisto on tyylilt\u00e4\u00e4n muotopuutarhaa edustava puisto. Puistossa sijaitsevia veistoksia ovat Jussi M\u00e4ntysen &#8221;Kotkat&#8217; ja Alexander Reichsteinin &#8221;Muodonmuutoksia&#8221;.<\/p>\n<div class=\"kuvat\">\n<p><a href=\"http:\/\/www.laurapennanen.fi\/wp-content\/uploads\/2019\/06\/Sibeliuksenpuisto-Kotka-1.jpg\"><img loading=\"lazy\" decoding=\"async\" class=\"alignnone size-large wp-image-3054\" src=\"http:\/\/www.laurapennanen.fi\/wp-content\/uploads\/2019\/06\/Sibeliuksenpuisto-Kotka-1-1024x768.jpg\" alt=\"\" width=\"625\" height=\"469\" srcset=\"https:\/\/www.laurapennanen.fi\/wp-content\/uploads\/2019\/06\/Sibeliuksenpuisto-Kotka-1-1024x768.jpg 1024w, https:\/\/www.laurapennanen.fi\/wp-content\/uploads\/2019\/06\/Sibeliuksenpuisto-Kotka-1-300x225.jpg 300w, https:\/\/www.laurapennanen.fi\/wp-content\/uploads\/2019\/06\/Sibeliuksenpuisto-Kotka-1-768x576.jpg 768w, https:\/\/www.laurapennanen.fi\/wp-content\/uploads\/2019\/06\/Sibeliuksenpuisto-Kotka-1-624x468.jpg 624w, https:\/\/www.laurapennanen.fi\/wp-content\/uploads\/2019\/06\/Sibeliuksenpuisto-Kotka-1.jpg 1280w\" sizes=\"auto, (max-width: 625px) 100vw, 625px\" \/><\/a><\/p>\n<\/div>\n<p><a name=\"Meripuisto\"><\/a><\/p>\n<h2>Meripuisto<\/h2>\n<p>Kotkansaaren etel\u00e4osassa Katariinanniemell\u00e4 sijaitseva puisto. Alueella olleen \u00f6ljysataman toiminnan loppumisen j\u00e4lkeen vuosituhannen vaihteessa alue vapautui virkistysk\u00e4ytt\u00f6\u00f6n ja sinne perustettiin uusi merellinen puisto.<\/p>\n<div class=\"kuvat\">\n<p><a href=\"http:\/\/www.laurapennanen.fi\/wp-content\/uploads\/2019\/06\/Katariinan-meripuisto-1.jpg\"><img loading=\"lazy\" decoding=\"async\" class=\"alignnone size-large wp-image-3068\" src=\"http:\/\/www.laurapennanen.fi\/wp-content\/uploads\/2019\/06\/Katariinan-meripuisto-1-1024x768.jpg\" alt=\"\" width=\"625\" height=\"469\" srcset=\"https:\/\/www.laurapennanen.fi\/wp-content\/uploads\/2019\/06\/Katariinan-meripuisto-1-1024x768.jpg 1024w, https:\/\/www.laurapennanen.fi\/wp-content\/uploads\/2019\/06\/Katariinan-meripuisto-1-300x225.jpg 300w, https:\/\/www.laurapennanen.fi\/wp-content\/uploads\/2019\/06\/Katariinan-meripuisto-1-768x576.jpg 768w, https:\/\/www.laurapennanen.fi\/wp-content\/uploads\/2019\/06\/Katariinan-meripuisto-1-624x468.jpg 624w, https:\/\/www.laurapennanen.fi\/wp-content\/uploads\/2019\/06\/Katariinan-meripuisto-1.jpg 1280w\" sizes=\"auto, (max-width: 625px) 100vw, 625px\" \/><\/a><\/p>\n<\/div>\n<p><a name=\"Sapokan vesipuisto\"><\/a><\/p>\n<h2>Sapokan vesipuisto<\/h2>\n<p>Puistossa sijaitsee toistakymment\u00e4 Hannele Kyl\u00e4np\u00e4\u00e4n el\u00e4inaiheista veistosta. Ruusuterassin alueelle ja l\u00e4hiymp\u00e4rist\u00f6\u00f6n on sijoitettu seitsem\u00e4n Eero Hiirosen veistosta.<\/p>\n<div class=\"kuvat\">\n<p><a href=\"http:\/\/www.laurapennanen.fi\/wp-content\/uploads\/2019\/06\/Sapokan-vesipuisto-syksyll\u00e4.jpg\"><img loading=\"lazy\" decoding=\"async\" class=\"alignnone wp-image-3063 size-large\" src=\"http:\/\/www.laurapennanen.fi\/wp-content\/uploads\/2019\/06\/Sapokan-vesipuisto-syksyll\u00e4-1024x768.jpg\" alt=\"\" width=\"625\" height=\"469\" srcset=\"https:\/\/www.laurapennanen.fi\/wp-content\/uploads\/2019\/06\/Sapokan-vesipuisto-syksyll\u00e4-1024x768.jpg 1024w, https:\/\/www.laurapennanen.fi\/wp-content\/uploads\/2019\/06\/Sapokan-vesipuisto-syksyll\u00e4-300x225.jpg 300w, https:\/\/www.laurapennanen.fi\/wp-content\/uploads\/2019\/06\/Sapokan-vesipuisto-syksyll\u00e4-768x576.jpg 768w, https:\/\/www.laurapennanen.fi\/wp-content\/uploads\/2019\/06\/Sapokan-vesipuisto-syksyll\u00e4-624x468.jpg 624w, https:\/\/www.laurapennanen.fi\/wp-content\/uploads\/2019\/06\/Sapokan-vesipuisto-syksyll\u00e4.jpg 1843w\" sizes=\"auto, (max-width: 625px) 100vw, 625px\" \/><\/a><\/p>\n<\/div>\n<p><a name=\"Jokipuisto\"><\/a><\/p>\n<h2>Jokipuisto<\/h2>\n<p>Jokipuisto sijaitsee Karhulassa Kymijoen varrella. Puistossa sijaitsee Antti Maasalon Alkul\u00e4hteell\u00e4 ja Emil Wikstr\u00f6min Tukinuittaja-veistos.<\/p>\n<div class=\"kuvat\">\n<p><a href=\"http:\/\/www.laurapennanen.fi\/wp-content\/uploads\/2019\/06\/Jokipuisto-Kotka-1.jpg\"><img loading=\"lazy\" decoding=\"async\" class=\"alignnone size-large wp-image-3058\" src=\"http:\/\/www.laurapennanen.fi\/wp-content\/uploads\/2019\/06\/Jokipuisto-Kotka-1-1024x768.jpg\" alt=\"\" width=\"625\" height=\"469\" srcset=\"https:\/\/www.laurapennanen.fi\/wp-content\/uploads\/2019\/06\/Jokipuisto-Kotka-1-1024x768.jpg 1024w, https:\/\/www.laurapennanen.fi\/wp-content\/uploads\/2019\/06\/Jokipuisto-Kotka-1-300x225.jpg 300w, https:\/\/www.laurapennanen.fi\/wp-content\/uploads\/2019\/06\/Jokipuisto-Kotka-1-768x576.jpg 768w, https:\/\/www.laurapennanen.fi\/wp-content\/uploads\/2019\/06\/Jokipuisto-Kotka-1-624x468.jpg 624w, https:\/\/www.laurapennanen.fi\/wp-content\/uploads\/2019\/06\/Jokipuisto-Kotka-1.jpg 1280w\" sizes=\"auto, (max-width: 625px) 100vw, 625px\" \/><\/a><\/p>\n<\/div>\n<p><a name=\"Fuksinpuisto\"><\/a><\/p>\n<h2>Fuksinpuisto<\/h2>\n<p>Fuksinpuiston n\u00e4ytt\u00e4v\u00e4t atsaleat ovat saaneet alkunsa Helsingin yliopiston koekentt\u00e4istutuksista vuonna 1996. Puistossa sijaitsee Samulin Alosen veistos Siivekk\u00e4\u00e4t.<\/p>\n<div class=\"kuvat\">\n<p><a href=\"http:\/\/www.laurapennanen.fi\/wp-content\/uploads\/2019\/06\/Fuksinpuisto-Kotka-1.jpg\"><img loading=\"lazy\" decoding=\"async\" class=\"alignnone size-large wp-image-3076\" src=\"http:\/\/www.laurapennanen.fi\/wp-content\/uploads\/2019\/06\/Fuksinpuisto-Kotka-1-1024x768.jpg\" alt=\"\" width=\"625\" height=\"469\" srcset=\"https:\/\/www.laurapennanen.fi\/wp-content\/uploads\/2019\/06\/Fuksinpuisto-Kotka-1-1024x768.jpg 1024w, https:\/\/www.laurapennanen.fi\/wp-content\/uploads\/2019\/06\/Fuksinpuisto-Kotka-1-300x225.jpg 300w, https:\/\/www.laurapennanen.fi\/wp-content\/uploads\/2019\/06\/Fuksinpuisto-Kotka-1-768x576.jpg 768w, https:\/\/www.laurapennanen.fi\/wp-content\/uploads\/2019\/06\/Fuksinpuisto-Kotka-1-624x468.jpg 624w, https:\/\/www.laurapennanen.fi\/wp-content\/uploads\/2019\/06\/Fuksinpuisto-Kotka-1.jpg 1280w\" sizes=\"auto, (max-width: 625px) 100vw, 625px\" \/><\/a><\/p>\n<\/div>\n<div class=\"kuvat\">\n<p><a href=\"http:\/\/www.laurapennanen.fi\/wp-content\/uploads\/2019\/06\/Fuksinpuiston-atsaleoita-1.jpg\"><img loading=\"lazy\" decoding=\"async\" class=\"alignnone wp-image-2996 size-large\" src=\"http:\/\/www.laurapennanen.fi\/wp-content\/uploads\/2019\/06\/Fuksinpuiston-atsaleoita-1-1024x768.jpg\" alt=\"\" width=\"625\" height=\"469\" srcset=\"https:\/\/www.laurapennanen.fi\/wp-content\/uploads\/2019\/06\/Fuksinpuiston-atsaleoita-1-1024x768.jpg 1024w, https:\/\/www.laurapennanen.fi\/wp-content\/uploads\/2019\/06\/Fuksinpuiston-atsaleoita-1-300x225.jpg 300w, https:\/\/www.laurapennanen.fi\/wp-content\/uploads\/2019\/06\/Fuksinpuiston-atsaleoita-1-768x576.jpg 768w, https:\/\/www.laurapennanen.fi\/wp-content\/uploads\/2019\/06\/Fuksinpuiston-atsaleoita-1-624x468.jpg 624w\" sizes=\"auto, (max-width: 625px) 100vw, 625px\" \/><\/a><\/p>\n<\/div>\n<div class=\"kuvat\">\n<p><a href=\"http:\/\/www.laurapennanen.fi\/wp-content\/uploads\/2019\/06\/Fuksinpuisto-atsaleoita-2.jpg\"><img loading=\"lazy\" decoding=\"async\" class=\"alignnone wp-image-3041 size-large\" src=\"http:\/\/www.laurapennanen.fi\/wp-content\/uploads\/2019\/06\/Fuksinpuisto-atsaleoita-2-1024x683.jpg\" alt=\"\" width=\"625\" height=\"417\" srcset=\"https:\/\/www.laurapennanen.fi\/wp-content\/uploads\/2019\/06\/Fuksinpuisto-atsaleoita-2-1024x683.jpg 1024w, https:\/\/www.laurapennanen.fi\/wp-content\/uploads\/2019\/06\/Fuksinpuisto-atsaleoita-2-300x200.jpg 300w, https:\/\/www.laurapennanen.fi\/wp-content\/uploads\/2019\/06\/Fuksinpuisto-atsaleoita-2-768x512.jpg 768w, https:\/\/www.laurapennanen.fi\/wp-content\/uploads\/2019\/06\/Fuksinpuisto-atsaleoita-2-624x416.jpg 624w\" sizes=\"auto, (max-width: 625px) 100vw, 625px\" \/><\/a><\/p>\n<\/div>\n<div class=\"kuvat\">\n<p><a href=\"http:\/\/www.laurapennanen.fi\/wp-content\/uploads\/2019\/06\/Fuksinpuisto-atsaleoita-1.jpg\"><img loading=\"lazy\" decoding=\"async\" class=\"alignnone wp-image-3042 size-large\" src=\"http:\/\/www.laurapennanen.fi\/wp-content\/uploads\/2019\/06\/Fuksinpuisto-atsaleoita-1-1024x683.jpg\" alt=\"\" width=\"625\" height=\"417\" srcset=\"https:\/\/www.laurapennanen.fi\/wp-content\/uploads\/2019\/06\/Fuksinpuisto-atsaleoita-1-1024x683.jpg 1024w, https:\/\/www.laurapennanen.fi\/wp-content\/uploads\/2019\/06\/Fuksinpuisto-atsaleoita-1-300x200.jpg 300w, https:\/\/www.laurapennanen.fi\/wp-content\/uploads\/2019\/06\/Fuksinpuisto-atsaleoita-1-768x512.jpg 768w, https:\/\/www.laurapennanen.fi\/wp-content\/uploads\/2019\/06\/Fuksinpuisto-atsaleoita-1-624x416.jpg 624w\" sizes=\"auto, (max-width: 625px) 100vw, 625px\" \/><\/a><\/p>\n<\/div>\n<p><a name=\"Toivo Pekkasen puisto\"><\/a><\/p>\n<h2>Toivo Pekkasen puisto<\/h2>\n<p>Puistossa sijaitsevat veistokset ovat Frederico Asslerin Elinvoimainen l\u00e4sn\u00e4olo, Miina \u00c4kkijyrk\u00e4n Vasikat ja Jean-Erik Kullbergin Auringonpalvojat.<\/p>\n<p>Muistan kun lapsena veljeni kanssa k\u00e4vimme puistossa sijaitsevalla minigolfradalla Kymenlaaksonkadun varrella. Mailat ja pallot sai radalla olevasta kopista. V\u00e4yli\u00e4 oli useita erilaisia ja eritasoisia, joissa sai kokeilla taitojaan. Rata ilmeisesti poistettiin joskus 1970-luvulla. Samassa puistossa tuli kiipeilty\u00e4 lapsena puissa ja Etel\u00e4puistokadun puolella oli kalliota ja puistikkoa, jossa veljeni kanssa leikimme usein.<\/p>\n<div class=\"kuvat\">\n<p><a href=\"http:\/\/www.laurapennanen.fi\/wp-content\/uploads\/2019\/06\/Toivo-Pekkasen-puisto-1.jpg\"><img loading=\"lazy\" decoding=\"async\" class=\"size-large wp-image-3051\" src=\"http:\/\/www.laurapennanen.fi\/wp-content\/uploads\/2019\/06\/Toivo-Pekkasen-puisto-1-1024x768.jpg\" alt=\"\" width=\"625\" height=\"469\" srcset=\"https:\/\/www.laurapennanen.fi\/wp-content\/uploads\/2019\/06\/Toivo-Pekkasen-puisto-1-1024x768.jpg 1024w, https:\/\/www.laurapennanen.fi\/wp-content\/uploads\/2019\/06\/Toivo-Pekkasen-puisto-1-300x225.jpg 300w, https:\/\/www.laurapennanen.fi\/wp-content\/uploads\/2019\/06\/Toivo-Pekkasen-puisto-1-768x576.jpg 768w, https:\/\/www.laurapennanen.fi\/wp-content\/uploads\/2019\/06\/Toivo-Pekkasen-puisto-1-624x468.jpg 624w, https:\/\/www.laurapennanen.fi\/wp-content\/uploads\/2019\/06\/Toivo-Pekkasen-puisto-1.jpg 1843w\" sizes=\"auto, (max-width: 625px) 100vw, 625px\" \/><\/a><\/p>\n<\/div>\n<div class=\"kuvat\">\n<p><a href=\"http:\/\/www.laurapennanen.fi\/wp-content\/uploads\/2019\/06\/Toivo-Pekkasen-puisto-syksyll\u00e4.jpg\"><img loading=\"lazy\" decoding=\"async\" class=\"alignnone wp-image-3065 size-large\" src=\"http:\/\/www.laurapennanen.fi\/wp-content\/uploads\/2019\/06\/Toivo-Pekkasen-puisto-syksyll\u00e4-1024x768.jpg\" alt=\"\" width=\"625\" height=\"469\" srcset=\"https:\/\/www.laurapennanen.fi\/wp-content\/uploads\/2019\/06\/Toivo-Pekkasen-puisto-syksyll\u00e4-1024x768.jpg 1024w, https:\/\/www.laurapennanen.fi\/wp-content\/uploads\/2019\/06\/Toivo-Pekkasen-puisto-syksyll\u00e4-300x225.jpg 300w, https:\/\/www.laurapennanen.fi\/wp-content\/uploads\/2019\/06\/Toivo-Pekkasen-puisto-syksyll\u00e4-768x576.jpg 768w, https:\/\/www.laurapennanen.fi\/wp-content\/uploads\/2019\/06\/Toivo-Pekkasen-puisto-syksyll\u00e4-624x468.jpg 624w, https:\/\/www.laurapennanen.fi\/wp-content\/uploads\/2019\/06\/Toivo-Pekkasen-puisto-syksyll\u00e4.jpg 1843w\" sizes=\"auto, (max-width: 625px) 100vw, 625px\" \/><\/a><\/p>\n<\/div>\n<p><a name=\"Isopuisto\"><\/a><\/p>\n<h2>Isopuisto<\/h2>\n<p>Isopuisto on maisemapuutarhaa edustava puisto Kotkan ortodoksisen kirkon ymp\u00e4rill\u00e4. Puistossa sijaitsevia patsaita ja muistomerkkej\u00e4 ovat Aleksandr Popovin patsas ja muistolaatta, Fregatti St. Nikolain muistokivi, Kolmen Kannaksen Koukkaajat JR 45, Maria Purpurin patsas, El\u00e4m\u00e4n tanssi, Kotkan kilpi ja Tapion tyyny.<\/p>\n<div class=\"kuvat\">\n<p><a href=\"http:\/\/www.laurapennanen.fi\/wp-content\/uploads\/2019\/06\/Isopuisto-Kotka-1.jpg\"><img loading=\"lazy\" decoding=\"async\" class=\"alignnone size-large wp-image-3056\" src=\"http:\/\/www.laurapennanen.fi\/wp-content\/uploads\/2019\/06\/Isopuisto-Kotka-1-1024x768.jpg\" alt=\"\" width=\"625\" height=\"469\" srcset=\"https:\/\/www.laurapennanen.fi\/wp-content\/uploads\/2019\/06\/Isopuisto-Kotka-1-1024x768.jpg 1024w, https:\/\/www.laurapennanen.fi\/wp-content\/uploads\/2019\/06\/Isopuisto-Kotka-1-300x225.jpg 300w, https:\/\/www.laurapennanen.fi\/wp-content\/uploads\/2019\/06\/Isopuisto-Kotka-1-768x576.jpg 768w, https:\/\/www.laurapennanen.fi\/wp-content\/uploads\/2019\/06\/Isopuisto-Kotka-1-624x468.jpg 624w, https:\/\/www.laurapennanen.fi\/wp-content\/uploads\/2019\/06\/Isopuisto-Kotka-1.jpg 1280w\" sizes=\"auto, (max-width: 625px) 100vw, 625px\" \/><\/a><\/p>\n<\/div>\n<p><a name=\"Kumparepuisto\"><\/a><\/p>\n<h2>Kumparepuisto<\/h2>\n<p>Kumparepuisto sijaitsee Otsolassa. Alue on entinen kaatopaikka, jota on muotoiltu my\u00f6hemmin lis\u00e4maalla kumpareiksi.<\/p>\n<div class=\"kuvat\">\n<p><a href=\"http:\/\/www.laurapennanen.fi\/wp-content\/uploads\/2019\/06\/Kumparepuisto-Kotka-1.jpg\"><img loading=\"lazy\" decoding=\"async\" class=\"alignnone size-large wp-image-3061\" src=\"http:\/\/www.laurapennanen.fi\/wp-content\/uploads\/2019\/06\/Kumparepuisto-Kotka-1-1024x768.jpg\" alt=\"\" width=\"625\" height=\"469\" srcset=\"https:\/\/www.laurapennanen.fi\/wp-content\/uploads\/2019\/06\/Kumparepuisto-Kotka-1-1024x768.jpg 1024w, https:\/\/www.laurapennanen.fi\/wp-content\/uploads\/2019\/06\/Kumparepuisto-Kotka-1-300x225.jpg 300w, https:\/\/www.laurapennanen.fi\/wp-content\/uploads\/2019\/06\/Kumparepuisto-Kotka-1-768x576.jpg 768w, https:\/\/www.laurapennanen.fi\/wp-content\/uploads\/2019\/06\/Kumparepuisto-Kotka-1-624x468.jpg 624w, https:\/\/www.laurapennanen.fi\/wp-content\/uploads\/2019\/06\/Kumparepuisto-Kotka-1.jpg 1280w\" sizes=\"auto, (max-width: 625px) 100vw, 625px\" \/><\/a><\/p>\n<\/div>\n<p><a name=\"Palotorninvuorenpuisto\"><\/a><\/p>\n<h2>Palotorninvuorenpuisto<\/h2>\n<p>Puistossa sijaitsevat veistokset ja muistomerkit ovat Oskari Jauhiaisen Ahtaajat, Ilmapuolustuksen muistomerkki, Oddvar I. N. Darenin O-HOY, Tapio Sinisalon Tuliportaat, Keisarikunta-elokuvan muistomerkki ja Kim Simonssonin Idoli.<\/p>\n<p><a name=\"Leninin puisto\"><\/a><\/p>\n<h2>Leninin puisto<\/h2>\n<p>Puistossa sijaitsee virolaisen Matti Varikin Leninin patsas ja siihen liittyv\u00e4 puolalaisen Krzysztof Bednarskin veistos Leninin puuttuva k\u00e4sivarsi. Suomessa ei ole julkisissa ulkotiloissa kuin kaksi Leninin patsasta, toisen ollessa Tampereella.<\/p>\n<div class=\"kuvat\">\n<div id=\"attachment_3246\" style=\"width: 635px\" class=\"wp-caption alignnone\"><a href=\"http:\/\/www.laurapennanen.fi\/wp-content\/uploads\/2019\/07\/Leninin_patsas_1.jpg\"><img loading=\"lazy\" decoding=\"async\" aria-describedby=\"caption-attachment-3246\" class=\"wp-image-3246 size-large\" src=\"http:\/\/www.laurapennanen.fi\/wp-content\/uploads\/2019\/07\/Leninin_patsas_1-1024x922.jpg\" alt=\"\" width=\"625\" height=\"563\" \/><\/a><p id=\"caption-attachment-3246\" class=\"wp-caption-text\">Matti Varik, Leninin patsas, 1979.<\/p><\/div>\n<\/div>\n<div class=\"kuvat\">\n<div id=\"attachment_3247\" style=\"width: 410px\" class=\"wp-caption alignnone\"><a href=\"http:\/\/www.laurapennanen.fi\/wp-content\/uploads\/2019\/07\/Krzysztof_Bednarski_Leninin_puuttuva_k\u00e4sivarsi_1.jpg\"><img loading=\"lazy\" decoding=\"async\" aria-describedby=\"caption-attachment-3247\" class=\"wp-image-3247\" src=\"http:\/\/www.laurapennanen.fi\/wp-content\/uploads\/2019\/07\/Krzysztof_Bednarski_Leninin_puuttuva_k\u00e4sivarsi_1-768x1024.jpg\" alt=\"\" width=\"400\" height=\"533\" \/><\/a><p id=\"caption-attachment-3247\" class=\"wp-caption-text\">Krzysztof Bednarskin veistos Leninin puuttuva k\u00e4sivarsi, 1995.<\/p><\/div>\n<\/div>\n<p><a name=\"Redutti Kotka\"><\/a><\/p>\n<h2>Redutti Kotka<\/h2>\n<p>Ruotsinsalmen merilinnoitukseen kuuluneeseen reduttiin on perustettu yrttipuutarha.<\/p>\n<div class=\"kuvat\">\n<p><a href=\"http:\/\/www.laurapennanen.fi\/wp-content\/uploads\/2019\/07\/Redutti_Kotka_1.jpg\"><img loading=\"lazy\" decoding=\"async\" class=\"alignnone size-large wp-image-3250\" src=\"http:\/\/www.laurapennanen.fi\/wp-content\/uploads\/2019\/07\/Redutti_Kotka_1-1024x768.jpg\" alt=\"\" width=\"625\" height=\"469\" \/><\/a><\/p>\n<\/div>\n<p><a name=\"Koskipuisto\"><\/a><\/p>\n<h2>Koskipuisto<\/h2>\n<p>Puisto k\u00e4sitt\u00e4\u00e4 vajaan kahden kilometrin pituisen alueen Kymijoen Siika-, Koivu- ja Kokonkosken varrella. Alueella sijaitsee my\u00f6s arboretum eli puulajipuisto.<\/p>\n","protected":false},"excerpt":{"rendered":"<p>Sibeliuksenpuisto Meripuisto Sapokan vesipuisto Toivo Pekkasen puisto Fuksinpuisto Isopuisto Palotorninvuorenpuisto Leninin puisto Redutti Kotka Jokipuisto Kumparepuisto Koskipuisto Sibeliuksenpuisto Sibeliuksenpuisto on tyylilt\u00e4\u00e4n muotopuutarhaa edustava puisto. Puistossa sijaitsevia veistoksia ovat Jussi M\u00e4ntysen &#8221;Kotkat&#8217; ja Alexander Reichsteinin &#8221;Muodonmuutoksia&#8221;. Meripuisto Kotkansaaren etel\u00e4osassa Katariinanniemell\u00e4 sijaitseva puisto. Alueella olleen \u00f6ljysataman toiminnan loppumisen j\u00e4lkeen vuosituhannen vaihteessa alue vapautui virkistysk\u00e4ytt\u00f6\u00f6n ja sinne perustettiin [&hellip;]<\/p>\n","protected":false},"author":1,"featured_media":0,"parent":0,"menu_order":0,"comment_status":"closed","ping_status":"closed","template":"page-templates\/full-width.php","meta":{"footnotes":""},"class_list":["post-3032","page","type-page","status-publish","hentry"],"_links":{"self":[{"href":"https:\/\/www.laurapennanen.fi\/index.php?rest_route=\/wp\/v2\/pages\/3032","targetHints":{"allow":["GET"]}}],"collection":[{"href":"https:\/\/www.laurapennanen.fi\/index.php?rest_route=\/wp\/v2\/pages"}],"about":[{"href":"https:\/\/www.laurapennanen.fi\/index.php?rest_route=\/wp\/v2\/types\/page"}],"author":[{"embeddable":true,"href":"https:\/\/www.laurapennanen.fi\/index.php?rest_route=\/wp\/v2\/users\/1"}],"replies":[{"embeddable":true,"href":"https:\/\/www.laurapennanen.fi\/index.php?rest_route=%2Fwp%2Fv2%2Fcomments&post=3032"}],"version-history":[{"count":50,"href":"https:\/\/www.laurapennanen.fi\/index.php?rest_route=\/wp\/v2\/pages\/3032\/revisions"}],"predecessor-version":[{"id":4446,"href":"https:\/\/www.laurapennanen.fi\/index.php?rest_route=\/wp\/v2\/pages\/3032\/revisions\/4446"}],"wp:attachment":[{"href":"https:\/\/www.laurapennanen.fi\/index.php?rest_route=%2Fwp%2Fv2%2Fmedia&parent=3032"}],"curies":[{"name":"wp","href":"https:\/\/api.w.org\/{rel}","templated":true}]}}