{"id":44,"date":"2018-09-15T19:04:46","date_gmt":"2018-09-15T17:04:46","guid":{"rendered":"http:\/\/www.laurapennanen.fi\/?page_id=44"},"modified":"2025-11-21T07:13:57","modified_gmt":"2025-11-21T05:13:57","slug":"kotisivu","status":"publish","type":"page","link":"https:\/\/www.laurapennanen.fi\/","title":{"rendered":""},"content":{"rendered":"<p class=\"wp-caption-text\">Tervetuloa kotisivuillemme. Hypp\u00e4\u00e4 t\u00e4kille ja matkaa kanssamme saariston karuun mutta kauniiseen maailmaan. T\u00e4\u00e4ll\u00e4 sinua odottaa luonto lintuineen, kasveineen ja vuodenaikojen vaihteluineen\u00a0sek\u00e4\u00a0meren tyrskyt rantakivill\u00e4\u00a0ja lauma koiria \ud83d\ude42 Blogin puolella p\u00e4\u00e4set lukemaan ajatuksiamme el\u00e4m\u00e4st\u00e4 ja kommentoimaan niit\u00e4. Blogin kautta p\u00e4\u00e4set my\u00f6s mukaan arkeemme saaressa, Marun matkaan merelle ja tutustumaan moninaisiin harrastuksiimme. Toivottavasti viihdyt.<\/p>\n<h3>SIVUT<\/h3>\n<ul style=\"float: left; list-style-type: disc;\">\n<li><a href=\"http:\/\/www.laurapennanen.fi\/?page_id=313\">Maru<\/a><\/li>\n<li><a href=\"http:\/\/www.laurapennanen.fi\/?page_id=109\">Merell\u00e4<\/a>\n<ul style=\"list-style-type: circle; font-size: small;\">\n<li><a href=\"http:\/\/www.laurapennanen.fi\/?page_id=396\">Purjealukset<\/a><\/li>\n<li><a href=\"http:\/\/www.laurapennanen.fi\/?page_id=402\">Puuveneet<\/a><\/li>\n<li><a href=\"http:\/\/www.laurapennanen.fi\/?page_id=393\">Rahtialukset<\/a><\/li>\n<li><a href=\"http:\/\/www.laurapennanen.fi\/?page_id=384\">Yhteysalukset<\/a><\/li>\n<li><a href=\"http:\/\/www.laurapennanen.fi\/?page_id=398\">Matkustajalaivat<\/a><\/li>\n<li><a href=\"http:\/\/www.laurapennanen.fi\/?page_id=3026\">\u00d6kyveneet<\/a><\/li>\n<li><a href=\"http:\/\/www.laurapennanen.fi\/?page_id=400\">Viranomaisalukset<\/a><\/li>\n<li><a href=\"http:\/\/www.laurapennanen.fi\/?page_id=4247\">Hinaajat<\/a><\/li>\n<li><a href=\"http:\/\/www.laurapennanen.fi\/?page_id=404\">Muu vesiliikenne<\/a><\/li>\n<\/ul>\n<\/li>\n<li><a href=\"http:\/\/www.laurapennanen.fi\/?page_id=107\">Luonto<\/a>\n<ul style=\"list-style-type: circle; font-size: small;\">\n<li><a href=\"http:\/\/www.laurapennanen.fi\/?page_id=406\">Meris\u00e4\u00e4<\/a><\/li>\n<li><a href=\"http:\/\/www.laurapennanen.fi\/?page_id=465\">Merimaisemat<\/a><\/li>\n<li><a href=\"http:\/\/www.laurapennanen.fi\/?page_id=463\">Maisemat<\/a><\/li>\n<li><a href=\"http:\/\/www.laurapennanen.fi\/?page_id=1617\">Pilvet<\/a><\/li>\n<li><a href=\"http:\/\/www.laurapennanen.fi\/?page_id=1144\">Joutsenet<\/a><\/li>\n<li><a href=\"https:\/\/www.laurapennanen.fi\/?page_id=5638\">Lokit<\/a><\/li>\n<li><a href=\"http:\/\/www.laurapennanen.fi\/?page_id=457\">Muut linnut<\/a><\/li>\n<li><a href=\"http:\/\/www.laurapennanen.fi\/?page_id=1152\">Perhoset<\/a><\/li>\n<li><a href=\"http:\/\/www.laurapennanen.fi\/?page_id=461\">Muu fauna<\/a><\/li>\n<li><a href=\"http:\/\/www.laurapennanen.fi\/?page_id=459\">Kasvit<\/a><\/li>\n<\/ul>\n<\/li>\n<li><a href=\"http:\/\/www.laurapennanen.fi\/?page_id=86\">Koirat<\/a>\n<ul style=\"list-style-type: circle; font-size: small;\">\n<li><a href=\"http:\/\/www.laurapennanen.fi\/?page_id=1869\">Koiragalleria<\/a><\/li>\n<\/ul>\n<\/li>\n<li><a href=\"http:\/\/www.laurapennanen.fi\/?page_id=432\">Kissat<\/a>\n<ul style=\"list-style-type: circle; font-size: small;\">\n<li><a href=\"http:\/\/www.laurapennanen.fi\/?page_id=3266\">Nappi<\/a><\/li>\n<li><a href=\"http:\/\/www.laurapennanen.fi\/?page_id=5440\">Neppi<\/a><\/li>\n<\/ul>\n<\/li>\n<li><a href=\"http:\/\/www.laurapennanen.fi\/?page_id=568\">Kuutsalo<\/a><\/li>\n<li><a href=\"http:\/\/www.laurapennanen.fi\/?page_id=2172\">Kotkan rakennuksia<\/a><\/li>\n<li><a href=\"http:\/\/www.laurapennanen.fi\/?page_id=3032\">Kotkan puistot<\/a><\/li>\n<li><a href=\"http:\/\/www.laurapennanen.fi\/?page_id=2481\">Puutarha<\/a><\/li>\n<li><a href=\"http:\/\/www.laurapennanen.fi\/?page_id=115\">Musiikki<\/a><\/li>\n<li><a href=\"http:\/\/www.laurapennanen.fi\/?page_id=113\">Juokseminen<\/a>\n<ul style=\"list-style-type: circle; font-size: small;\">\n<li><a href=\"http:\/\/www.laurapennanen.fi\/?page_id=2229\">Treeniohjelmia<\/a><\/li>\n<li><a href=\"http:\/\/www.laurapennanen.fi\/?page_id=580\">Leikkaukset<\/a><\/li>\n<\/ul>\n<\/li>\n<li><a href=\"http:\/\/www.laurapennanen.fi\/?page_id=2414\">Jalkapallo<\/a><\/li>\n<li><a href=\"http:\/\/www.laurapennanen.fi\/?page_id=111\">Tietotekniikka<\/a><\/li>\n<li><a href=\"http:\/\/www.laurapennanen.fi\/?page_id=595\">Pelit<\/a><\/li>\n<li><a href=\"http:\/\/www.laurapennanen.fi\/?page_id=587\">Mopot ja m\u00f6nkij\u00e4t<\/a><\/li>\n<li><a href=\"http:\/\/www.laurapennanen.fi\/?page_id=3193\">Kohtaamisia<\/a><\/li>\n<\/ul>\n<p><a href=\"http:\/\/www.laurapennanen.fi\/wp-content\/\/uploads\/2025\/03\/Vahaluminen-talvi.jpg\"><img loading=\"lazy\" decoding=\"async\" class=\"alignnone wp-image-1878\" style=\"width: 400px; margin-right: 3%; margin-bottom: 0.5em; float: right;\" src=\"http:\/\/www.laurapennanen.fi\/wp-content\/uploads\/2025\/03\/Vahaluminen-talvi.jpg\" alt=\"\" width=\"625\" height=\"417\" \/><\/a><\/p>\n<p><a href=\"http:\/\/www.laurapennanen.fi\/wp-content\/uploads\/2025\/03\/Lepat-rannalla.jpg\"><img loading=\"lazy\" decoding=\"async\" class=\"alignnone wp-image-1878\" style=\"width: 400px; margin-right: 3%; margin-bottom: 1.5em; float: right;\" src=\"http:\/\/www.laurapennanen.fi\/wp-content\/uploads\/2025\/03\/Lepat-rannalla.jpg\" alt=\"\" width=\"625\" height=\"417\" \/><\/a><\/p>\n<h3>Viimeisimm\u00e4t p\u00e4ivitykset<\/h3>\n<ul style=\"list-style-type: none;\">\n<li>21.11.2025 Uusi bloggaus.<\/li>\n<li>5.3.2025 Uusi bloggaus. P\u00e4ivitetty etusivun kuvat.<\/li>\n<li>2.3.2025 Uusi bloggaus.<\/li>\n<li>10.11.2024 p\u00e4ivitetty etusivun kuvat ja Koirat-sivua<\/li>\n<li>6.7.2024 Uusi bloggaus.<\/li>\n<\/ul>\n<\/li>\n<\/ul>\n<p style=\"font-size: 10px;\">\u00a9www.laurapennanen.fi<\/p>\n","protected":false},"excerpt":{"rendered":"<p>Tervetuloa kotisivuillemme. Hypp\u00e4\u00e4 t\u00e4kille ja matkaa kanssamme saariston karuun mutta kauniiseen maailmaan. T\u00e4\u00e4ll\u00e4 sinua odottaa luonto lintuineen, kasveineen ja vuodenaikojen vaihteluineen\u00a0sek\u00e4\u00a0meren tyrskyt rantakivill\u00e4\u00a0ja lauma koiria \ud83d\ude42 Blogin puolella p\u00e4\u00e4set lukemaan ajatuksiamme el\u00e4m\u00e4st\u00e4 ja kommentoimaan niit\u00e4. Blogin kautta p\u00e4\u00e4set my\u00f6s mukaan arkeemme saaressa, Marun matkaan merelle ja tutustumaan moninaisiin harrastuksiimme. Toivottavasti viihdyt. SIVUT Maru Merell\u00e4 Purjealukset [&hellip;]<\/p>\n","protected":false},"author":1,"featured_media":0,"parent":0,"menu_order":0,"comment_status":"closed","ping_status":"closed","template":"page-templates\/front-page.php","meta":{"footnotes":""},"class_list":["post-44","page","type-page","status-publish","hentry"],"_links":{"self":[{"href":"https:\/\/www.laurapennanen.fi\/index.php?rest_route=\/wp\/v2\/pages\/44","targetHints":{"allow":["GET"]}}],"collection":[{"href":"https:\/\/www.laurapennanen.fi\/index.php?rest_route=\/wp\/v2\/pages"}],"about":[{"href":"https:\/\/www.laurapennanen.fi\/index.php?rest_route=\/wp\/v2\/types\/page"}],"author":[{"embeddable":true,"href":"https:\/\/www.laurapennanen.fi\/index.php?rest_route=\/wp\/v2\/users\/1"}],"replies":[{"embeddable":true,"href":"https:\/\/www.laurapennanen.fi\/index.php?rest_route=%2Fwp%2Fv2%2Fcomments&post=44"}],"version-history":[{"count":886,"href":"https:\/\/www.laurapennanen.fi\/index.php?rest_route=\/wp\/v2\/pages\/44\/revisions"}],"predecessor-version":[{"id":5865,"href":"https:\/\/www.laurapennanen.fi\/index.php?rest_route=\/wp\/v2\/pages\/44\/revisions\/5865"}],"wp:attachment":[{"href":"https:\/\/www.laurapennanen.fi\/index.php?rest_route=%2Fwp%2Fv2%2Fmedia&parent=44"}],"curies":[{"name":"wp","href":"https:\/\/api.w.org\/{rel}","templated":true}]}}