{"id":465,"date":"2018-10-25T17:49:52","date_gmt":"2018-10-25T15:49:52","guid":{"rendered":"http:\/\/www.laurapennanen.fi\/?page_id=465"},"modified":"2020-06-16T21:23:04","modified_gmt":"2020-06-16T19:23:04","slug":"merimaisemat","status":"publish","type":"page","link":"https:\/\/www.laurapennanen.fi\/?page_id=465","title":{"rendered":"Merimaisemat"},"content":{"rendered":"<div class=\"kuvat\">\n<div id=\"attachment_4592\" style=\"width: 635px\" class=\"wp-caption alignnone\"><a href=\"http:\/\/www.laurapennanen.fi\/wp-content\/uploads\/2020\/06\/Sade-merell\u00e4-scaled.jpg\"><img loading=\"lazy\" decoding=\"async\" aria-describedby=\"caption-attachment-4592\" class=\"wp-image-4592 size-large\" src=\"http:\/\/www.laurapennanen.fi\/wp-content\/uploads\/2020\/06\/Sade-merell\u00e4-1024x768.jpg\" alt=\"\" width=\"625\" height=\"469\" srcset=\"https:\/\/www.laurapennanen.fi\/wp-content\/uploads\/2020\/06\/Sade-merell\u00e4-1024x768.jpg 1024w, https:\/\/www.laurapennanen.fi\/wp-content\/uploads\/2020\/06\/Sade-merell\u00e4-300x225.jpg 300w, https:\/\/www.laurapennanen.fi\/wp-content\/uploads\/2020\/06\/Sade-merell\u00e4-768x576.jpg 768w, https:\/\/www.laurapennanen.fi\/wp-content\/uploads\/2020\/06\/Sade-merell\u00e4-1536x1152.jpg 1536w, https:\/\/www.laurapennanen.fi\/wp-content\/uploads\/2020\/06\/Sade-merell\u00e4-2048x1536.jpg 2048w, https:\/\/www.laurapennanen.fi\/wp-content\/uploads\/2020\/06\/Sade-merell\u00e4-624x468.jpg 624w\" sizes=\"auto, (max-width: 625px) 100vw, 625px\" \/><\/a><p id=\"caption-attachment-4592\" class=\"wp-caption-text\">Sade- ja ukkoskuuro kehittyy merell\u00e4 16.6.2020.<\/p><\/div>\n<\/div>\n<div class=\"kuvat\">\n<div id=\"attachment_4484\" style=\"width: 635px\" class=\"wp-caption alignnone\"><a href=\"http:\/\/www.laurapennanen.fi\/wp-content\/uploads\/2020\/05\/Sumukaari-merell\u00e4.jpg\"><img loading=\"lazy\" decoding=\"async\" aria-describedby=\"caption-attachment-4484\" class=\"wp-image-4484 size-large\" src=\"http:\/\/www.laurapennanen.fi\/wp-content\/uploads\/2020\/05\/Sumukaari-merell\u00e4-1024x768.jpg\" alt=\"\" width=\"625\" height=\"469\" srcset=\"https:\/\/www.laurapennanen.fi\/wp-content\/uploads\/2020\/05\/Sumukaari-merell\u00e4-1024x768.jpg 1024w, https:\/\/www.laurapennanen.fi\/wp-content\/uploads\/2020\/05\/Sumukaari-merell\u00e4-300x225.jpg 300w, https:\/\/www.laurapennanen.fi\/wp-content\/uploads\/2020\/05\/Sumukaari-merell\u00e4-768x576.jpg 768w, https:\/\/www.laurapennanen.fi\/wp-content\/uploads\/2020\/05\/Sumukaari-merell\u00e4-1536x1152.jpg 1536w, https:\/\/www.laurapennanen.fi\/wp-content\/uploads\/2020\/05\/Sumukaari-merell\u00e4-624x468.jpg 624w, https:\/\/www.laurapennanen.fi\/wp-content\/uploads\/2020\/05\/Sumukaari-merell\u00e4.jpg 2000w\" sizes=\"auto, (max-width: 625px) 100vw, 625px\" \/><\/a><p id=\"caption-attachment-4484\" class=\"wp-caption-text\">Sumukaari merell\u00e4 5.5.2020.<\/p><\/div>\n<\/div>\n<div class=\"kuvat\">\n<div id=\"attachment_3292\" style=\"width: 635px\" class=\"wp-caption alignnone\"><a href=\"http:\/\/www.laurapennanen.fi\/wp-content\/uploads\/2019\/07\/Pl\u00e4g\u00e4aamun-keinu.jpg\"><img loading=\"lazy\" decoding=\"async\" aria-describedby=\"caption-attachment-3292\" class=\"wp-image-3292 size-large\" src=\"http:\/\/www.laurapennanen.fi\/wp-content\/uploads\/2019\/07\/Pl\u00e4g\u00e4aamun-keinu-1024x683.jpg\" alt=\"\" width=\"625\" height=\"417\" srcset=\"https:\/\/www.laurapennanen.fi\/wp-content\/uploads\/2019\/07\/Pl\u00e4g\u00e4aamun-keinu-1024x683.jpg 1024w, https:\/\/www.laurapennanen.fi\/wp-content\/uploads\/2019\/07\/Pl\u00e4g\u00e4aamun-keinu-300x200.jpg 300w, https:\/\/www.laurapennanen.fi\/wp-content\/uploads\/2019\/07\/Pl\u00e4g\u00e4aamun-keinu-768x512.jpg 768w, https:\/\/www.laurapennanen.fi\/wp-content\/uploads\/2019\/07\/Pl\u00e4g\u00e4aamun-keinu-624x416.jpg 624w\" sizes=\"auto, (max-width: 625px) 100vw, 625px\" \/><\/a><p id=\"caption-attachment-3292\" class=\"wp-caption-text\">Varhainen hein\u00e4kuinen aamu, <a href=\"https:\/\/www.facebook.com\/laura.peltola.50\/videos\/2429636877098418\/\" target=\"_blank\" rel=\"noopener noreferrer\">kotimatkalla<\/a>. Keli on t\u00e4ydellinen pl\u00e4g\u00e4. Marun takaa laivan aallot saavuttavat meid\u00e4t ja keinunta on pitk\u00e4llist\u00e4, tasaista ja lempe\u00e4\u00e4. Vain Yanmarin nakutus, lokkien kirkuna ja maininkien keinu. Uskomattoman kaunis hetki 13.7.2019.<\/p><\/div>\n<\/div>\n<div class=\"kuvat\">\n<div id=\"attachment_1882\" style=\"width: 310px\" class=\"wp-caption alignnone\"><a href=\"http:\/\/www.laurapennanen.fi\/wp-content\/uploads\/2019\/04\/It\u00e4rivin-saareke11.jpg\"><img loading=\"lazy\" decoding=\"async\" aria-describedby=\"caption-attachment-1882\" class=\"wp-image-1882\" src=\"http:\/\/www.laurapennanen.fi\/wp-content\/uploads\/2019\/04\/It\u00e4rivin-saareke11-1024x768.jpg\" alt=\"\" width=\"300\" height=\"225\" srcset=\"https:\/\/www.laurapennanen.fi\/wp-content\/uploads\/2019\/04\/It\u00e4rivin-saareke11-1024x768.jpg 1024w, https:\/\/www.laurapennanen.fi\/wp-content\/uploads\/2019\/04\/It\u00e4rivin-saareke11-300x225.jpg 300w, https:\/\/www.laurapennanen.fi\/wp-content\/uploads\/2019\/04\/It\u00e4rivin-saareke11-768x576.jpg 768w, https:\/\/www.laurapennanen.fi\/wp-content\/uploads\/2019\/04\/It\u00e4rivin-saareke11-624x468.jpg 624w\" sizes=\"auto, (max-width: 300px) 100vw, 300px\" \/><\/a><p id=\"caption-attachment-1882\" class=\"wp-caption-text\">It\u00e4rivin rantaa Kuutsalon it\u00e4puolella 25.3.2019.<\/p><\/div>\n<\/div>\n<div class=\"kuvat\">\n<div id=\"attachment_1881\" style=\"width: 310px\" class=\"wp-caption alignnone\"><a href=\"http:\/\/www.laurapennanen.fi\/wp-content\/uploads\/2019\/04\/Sukosenpohjan-rantaa7.jpg\"><img loading=\"lazy\" decoding=\"async\" aria-describedby=\"caption-attachment-1881\" class=\"wp-image-1881\" src=\"http:\/\/www.laurapennanen.fi\/wp-content\/uploads\/2019\/04\/Sukosenpohjan-rantaa7-1024x768.jpg\" alt=\"\" width=\"300\" height=\"225\" srcset=\"https:\/\/www.laurapennanen.fi\/wp-content\/uploads\/2019\/04\/Sukosenpohjan-rantaa7-1024x768.jpg 1024w, https:\/\/www.laurapennanen.fi\/wp-content\/uploads\/2019\/04\/Sukosenpohjan-rantaa7-300x225.jpg 300w, https:\/\/www.laurapennanen.fi\/wp-content\/uploads\/2019\/04\/Sukosenpohjan-rantaa7-768x576.jpg 768w, https:\/\/www.laurapennanen.fi\/wp-content\/uploads\/2019\/04\/Sukosenpohjan-rantaa7-624x468.jpg 624w\" sizes=\"auto, (max-width: 300px) 100vw, 300px\" \/><\/a><p id=\"caption-attachment-1881\" class=\"wp-caption-text\">N\u00e4kym\u00e4\u00e4 Santaniemeen p\u00e4in 25.3.2019.<\/p><\/div>\n<\/div>\n<div class=\"kuvat\">\n<div id=\"attachment_2126\" style=\"width: 310px\" class=\"wp-caption alignnone\"><a href=\"http:\/\/www.laurapennanen.fi\/wp-content\/uploads\/2019\/04\/Kyl\u00e4nlahti-joulukuu.jpg\"><img loading=\"lazy\" decoding=\"async\" aria-describedby=\"caption-attachment-2126\" class=\"wp-image-2126\" src=\"http:\/\/www.laurapennanen.fi\/wp-content\/uploads\/2019\/04\/Kyl\u00e4nlahti-joulukuu-1024x766.jpg\" alt=\"\" width=\"300\" height=\"224\" srcset=\"https:\/\/www.laurapennanen.fi\/wp-content\/uploads\/2019\/04\/Kyl\u00e4nlahti-joulukuu-1024x766.jpg 1024w, https:\/\/www.laurapennanen.fi\/wp-content\/uploads\/2019\/04\/Kyl\u00e4nlahti-joulukuu-300x224.jpg 300w, https:\/\/www.laurapennanen.fi\/wp-content\/uploads\/2019\/04\/Kyl\u00e4nlahti-joulukuu-768x574.jpg 768w, https:\/\/www.laurapennanen.fi\/wp-content\/uploads\/2019\/04\/Kyl\u00e4nlahti-joulukuu-624x467.jpg 624w, https:\/\/www.laurapennanen.fi\/wp-content\/uploads\/2019\/04\/Kyl\u00e4nlahti-joulukuu.jpg 2036w\" sizes=\"auto, (max-width: 300px) 100vw, 300px\" \/><\/a><p id=\"caption-attachment-2126\" class=\"wp-caption-text\">Pilvet yhdist\u00e4v\u00e4t &#8211; pilvet erottavat. Itsen\u00e4isyysp\u00e4iv\u00e4n kaunis maisema 6.12.2018.<\/p><\/div>\n<\/div>\n<div class=\"kuvat\">\n<div id=\"attachment_947\" style=\"width: 310px\" class=\"wp-caption alignnone\"><a href=\"http:\/\/www.laurapennanen.fi\/wp-content\/uploads\/2018\/12\/Merimaisema-2.12.2018-3.jpg\"><img loading=\"lazy\" decoding=\"async\" aria-describedby=\"caption-attachment-947\" class=\"wp-image-947\" src=\"http:\/\/www.laurapennanen.fi\/wp-content\/uploads\/2018\/12\/Merimaisema-2.12.2018-3-1024x768.jpg\" alt=\"\" width=\"300\" height=\"225\" srcset=\"https:\/\/www.laurapennanen.fi\/wp-content\/uploads\/2018\/12\/Merimaisema-2.12.2018-3-1024x768.jpg 1024w, https:\/\/www.laurapennanen.fi\/wp-content\/uploads\/2018\/12\/Merimaisema-2.12.2018-3-300x225.jpg 300w, https:\/\/www.laurapennanen.fi\/wp-content\/uploads\/2018\/12\/Merimaisema-2.12.2018-3-768x576.jpg 768w, https:\/\/www.laurapennanen.fi\/wp-content\/uploads\/2018\/12\/Merimaisema-2.12.2018-3-624x468.jpg 624w\" sizes=\"auto, (max-width: 300px) 100vw, 300px\" \/><\/a><p id=\"caption-attachment-947\" class=\"wp-caption-text\">Ensilumen kosketus merell\u00e4 2.12.2018. R\u00e4\u00e4ouri ja sen kivist\u00e4 matalikkoa lumivaipassa aamulla hienoisessa lumipyryss\u00e4.<\/p><\/div>\n<\/div>\n<div class=\"kuvat\">\n<div id=\"attachment_3154\" style=\"width: 635px\" class=\"wp-caption alignnone\"><a href=\"http:\/\/www.laurapennanen.fi\/wp-content\/uploads\/2019\/07\/Usvainen-aamu-merell\u00e4.jpg\"><img loading=\"lazy\" decoding=\"async\" aria-describedby=\"caption-attachment-3154\" class=\"wp-image-3154 size-large\" src=\"http:\/\/www.laurapennanen.fi\/wp-content\/uploads\/2019\/07\/Usvainen-aamu-merell\u00e4-1024x683.jpg\" alt=\"\" width=\"625\" height=\"417\" srcset=\"https:\/\/www.laurapennanen.fi\/wp-content\/uploads\/2019\/07\/Usvainen-aamu-merell\u00e4-1024x683.jpg 1024w, https:\/\/www.laurapennanen.fi\/wp-content\/uploads\/2019\/07\/Usvainen-aamu-merell\u00e4-300x200.jpg 300w, https:\/\/www.laurapennanen.fi\/wp-content\/uploads\/2019\/07\/Usvainen-aamu-merell\u00e4-768x512.jpg 768w, https:\/\/www.laurapennanen.fi\/wp-content\/uploads\/2019\/07\/Usvainen-aamu-merell\u00e4-624x416.jpg 624w\" sizes=\"auto, (max-width: 625px) 100vw, 625px\" \/><\/a><p id=\"caption-attachment-3154\" class=\"wp-caption-text\">Pilvi\u00e4 taivaalla, pilvenharsoa merenpinnalla 8.10.2018.<\/p><\/div>\n<\/div>\n<div class=\"kuvat\">\n<div id=\"attachment_800\" style=\"width: 310px\" class=\"wp-caption alignnone\"><a href=\"http:\/\/www.laurapennanen.fi\/wp-content\/uploads\/2018\/11\/Merell\u00e4-aamu-8.10.jpg\"><img loading=\"lazy\" decoding=\"async\" aria-describedby=\"caption-attachment-800\" class=\"wp-image-800\" src=\"http:\/\/www.laurapennanen.fi\/wp-content\/uploads\/2018\/11\/Merell\u00e4-aamu-8.10-1024x683.jpg\" alt=\"\" width=\"300\" height=\"200\" srcset=\"https:\/\/www.laurapennanen.fi\/wp-content\/uploads\/2018\/11\/Merell\u00e4-aamu-8.10-1024x683.jpg 1024w, https:\/\/www.laurapennanen.fi\/wp-content\/uploads\/2018\/11\/Merell\u00e4-aamu-8.10-300x200.jpg 300w, https:\/\/www.laurapennanen.fi\/wp-content\/uploads\/2018\/11\/Merell\u00e4-aamu-8.10-768x512.jpg 768w, https:\/\/www.laurapennanen.fi\/wp-content\/uploads\/2018\/11\/Merell\u00e4-aamu-8.10-624x416.jpg 624w\" sizes=\"auto, (max-width: 300px) 100vw, 300px\" \/><\/a><p id=\"caption-attachment-800\" class=\"wp-caption-text\">Auringonnousu 8.10.2018 R\u00e4\u00e4ourin takaa klo 7:37.<\/p><\/div>\n<\/div>\n<div class=\"kuvat\">\n<div id=\"attachment_3877\" style=\"width: 635px\" class=\"wp-caption alignnone\"><a href=\"http:\/\/www.laurapennanen.fi\/wp-content\/uploads\/2019\/10\/Meritaidetta-2.jpg\"><img loading=\"lazy\" decoding=\"async\" aria-describedby=\"caption-attachment-3877\" class=\"wp-image-3877 size-large\" src=\"http:\/\/www.laurapennanen.fi\/wp-content\/uploads\/2019\/10\/Meritaidetta-2-1024x768.jpg\" alt=\"\" width=\"625\" height=\"469\" srcset=\"https:\/\/www.laurapennanen.fi\/wp-content\/uploads\/2019\/10\/Meritaidetta-2-1024x768.jpg 1024w, https:\/\/www.laurapennanen.fi\/wp-content\/uploads\/2019\/10\/Meritaidetta-2-300x225.jpg 300w, https:\/\/www.laurapennanen.fi\/wp-content\/uploads\/2019\/10\/Meritaidetta-2-768x576.jpg 768w, https:\/\/www.laurapennanen.fi\/wp-content\/uploads\/2019\/10\/Meritaidetta-2-624x468.jpg 624w, https:\/\/www.laurapennanen.fi\/wp-content\/uploads\/2019\/10\/Meritaidetta-2.jpg 2000w\" sizes=\"auto, (max-width: 625px) 100vw, 625px\" \/><\/a><p id=\"caption-attachment-3877\" class=\"wp-caption-text\">Meri muokkaa maisemaa, hetkellisesti, pitk\u00e4aikaisesti tai pysyv\u00e4sti. 16.8.2018.<\/p><\/div>\n<\/div>\n<div class=\"kuvat\">\n<div id=\"attachment_3876\" style=\"width: 635px\" class=\"wp-caption alignnone\"><a href=\"http:\/\/www.laurapennanen.fi\/wp-content\/uploads\/2019\/10\/Meritaidetta-1.jpg\"><img loading=\"lazy\" decoding=\"async\" aria-describedby=\"caption-attachment-3876\" class=\"wp-image-3876 size-large\" src=\"http:\/\/www.laurapennanen.fi\/wp-content\/uploads\/2019\/10\/Meritaidetta-1-1024x768.jpg\" alt=\"\" width=\"625\" height=\"469\" srcset=\"https:\/\/www.laurapennanen.fi\/wp-content\/uploads\/2019\/10\/Meritaidetta-1-1024x768.jpg 1024w, https:\/\/www.laurapennanen.fi\/wp-content\/uploads\/2019\/10\/Meritaidetta-1-300x225.jpg 300w, https:\/\/www.laurapennanen.fi\/wp-content\/uploads\/2019\/10\/Meritaidetta-1-768x576.jpg 768w, https:\/\/www.laurapennanen.fi\/wp-content\/uploads\/2019\/10\/Meritaidetta-1-624x468.jpg 624w, https:\/\/www.laurapennanen.fi\/wp-content\/uploads\/2019\/10\/Meritaidetta-1.jpg 2000w\" sizes=\"auto, (max-width: 625px) 100vw, 625px\" \/><\/a><p id=\"caption-attachment-3876\" class=\"wp-caption-text\">Onko kyseess\u00e4 ilmakuvaus mantereen ja meren kohtaamisesta vai veneen aalto, joka kohtaa tyynen merenpinnan. 16.8.2018.<\/p><\/div>\n<\/div>\n<div class=\"kuvat\">\n<div id=\"attachment_3875\" style=\"width: 635px\" class=\"wp-caption alignnone\"><a href=\"http:\/\/www.laurapennanen.fi\/wp-content\/uploads\/2019\/10\/Majakka-Sapokassa.jpg\"><img loading=\"lazy\" decoding=\"async\" aria-describedby=\"caption-attachment-3875\" class=\"wp-image-3875 size-large\" src=\"http:\/\/www.laurapennanen.fi\/wp-content\/uploads\/2019\/10\/Majakka-Sapokassa-1024x768.jpg\" alt=\"\" width=\"625\" height=\"469\" srcset=\"https:\/\/www.laurapennanen.fi\/wp-content\/uploads\/2019\/10\/Majakka-Sapokassa-1024x768.jpg 1024w, https:\/\/www.laurapennanen.fi\/wp-content\/uploads\/2019\/10\/Majakka-Sapokassa-300x225.jpg 300w, https:\/\/www.laurapennanen.fi\/wp-content\/uploads\/2019\/10\/Majakka-Sapokassa-768x576.jpg 768w, https:\/\/www.laurapennanen.fi\/wp-content\/uploads\/2019\/10\/Majakka-Sapokassa-624x468.jpg 624w, https:\/\/www.laurapennanen.fi\/wp-content\/uploads\/2019\/10\/Majakka-Sapokassa.jpg 2000w\" sizes=\"auto, (max-width: 625px) 100vw, 625px\" \/><\/a><p id=\"caption-attachment-3875\" class=\"wp-caption-text\">Sapokan majakka &#8211; kuvajainen 16.8.2018.<\/p><\/div>\n<\/div>\n<div class=\"kuvat\">\n<div id=\"attachment_575\" style=\"width: 310px\" class=\"wp-caption alignnone\"><a href=\"http:\/\/www.laurapennanen.fi\/wp-content\/uploads\/2018\/11\/Merell\u00e4-aamu-15.5.jpg\"><img loading=\"lazy\" decoding=\"async\" aria-describedby=\"caption-attachment-575\" class=\"wp-image-575\" src=\"http:\/\/www.laurapennanen.fi\/wp-content\/uploads\/2018\/11\/Merell\u00e4-aamu-15.5-1024x683.jpg\" alt=\"\" width=\"300\" height=\"200\" srcset=\"https:\/\/www.laurapennanen.fi\/wp-content\/uploads\/2018\/11\/Merell\u00e4-aamu-15.5-1024x683.jpg 1024w, https:\/\/www.laurapennanen.fi\/wp-content\/uploads\/2018\/11\/Merell\u00e4-aamu-15.5-300x200.jpg 300w, https:\/\/www.laurapennanen.fi\/wp-content\/uploads\/2018\/11\/Merell\u00e4-aamu-15.5-768x512.jpg 768w, https:\/\/www.laurapennanen.fi\/wp-content\/uploads\/2018\/11\/Merell\u00e4-aamu-15.5-624x416.jpg 624w\" sizes=\"auto, (max-width: 300px) 100vw, 300px\" \/><\/a><p id=\"caption-attachment-575\" class=\"wp-caption-text\">Aamuinen pl\u00e4g\u00e4 15.5.2018 Ruotsinsalmea kohti ajaessa.<\/p><\/div>\n<\/div>\n<div class=\"kuvat\">\n<div id=\"attachment_1744\" style=\"width: 310px\" class=\"wp-caption alignnone\"><a href=\"http:\/\/www.laurapennanen.fi\/wp-content\/uploads\/2019\/03\/Haminan-hirvi\u00f6t.jpg\"><img loading=\"lazy\" decoding=\"async\" aria-describedby=\"caption-attachment-1744\" class=\"wp-image-1744\" src=\"http:\/\/www.laurapennanen.fi\/wp-content\/uploads\/2019\/03\/Haminan-hirvi\u00f6t-1024x768.jpg\" alt=\"\" width=\"300\" height=\"225\" srcset=\"https:\/\/www.laurapennanen.fi\/wp-content\/uploads\/2019\/03\/Haminan-hirvi\u00f6t-1024x768.jpg 1024w, https:\/\/www.laurapennanen.fi\/wp-content\/uploads\/2019\/03\/Haminan-hirvi\u00f6t-300x225.jpg 300w, https:\/\/www.laurapennanen.fi\/wp-content\/uploads\/2019\/03\/Haminan-hirvi\u00f6t-768x576.jpg 768w, https:\/\/www.laurapennanen.fi\/wp-content\/uploads\/2019\/03\/Haminan-hirvi\u00f6t-624x468.jpg 624w, https:\/\/www.laurapennanen.fi\/wp-content\/uploads\/2019\/03\/Haminan-hirvi\u00f6t.jpg 2000w\" sizes=\"auto, (max-width: 300px) 100vw, 300px\" \/><\/a><p id=\"caption-attachment-1744\" class=\"wp-caption-text\">Haminan hirvi\u00f6t pilkottavat sumun seasta 29.4.2018.<\/p><\/div>\n<\/div>\n<div class=\"kuvat\">\n<div id=\"attachment_637\" style=\"width: 310px\" class=\"wp-caption alignnone\"><a href=\"http:\/\/www.laurapennanen.fi\/wp-content\/uploads\/2018\/11\/Merimaisema-11.01.-07.28.53.jpg\"><img loading=\"lazy\" decoding=\"async\" aria-describedby=\"caption-attachment-637\" class=\"wp-image-637\" src=\"http:\/\/www.laurapennanen.fi\/wp-content\/uploads\/2018\/11\/Merimaisema-11.01.-07.28.53-1024x768.jpg\" alt=\"\" width=\"300\" height=\"225\" srcset=\"https:\/\/www.laurapennanen.fi\/wp-content\/uploads\/2018\/11\/Merimaisema-11.01.-07.28.53-1024x768.jpg 1024w, https:\/\/www.laurapennanen.fi\/wp-content\/uploads\/2018\/11\/Merimaisema-11.01.-07.28.53-300x225.jpg 300w, https:\/\/www.laurapennanen.fi\/wp-content\/uploads\/2018\/11\/Merimaisema-11.01.-07.28.53-768x576.jpg 768w, https:\/\/www.laurapennanen.fi\/wp-content\/uploads\/2018\/11\/Merimaisema-11.01.-07.28.53-624x468.jpg 624w, https:\/\/www.laurapennanen.fi\/wp-content\/uploads\/2018\/11\/Merimaisema-11.01.-07.28.53.jpg 2000w\" sizes=\"auto, (max-width: 300px) 100vw, 300px\" \/><\/a><p id=\"caption-attachment-637\" class=\"wp-caption-text\">Kotilahden aamupunaa marraskuun ensimm\u00e4inen 2017.<\/p><\/div>\n<\/div>\n<div class=\"kuvat\">\n<div id=\"attachment_536\" style=\"width: 310px\" class=\"wp-caption alignnone\"><a href=\"http:\/\/www.laurapennanen.fi\/wp-content\/uploads\/2018\/10\/Merimaisema-8.8.jpg\"><img loading=\"lazy\" decoding=\"async\" aria-describedby=\"caption-attachment-536\" class=\"wp-image-536\" src=\"http:\/\/www.laurapennanen.fi\/wp-content\/uploads\/2018\/10\/Merimaisema-8.8-1024x683.jpg\" alt=\"\" width=\"300\" height=\"200\" srcset=\"https:\/\/www.laurapennanen.fi\/wp-content\/uploads\/2018\/10\/Merimaisema-8.8-1024x683.jpg 1024w, https:\/\/www.laurapennanen.fi\/wp-content\/uploads\/2018\/10\/Merimaisema-8.8-300x200.jpg 300w, https:\/\/www.laurapennanen.fi\/wp-content\/uploads\/2018\/10\/Merimaisema-8.8-768x512.jpg 768w, https:\/\/www.laurapennanen.fi\/wp-content\/uploads\/2018\/10\/Merimaisema-8.8-624x416.jpg 624w\" sizes=\"auto, (max-width: 300px) 100vw, 300px\" \/><\/a><p id=\"caption-attachment-536\" class=\"wp-caption-text\">Auringonnousu merell\u00e4 8.8.2017.<\/p><\/div>\n<\/div>\n<div class=\"kuvat\">\n<div id=\"attachment_1833\" style=\"width: 310px\" class=\"wp-caption alignnone\"><a href=\"http:\/\/www.laurapennanen.fi\/wp-content\/uploads\/2019\/03\/Merimaisema-kes\u00e4kuu-2017.jpg\"><img loading=\"lazy\" decoding=\"async\" aria-describedby=\"caption-attachment-1833\" class=\"wp-image-1833\" src=\"http:\/\/www.laurapennanen.fi\/wp-content\/uploads\/2019\/03\/Merimaisema-kes\u00e4kuu-2017-1024x768.jpg\" alt=\"\" width=\"300\" height=\"225\" srcset=\"https:\/\/www.laurapennanen.fi\/wp-content\/uploads\/2019\/03\/Merimaisema-kes\u00e4kuu-2017-1024x768.jpg 1024w, https:\/\/www.laurapennanen.fi\/wp-content\/uploads\/2019\/03\/Merimaisema-kes\u00e4kuu-2017-300x225.jpg 300w, https:\/\/www.laurapennanen.fi\/wp-content\/uploads\/2019\/03\/Merimaisema-kes\u00e4kuu-2017-768x576.jpg 768w, https:\/\/www.laurapennanen.fi\/wp-content\/uploads\/2019\/03\/Merimaisema-kes\u00e4kuu-2017-624x468.jpg 624w, https:\/\/www.laurapennanen.fi\/wp-content\/uploads\/2019\/03\/Merimaisema-kes\u00e4kuu-2017.jpg 1824w\" sizes=\"auto, (max-width: 300px) 100vw, 300px\" \/><\/a><p id=\"caption-attachment-1833\" class=\"wp-caption-text\">Kaunis aamuinen pilviharso taivaankannella 8.6.2017.<\/p><\/div>\n<\/div>\n<div class=\"kuvat\">\n<div id=\"attachment_577\" style=\"width: 310px\" class=\"wp-caption alignnone\"><a href=\"http:\/\/www.laurapennanen.fi\/wp-content\/uploads\/2018\/11\/Merell\u00e4-aamu-k\u00e4nny-25.5.jpg\"><img loading=\"lazy\" decoding=\"async\" aria-describedby=\"caption-attachment-577\" class=\"wp-image-577\" src=\"http:\/\/www.laurapennanen.fi\/wp-content\/uploads\/2018\/11\/Merell\u00e4-aamu-k\u00e4nny-25.5-1024x577.jpg\" alt=\"\" width=\"300\" height=\"169\" srcset=\"https:\/\/www.laurapennanen.fi\/wp-content\/uploads\/2018\/11\/Merell\u00e4-aamu-k\u00e4nny-25.5-1024x577.jpg 1024w, https:\/\/www.laurapennanen.fi\/wp-content\/uploads\/2018\/11\/Merell\u00e4-aamu-k\u00e4nny-25.5-300x169.jpg 300w, https:\/\/www.laurapennanen.fi\/wp-content\/uploads\/2018\/11\/Merell\u00e4-aamu-k\u00e4nny-25.5-768x433.jpg 768w, https:\/\/www.laurapennanen.fi\/wp-content\/uploads\/2018\/11\/Merell\u00e4-aamu-k\u00e4nny-25.5-624x352.jpg 624w, https:\/\/www.laurapennanen.fi\/wp-content\/uploads\/2018\/11\/Merell\u00e4-aamu-k\u00e4nny-25.5.jpg 1632w\" sizes=\"auto, (max-width: 300px) 100vw, 300px\" \/><\/a><p id=\"caption-attachment-577\" class=\"wp-caption-text\">Meren ja taivaan peilaus horisontissa 25.5.2017.<\/p><\/div>\n<\/div>\n<div class=\"kuvat\">\n<div id=\"attachment_576\" style=\"width: 310px\" class=\"wp-caption alignnone\"><a href=\"http:\/\/www.laurapennanen.fi\/wp-content\/uploads\/2018\/11\/Merell\u00e4-aamu-25.5.jpg\"><img loading=\"lazy\" decoding=\"async\" aria-describedby=\"caption-attachment-576\" class=\"wp-image-576\" src=\"http:\/\/www.laurapennanen.fi\/wp-content\/uploads\/2018\/11\/Merell\u00e4-aamu-25.5-1024x683.jpg\" alt=\"\" width=\"300\" height=\"200\" srcset=\"https:\/\/www.laurapennanen.fi\/wp-content\/uploads\/2018\/11\/Merell\u00e4-aamu-25.5-1024x683.jpg 1024w, https:\/\/www.laurapennanen.fi\/wp-content\/uploads\/2018\/11\/Merell\u00e4-aamu-25.5-300x200.jpg 300w, https:\/\/www.laurapennanen.fi\/wp-content\/uploads\/2018\/11\/Merell\u00e4-aamu-25.5-768x512.jpg 768w, https:\/\/www.laurapennanen.fi\/wp-content\/uploads\/2018\/11\/Merell\u00e4-aamu-25.5-624x416.jpg 624w\" sizes=\"auto, (max-width: 300px) 100vw, 300px\" \/><\/a><p id=\"caption-attachment-576\" class=\"wp-caption-text\">Kuutsalon it\u00e4puolen merimaisemaa varhaisena aamuna 25.5.2017.<\/p><\/div>\n<\/div>\n<div class=\"kuvat\">\n<div id=\"attachment_573\" style=\"width: 310px\" class=\"wp-caption alignnone\"><a href=\"http:\/\/www.laurapennanen.fi\/wp-content\/uploads\/2018\/11\/Kuutsalo-27.1.jpg\"><img loading=\"lazy\" decoding=\"async\" aria-describedby=\"caption-attachment-573\" class=\"wp-image-573\" src=\"http:\/\/www.laurapennanen.fi\/wp-content\/uploads\/2018\/11\/Kuutsalo-27.1-1024x683.jpg\" alt=\"\" width=\"300\" height=\"200\" srcset=\"https:\/\/www.laurapennanen.fi\/wp-content\/uploads\/2018\/11\/Kuutsalo-27.1-1024x683.jpg 1024w, https:\/\/www.laurapennanen.fi\/wp-content\/uploads\/2018\/11\/Kuutsalo-27.1-300x200.jpg 300w, https:\/\/www.laurapennanen.fi\/wp-content\/uploads\/2018\/11\/Kuutsalo-27.1-768x512.jpg 768w, https:\/\/www.laurapennanen.fi\/wp-content\/uploads\/2018\/11\/Kuutsalo-27.1-624x416.jpg 624w\" sizes=\"auto, (max-width: 300px) 100vw, 300px\" \/><\/a><p id=\"caption-attachment-573\" class=\"wp-caption-text\">Talvinen auringonnousu kyl\u00e4nlahdella 27.1.2017. Hyyt\u00e4v\u00e4n kylm\u00e4\u00e4 mutta niin kaunista &lt;3.<\/p><\/div>\n<\/div>\n<p><a href=\"http:\/\/www.laurapennanen.fi\/?page_id=107\">\u21d0 Palaa luonto-sivulle<\/a><\/p>\n","protected":false},"excerpt":{"rendered":"<p>\u21d0 Palaa luonto-sivulle<\/p>\n","protected":false},"author":1,"featured_media":0,"parent":107,"menu_order":0,"comment_status":"closed","ping_status":"closed","template":"page-templates\/full-width.php","meta":{"footnotes":""},"class_list":["post-465","page","type-page","status-publish","hentry"],"_links":{"self":[{"href":"https:\/\/www.laurapennanen.fi\/index.php?rest_route=\/wp\/v2\/pages\/465","targetHints":{"allow":["GET"]}}],"collection":[{"href":"https:\/\/www.laurapennanen.fi\/index.php?rest_route=\/wp\/v2\/pages"}],"about":[{"href":"https:\/\/www.laurapennanen.fi\/index.php?rest_route=\/wp\/v2\/types\/page"}],"author":[{"embeddable":true,"href":"https:\/\/www.laurapennanen.fi\/index.php?rest_route=\/wp\/v2\/users\/1"}],"replies":[{"embeddable":true,"href":"https:\/\/www.laurapennanen.fi\/index.php?rest_route=%2Fwp%2Fv2%2Fcomments&post=465"}],"version-history":[{"count":30,"href":"https:\/\/www.laurapennanen.fi\/index.php?rest_route=\/wp\/v2\/pages\/465\/revisions"}],"predecessor-version":[{"id":4593,"href":"https:\/\/www.laurapennanen.fi\/index.php?rest_route=\/wp\/v2\/pages\/465\/revisions\/4593"}],"up":[{"embeddable":true,"href":"https:\/\/www.laurapennanen.fi\/index.php?rest_route=\/wp\/v2\/pages\/107"}],"wp:attachment":[{"href":"https:\/\/www.laurapennanen.fi\/index.php?rest_route=%2Fwp%2Fv2%2Fmedia&parent=465"}],"curies":[{"name":"wp","href":"https:\/\/api.w.org\/{rel}","templated":true}]}}