{"id":5638,"date":"2023-02-26T09:53:27","date_gmt":"2023-02-26T07:53:27","guid":{"rendered":"https:\/\/www.laurapennanen.fi\/?page_id=5638"},"modified":"2023-02-27T15:26:26","modified_gmt":"2023-02-27T13:26:26","slug":"lokit","status":"publish","type":"page","link":"https:\/\/www.laurapennanen.fi\/?page_id=5638","title":{"rendered":"Lokit"},"content":{"rendered":"<p>Lokeista tulee usein mieleen pullasorsien ruokinnan yhteydess\u00e4 varastelevat valkoiset linnut, jotka kakkaavat kaikkialle. Lokit ovat my\u00f6s hyvin \u00e4\u00e4nekk\u00e4it\u00e4 sy\u00f6ksyess\u00e4\u00e4n kalastajien mereen heitt\u00e4mien perkeiden ja roskakalojen per\u00e4\u00e4\u00e4n. Lokkeja l\u00e4hemmin tarkastellessa ainakin itse n\u00e4en kauniin ja viisaankin linnun, joka on saarelaiselle t\u00e4rke\u00e4 kev\u00e4\u00e4n tuoja. Lokki saapuu saaristoon kev\u00e4\u00e4ll\u00e4 avoveden mukana. N\u00e4in ollen lokin ilmaantuessa kev\u00e4tj\u00e4ille tiet\u00e4\u00e4, ett\u00e4 l\u00e4hell\u00e4 on avovesi.<\/p>\n<p>Kuutsalon vesill\u00e4 on monia lokkilajeja. Yleisin lienee kalalokki, joka on ehdottomasti oma suosikkini. My\u00f6s suurikokoisia harmaa- ja merilokkeja elelee saaristossamme. Runsaslukuisena esiintyy tietenkin my\u00f6s naurulokki. Pikkulokkeja alueella on my\u00f6s mutta niiden erottaminen naurulokeista on matkan p\u00e4\u00e4st\u00e4 vaikeaa. Todella harvoin saattaa t\u00f6rm\u00e4t\u00e4 selk\u00e4lokkiin, jonka erottaa merilokista kirkkaan keltaisista koivista. Merilokilla koivet ovat vaaleanpunertavat.<\/p>\n<p>Kuvaan usein kalalokkeja, jotka rohkeina lintuina asettuvat ik\u00e4\u00e4nkuin linssin eteen. Er\u00e4\u00e4n\u00e4 kes\u00e4n\u00e4 kaksi kalalokin poikasta asustelivat laiturillamme el\u00e4m\u00e4ns\u00e4 ensi viikot. Emo tarkkaili poikasia meid\u00e4n tullessa paikalle mutta mit\u00e4 enenmm\u00e4n niille kertyi ik\u00e4\u00e4, sen huolettomammin emo niiden per\u00e4\u00e4n katsoi. Poikasetkin alkoivat tottua meihin ja seisoskelivat rauhassa vierell\u00e4mme, kun kuvasimme niit\u00e4. Omana haaveenani minulla on opetella piirt\u00e4m\u00e4\u00e4n lokkeja. Ehk\u00e4p\u00e4 joku p\u00e4iv\u00e4 siihen puuhaan ryhdyn.<\/p>\n<div class=\"kuvat\">\n<div id=\"attachment_5648\" style=\"width: 310px\" class=\"wp-caption alignnone\"><a href=\"http:\/\/www.laurapennanen.fi\/wp-content\/uploads\/2023\/02\/Lokinpojat.jpg\"><img loading=\"lazy\" decoding=\"async\" aria-describedby=\"caption-attachment-5648\" class=\"wp-image-5648 size-medium\" src=\"http:\/\/www.laurapennanen.fi\/wp-content\/uploads\/2023\/02\/Lokinpojat-300x224.jpg\" alt=\"\" width=\"300\" height=\"224\" srcset=\"https:\/\/www.laurapennanen.fi\/wp-content\/uploads\/2023\/02\/Lokinpojat-300x224.jpg 300w, https:\/\/www.laurapennanen.fi\/wp-content\/uploads\/2023\/02\/Lokinpojat-1024x765.jpg 1024w, https:\/\/www.laurapennanen.fi\/wp-content\/uploads\/2023\/02\/Lokinpojat-768x573.jpg 768w, https:\/\/www.laurapennanen.fi\/wp-content\/uploads\/2023\/02\/Lokinpojat-1536x1147.jpg 1536w, https:\/\/www.laurapennanen.fi\/wp-content\/uploads\/2023\/02\/Lokinpojat-624x466.jpg 624w, https:\/\/www.laurapennanen.fi\/wp-content\/uploads\/2023\/02\/Lokinpojat.jpg 1686w\" sizes=\"auto, (max-width: 300px) 100vw, 300px\" \/><\/a><p id=\"caption-attachment-5648\" class=\"wp-caption-text\">Kalalokin poikaset, jotka asustelivat laiturimme l\u00e4heisyydess\u00e4 kes\u00e4ll\u00e4 2020.<\/p><\/div>\n<\/div>\n<div class=\"kuvat\">\n<div id=\"attachment_4673\" style=\"width: 635px\" class=\"wp-caption alignnone\"><a href=\"http:\/\/www.laurapennanen.fi\/wp-content\/uploads\/2020\/07\/Naurulokki-kurkkaa.jpg\"><img loading=\"lazy\" decoding=\"async\" aria-describedby=\"caption-attachment-4673\" class=\"wp-image-4673 size-large\" src=\"http:\/\/www.laurapennanen.fi\/wp-content\/uploads\/2020\/07\/Naurulokki-kurkkaa-1024x735.jpg\" alt=\"\" width=\"625\" height=\"449\" srcset=\"https:\/\/www.laurapennanen.fi\/wp-content\/uploads\/2020\/07\/Naurulokki-kurkkaa-1024x735.jpg 1024w, https:\/\/www.laurapennanen.fi\/wp-content\/uploads\/2020\/07\/Naurulokki-kurkkaa-300x215.jpg 300w, https:\/\/www.laurapennanen.fi\/wp-content\/uploads\/2020\/07\/Naurulokki-kurkkaa-768x551.jpg 768w, https:\/\/www.laurapennanen.fi\/wp-content\/uploads\/2020\/07\/Naurulokki-kurkkaa-1536x1103.jpg 1536w, https:\/\/www.laurapennanen.fi\/wp-content\/uploads\/2020\/07\/Naurulokki-kurkkaa-624x448.jpg 624w, https:\/\/www.laurapennanen.fi\/wp-content\/uploads\/2020\/07\/Naurulokki-kurkkaa.jpg 1829w\" sizes=\"auto, (max-width: 625px) 100vw, 625px\" \/><\/a><p id=\"caption-attachment-4673\" class=\"wp-caption-text\">Naurulokki kurkkaa lennossa 10.7.2020.<\/p><\/div>\n<\/div>\n<div class=\"kuvat\">\n<div id=\"attachment_4588\" style=\"width: 635px\" class=\"wp-caption alignnone\"><a href=\"http:\/\/www.laurapennanen.fi\/wp-content\/uploads\/2020\/06\/Kalatiira-hopeanhohtoisena-scaled.jpg\"><img loading=\"lazy\" decoding=\"async\" aria-describedby=\"caption-attachment-4588\" class=\"wp-image-4588 size-large\" src=\"http:\/\/www.laurapennanen.fi\/wp-content\/uploads\/2020\/06\/Kalatiira-hopeanhohtoisena-1024x769.jpg\" alt=\"\" width=\"625\" height=\"469\" srcset=\"https:\/\/www.laurapennanen.fi\/wp-content\/uploads\/2020\/06\/Kalatiira-hopeanhohtoisena-1024x769.jpg 1024w, https:\/\/www.laurapennanen.fi\/wp-content\/uploads\/2020\/06\/Kalatiira-hopeanhohtoisena-300x225.jpg 300w, https:\/\/www.laurapennanen.fi\/wp-content\/uploads\/2020\/06\/Kalatiira-hopeanhohtoisena-768x577.jpg 768w, https:\/\/www.laurapennanen.fi\/wp-content\/uploads\/2020\/06\/Kalatiira-hopeanhohtoisena-1536x1153.jpg 1536w, https:\/\/www.laurapennanen.fi\/wp-content\/uploads\/2020\/06\/Kalatiira-hopeanhohtoisena-2048x1538.jpg 2048w, https:\/\/www.laurapennanen.fi\/wp-content\/uploads\/2020\/06\/Kalatiira-hopeanhohtoisena-624x469.jpg 624w\" sizes=\"auto, (max-width: 625px) 100vw, 625px\" \/><\/a><p id=\"caption-attachment-4588\" class=\"wp-caption-text\">Kalatiira hopeanhohtoisena 14.6.2020.<\/p><\/div>\n<\/div>\n<div class=\"kuvat\">\n<div id=\"attachment_4576\" style=\"width: 635px\" class=\"wp-caption alignnone\"><a href=\"http:\/\/www.laurapennanen.fi\/wp-content\/uploads\/2020\/06\/Merimetsot-ja-merilokki.jpg\"><img loading=\"lazy\" decoding=\"async\" aria-describedby=\"caption-attachment-4576\" class=\"wp-image-4576 size-large\" src=\"http:\/\/www.laurapennanen.fi\/wp-content\/uploads\/2020\/06\/Merimetsot-ja-merilokki-1024x768.jpg\" alt=\"\" width=\"625\" height=\"469\" srcset=\"https:\/\/www.laurapennanen.fi\/wp-content\/uploads\/2020\/06\/Merimetsot-ja-merilokki-1024x768.jpg 1024w, https:\/\/www.laurapennanen.fi\/wp-content\/uploads\/2020\/06\/Merimetsot-ja-merilokki-300x225.jpg 300w, https:\/\/www.laurapennanen.fi\/wp-content\/uploads\/2020\/06\/Merimetsot-ja-merilokki-768x576.jpg 768w, https:\/\/www.laurapennanen.fi\/wp-content\/uploads\/2020\/06\/Merimetsot-ja-merilokki-1536x1153.jpg 1536w, https:\/\/www.laurapennanen.fi\/wp-content\/uploads\/2020\/06\/Merimetsot-ja-merilokki-2048x1537.jpg 2048w, https:\/\/www.laurapennanen.fi\/wp-content\/uploads\/2020\/06\/Merimetsot-ja-merilokki-624x468.jpg 624w\" sizes=\"auto, (max-width: 625px) 100vw, 625px\" \/><\/a><p id=\"caption-attachment-4576\" class=\"wp-caption-text\">Lintumaailman poliisi ja roistot 4.6.2020 Kuutsalon ja Kirkonmaan v\u00e4lisess\u00e4 salmessa.<\/p><\/div>\n<\/div>\n<div class=\"kuvat\">\n<div id=\"attachment_4476\" style=\"width: 635px\" class=\"wp-caption alignnone\"><a href=\"http:\/\/www.laurapennanen.fi\/wp-content\/uploads\/2020\/05\/Kalatiira-liitelee-scaled.jpg\"><img loading=\"lazy\" decoding=\"async\" aria-describedby=\"caption-attachment-4476\" class=\"wp-image-4476 size-large\" src=\"http:\/\/www.laurapennanen.fi\/wp-content\/uploads\/2020\/05\/Kalatiira-liitelee-1024x709.jpg\" alt=\"\" width=\"625\" height=\"433\" srcset=\"https:\/\/www.laurapennanen.fi\/wp-content\/uploads\/2020\/05\/Kalatiira-liitelee-1024x709.jpg 1024w, https:\/\/www.laurapennanen.fi\/wp-content\/uploads\/2020\/05\/Kalatiira-liitelee-300x208.jpg 300w, https:\/\/www.laurapennanen.fi\/wp-content\/uploads\/2020\/05\/Kalatiira-liitelee-768x531.jpg 768w, https:\/\/www.laurapennanen.fi\/wp-content\/uploads\/2020\/05\/Kalatiira-liitelee-1536x1063.jpg 1536w, https:\/\/www.laurapennanen.fi\/wp-content\/uploads\/2020\/05\/Kalatiira-liitelee-2048x1417.jpg 2048w, https:\/\/www.laurapennanen.fi\/wp-content\/uploads\/2020\/05\/Kalatiira-liitelee-624x432.jpg 624w\" sizes=\"auto, (max-width: 625px) 100vw, 625px\" \/><\/a><p id=\"caption-attachment-4476\" class=\"wp-caption-text\">Kalatiira lennossa 4.5.2020.<\/p><\/div>\n<\/div>\n<div class=\"kuvat\">\n<div id=\"attachment_3940\" style=\"width: 635px\" class=\"wp-caption alignnone\"><a href=\"http:\/\/www.laurapennanen.fi\/wp-content\/uploads\/2019\/11\/Merilokki.jpg\"><img loading=\"lazy\" decoding=\"async\" aria-describedby=\"caption-attachment-3940\" class=\"wp-image-3940 size-large\" src=\"http:\/\/www.laurapennanen.fi\/wp-content\/uploads\/2019\/11\/Merilokki-1024x769.jpg\" alt=\"\" width=\"625\" height=\"469\" srcset=\"https:\/\/www.laurapennanen.fi\/wp-content\/uploads\/2019\/11\/Merilokki-1024x769.jpg 1024w, https:\/\/www.laurapennanen.fi\/wp-content\/uploads\/2019\/11\/Merilokki-300x225.jpg 300w, https:\/\/www.laurapennanen.fi\/wp-content\/uploads\/2019\/11\/Merilokki-768x576.jpg 768w, https:\/\/www.laurapennanen.fi\/wp-content\/uploads\/2019\/11\/Merilokki-624x468.jpg 624w, https:\/\/www.laurapennanen.fi\/wp-content\/uploads\/2019\/11\/Merilokki.jpg 2033w\" sizes=\"auto, (max-width: 625px) 100vw, 625px\" \/><\/a><p id=\"caption-attachment-3940\" class=\"wp-caption-text\">Merilokki 27.8.2019.<\/p><\/div>\n<\/div>\n<div class=\"kuvat\">\n<div id=\"attachment_3150\" style=\"width: 635px\" class=\"wp-caption alignnone\"><a href=\"http:\/\/www.laurapennanen.fi\/wp-content\/uploads\/2019\/07\/Lokinpojan-harjoituslento.jpg\"><img loading=\"lazy\" decoding=\"async\" aria-describedby=\"caption-attachment-3150\" class=\"wp-image-3150 size-large\" src=\"http:\/\/www.laurapennanen.fi\/wp-content\/uploads\/2019\/07\/Lokinpojan-harjoituslento-1024x682.jpg\" alt=\"\" width=\"625\" height=\"416\" srcset=\"https:\/\/www.laurapennanen.fi\/wp-content\/uploads\/2019\/07\/Lokinpojan-harjoituslento-1024x682.jpg 1024w, https:\/\/www.laurapennanen.fi\/wp-content\/uploads\/2019\/07\/Lokinpojan-harjoituslento-300x200.jpg 300w, https:\/\/www.laurapennanen.fi\/wp-content\/uploads\/2019\/07\/Lokinpojan-harjoituslento-768x511.jpg 768w, https:\/\/www.laurapennanen.fi\/wp-content\/uploads\/2019\/07\/Lokinpojan-harjoituslento-624x416.jpg 624w\" sizes=\"auto, (max-width: 625px) 100vw, 625px\" \/><\/a><p id=\"caption-attachment-3150\" class=\"wp-caption-text\">Nuori lokinpoika harjoittelee lent\u00e4mist\u00e4. Emolintu lensi l\u00e4hist\u00f6ll\u00e4 ja t\u00e4m\u00e4 nuorukainen selke\u00e4sti nautti osaamisestaan 1.7.2019 Kyl\u00e4nlahdella.<\/p><\/div>\n<\/div>\n<div class=\"kuvat\">\n<div id=\"attachment_3002\" style=\"width: 635px\" class=\"wp-caption alignnone\"><a href=\"http:\/\/www.laurapennanen.fi\/wp-content\/uploads\/2019\/06\/Kalalokki-lent\u00e4\u00e4.jpg\"><img loading=\"lazy\" decoding=\"async\" aria-describedby=\"caption-attachment-3002\" class=\"wp-image-3002 size-large\" src=\"http:\/\/www.laurapennanen.fi\/wp-content\/uploads\/2019\/06\/Kalalokki-lent\u00e4\u00e4-1024x613.jpg\" alt=\"\" width=\"625\" height=\"374\" srcset=\"https:\/\/www.laurapennanen.fi\/wp-content\/uploads\/2019\/06\/Kalalokki-lent\u00e4\u00e4-1024x613.jpg 1024w, https:\/\/www.laurapennanen.fi\/wp-content\/uploads\/2019\/06\/Kalalokki-lent\u00e4\u00e4-300x179.jpg 300w, https:\/\/www.laurapennanen.fi\/wp-content\/uploads\/2019\/06\/Kalalokki-lent\u00e4\u00e4-768x459.jpg 768w, https:\/\/www.laurapennanen.fi\/wp-content\/uploads\/2019\/06\/Kalalokki-lent\u00e4\u00e4-624x373.jpg 624w\" sizes=\"auto, (max-width: 625px) 100vw, 625px\" \/><\/a><p id=\"caption-attachment-3002\" class=\"wp-caption-text\">Kalalokin kalastusilme \ud83d\ude42<\/p><\/div>\n<\/div>\n<div class=\"kuvat\">\n<div id=\"attachment_2955\" style=\"width: 635px\" class=\"wp-caption alignnone\"><a href=\"http:\/\/www.laurapennanen.fi\/wp-content\/uploads\/2019\/06\/Harmaalokki-lep\u00e4\u00e4.jpg\"><img loading=\"lazy\" decoding=\"async\" aria-describedby=\"caption-attachment-2955\" class=\"wp-image-2955 size-large\" src=\"http:\/\/www.laurapennanen.fi\/wp-content\/uploads\/2019\/06\/Harmaalokki-lep\u00e4\u00e4-1024x769.jpg\" alt=\"\" width=\"625\" height=\"469\" srcset=\"https:\/\/www.laurapennanen.fi\/wp-content\/uploads\/2019\/06\/Harmaalokki-lep\u00e4\u00e4-1024x769.jpg 1024w, https:\/\/www.laurapennanen.fi\/wp-content\/uploads\/2019\/06\/Harmaalokki-lep\u00e4\u00e4-300x225.jpg 300w, https:\/\/www.laurapennanen.fi\/wp-content\/uploads\/2019\/06\/Harmaalokki-lep\u00e4\u00e4-768x577.jpg 768w, https:\/\/www.laurapennanen.fi\/wp-content\/uploads\/2019\/06\/Harmaalokki-lep\u00e4\u00e4-624x469.jpg 624w\" sizes=\"auto, (max-width: 625px) 100vw, 625px\" \/><\/a><p id=\"caption-attachment-2955\" class=\"wp-caption-text\">T\u00e4\u00e4lt\u00e4 on hyv\u00e4 t\u00e4hystell\u00e4, tuumii harmaalokki laivav\u00e4yl\u00e4n poijun p\u00e4\u00e4ll\u00e4 8.6.2019.<\/p><\/div>\n<\/div>\n<div class=\"kuvat\">\n<div id=\"attachment_2906\" style=\"width: 635px\" class=\"wp-caption alignnone\"><a href=\"http:\/\/www.laurapennanen.fi\/wp-content\/uploads\/2019\/06\/Lokki-ottelussa.jpg\"><img loading=\"lazy\" decoding=\"async\" aria-describedby=\"caption-attachment-2906\" class=\"wp-image-2906 size-large\" src=\"http:\/\/www.laurapennanen.fi\/wp-content\/uploads\/2019\/06\/Lokki-ottelussa-1024x769.jpg\" alt=\"\" width=\"625\" height=\"469\" srcset=\"https:\/\/www.laurapennanen.fi\/wp-content\/uploads\/2019\/06\/Lokki-ottelussa-1024x769.jpg 1024w, https:\/\/www.laurapennanen.fi\/wp-content\/uploads\/2019\/06\/Lokki-ottelussa-300x225.jpg 300w, https:\/\/www.laurapennanen.fi\/wp-content\/uploads\/2019\/06\/Lokki-ottelussa-768x577.jpg 768w, https:\/\/www.laurapennanen.fi\/wp-content\/uploads\/2019\/06\/Lokki-ottelussa-624x469.jpg 624w\" sizes=\"auto, (max-width: 625px) 100vw, 625px\" \/><\/a><p id=\"caption-attachment-2906\" class=\"wp-caption-text\">Kalalokki lennossa 3.6.2019<\/p><\/div>\n<\/div>\n<div class=\"kuvat\">\n<div id=\"attachment_436\" style=\"width: 635px\" class=\"wp-caption alignnone\"><a href=\"http:\/\/www.laurapennanen.fi\/wp-content\/uploads\/2018\/10\/Merell\u00e4-aamu-14.9-13.jpg\"><img loading=\"lazy\" decoding=\"async\" aria-describedby=\"caption-attachment-436\" class=\"wp-image-436 size-large\" src=\"http:\/\/www.laurapennanen.fi\/wp-content\/uploads\/2018\/10\/Merell\u00e4-aamu-14.9-13-1024x683.jpg\" alt=\"\" width=\"625\" height=\"417\" srcset=\"https:\/\/www.laurapennanen.fi\/wp-content\/uploads\/2018\/10\/Merell\u00e4-aamu-14.9-13-1024x683.jpg 1024w, https:\/\/www.laurapennanen.fi\/wp-content\/uploads\/2018\/10\/Merell\u00e4-aamu-14.9-13-300x200.jpg 300w, https:\/\/www.laurapennanen.fi\/wp-content\/uploads\/2018\/10\/Merell\u00e4-aamu-14.9-13-768x512.jpg 768w, https:\/\/www.laurapennanen.fi\/wp-content\/uploads\/2018\/10\/Merell\u00e4-aamu-14.9-13-624x416.jpg 624w\" sizes=\"auto, (max-width: 625px) 100vw, 625px\" \/><\/a><p id=\"caption-attachment-436\" class=\"wp-caption-text\">Merilokki toivottaa hyv\u00e4t huomenet ajaessamme aamuh\u00e4m\u00e4r\u00e4ss\u00e4 sen t\u00e4hystyspaikan ohi 14.9.2018.<\/p><\/div>\n<\/div>\n<div class=\"kuvat\">\n<div id=\"attachment_2700\" style=\"width: 635px\" class=\"wp-caption alignnone\"><a href=\"http:\/\/www.laurapennanen.fi\/wp-content\/uploads\/2019\/05\/Tiira-kala-nokassa.jpg\"><img loading=\"lazy\" decoding=\"async\" aria-describedby=\"caption-attachment-2700\" class=\"wp-image-2700 size-large\" src=\"http:\/\/www.laurapennanen.fi\/wp-content\/uploads\/2019\/05\/Tiira-kala-nokassa-1024x682.jpg\" alt=\"\" width=\"625\" height=\"416\" srcset=\"https:\/\/www.laurapennanen.fi\/wp-content\/uploads\/2019\/05\/Tiira-kala-nokassa-1024x682.jpg 1024w, https:\/\/www.laurapennanen.fi\/wp-content\/uploads\/2019\/05\/Tiira-kala-nokassa-300x200.jpg 300w, https:\/\/www.laurapennanen.fi\/wp-content\/uploads\/2019\/05\/Tiira-kala-nokassa-768x511.jpg 768w, https:\/\/www.laurapennanen.fi\/wp-content\/uploads\/2019\/05\/Tiira-kala-nokassa-624x415.jpg 624w, https:\/\/www.laurapennanen.fi\/wp-content\/uploads\/2019\/05\/Tiira-kala-nokassa.jpg 1586w\" sizes=\"auto, (max-width: 625px) 100vw, 625px\" \/><\/a><p id=\"caption-attachment-2700\" class=\"wp-caption-text\">Tiira saalis nokassaan 10.5.2018.<\/p><\/div>\n<\/div>\n<p><a href=\"http:\/\/www.laurapennanen.fi\/?page_id=107\">\u21d0 Palaa luonto-sivulle<\/a><\/p>\n","protected":false},"excerpt":{"rendered":"<p>Lokeista tulee usein mieleen pullasorsien ruokinnan yhteydess\u00e4 varastelevat valkoiset linnut, jotka kakkaavat kaikkialle. Lokit ovat my\u00f6s hyvin \u00e4\u00e4nekk\u00e4it\u00e4 sy\u00f6ksyess\u00e4\u00e4n kalastajien mereen heitt\u00e4mien perkeiden ja roskakalojen per\u00e4\u00e4\u00e4n. Lokkeja l\u00e4hemmin tarkastellessa ainakin itse n\u00e4en kauniin ja viisaankin linnun, joka on saarelaiselle t\u00e4rke\u00e4 kev\u00e4\u00e4n tuoja. Lokki saapuu saaristoon kev\u00e4\u00e4ll\u00e4 avoveden mukana. N\u00e4in ollen lokin ilmaantuessa kev\u00e4tj\u00e4ille tiet\u00e4\u00e4, ett\u00e4 [&hellip;]<\/p>\n","protected":false},"author":1,"featured_media":0,"parent":107,"menu_order":0,"comment_status":"closed","ping_status":"closed","template":"page-templates\/full-width.php","meta":{"footnotes":""},"class_list":["post-5638","page","type-page","status-publish","hentry"],"_links":{"self":[{"href":"https:\/\/www.laurapennanen.fi\/index.php?rest_route=\/wp\/v2\/pages\/5638","targetHints":{"allow":["GET"]}}],"collection":[{"href":"https:\/\/www.laurapennanen.fi\/index.php?rest_route=\/wp\/v2\/pages"}],"about":[{"href":"https:\/\/www.laurapennanen.fi\/index.php?rest_route=\/wp\/v2\/types\/page"}],"author":[{"embeddable":true,"href":"https:\/\/www.laurapennanen.fi\/index.php?rest_route=\/wp\/v2\/users\/1"}],"replies":[{"embeddable":true,"href":"https:\/\/www.laurapennanen.fi\/index.php?rest_route=%2Fwp%2Fv2%2Fcomments&post=5638"}],"version-history":[{"count":6,"href":"https:\/\/www.laurapennanen.fi\/index.php?rest_route=\/wp\/v2\/pages\/5638\/revisions"}],"predecessor-version":[{"id":5649,"href":"https:\/\/www.laurapennanen.fi\/index.php?rest_route=\/wp\/v2\/pages\/5638\/revisions\/5649"}],"up":[{"embeddable":true,"href":"https:\/\/www.laurapennanen.fi\/index.php?rest_route=\/wp\/v2\/pages\/107"}],"wp:attachment":[{"href":"https:\/\/www.laurapennanen.fi\/index.php?rest_route=%2Fwp%2Fv2%2Fmedia&parent=5638"}],"curies":[{"name":"wp","href":"https:\/\/api.w.org\/{rel}","templated":true}]}}