{"id":86,"date":"2018-10-06T21:16:45","date_gmt":"2018-10-06T19:16:45","guid":{"rendered":"http:\/\/www.laurapennanen.fi\/?page_id=86"},"modified":"2024-11-10T04:47:51","modified_gmt":"2024-11-10T02:47:51","slug":"koirat","status":"publish","type":"page","link":"https:\/\/www.laurapennanen.fi\/?page_id=86","title":{"rendered":"Koirat"},"content":{"rendered":"<p><a href=\"#Meid\u00e4n lauma\">Meid\u00e4n lauma<\/a><br \/>\n<a href=\"http:\/\/www.laurapennanen.fi\/?page_id=1869\">Kuvia koirista koiragalleriassa<\/a><\/p>\n<p>Koiraharrastukseni alkoi lapsena tyypillisell\u00e4 kinuamisella &#8216;haluan koiran&#8217;. Kerta toisensa j\u00e4lkeen sain kielt\u00e4v\u00e4n vastauksen, sill\u00e4 sek\u00e4 \u00e4itini ett\u00e4 siskoni olivat koirille allergisia. Tyydyin lenkitt\u00e4m\u00e4\u00e4n naapurien koiria. Kun siskoni muutti kotoa pois, alkoi \u00e4idin ja is\u00e4n muurit murtumaan ja vuonna 1984 meille muutti kultaisennoutajan narttupentu Milja-Liina &#8216;Milja&#8217;. Milja j\u00e4i kuitenkin vanhempieni koiraksi, joten hankin itselleni oman koiran muutettuani ensimm\u00e4iseen omaan kotiin. Ensimm\u00e4inen saksanpaimenkoirani Anu muutti luokseni kev\u00e4\u00e4ll\u00e4 1985 ja reilu vuosi sen j\u00e4lkeen tuli toinen saksanpaimenkoira Hibykin Champ &#8216;Samppi&#8217;. N\u00e4iden palveluskoirien kanssa harrastin pk j\u00e4lke\u00e4 ja suojelua sek\u00e4 lenkkeilin metsiss\u00e4. Lis\u00e4ksi minulla oli hoitokoirina sekarotuiset Kille ja Tessu, saksanpaimenkoira Tico sek\u00e4 cockerspanieli Julle.<\/p>\n<p>Anun ja Sampin j\u00e4lkeen vuonna 1993 minulle tuli saksanpaimenkoiran narttupentu Fidelity Wanda &#8216;\u00c4ss\u00e4&#8217;. \u00c4ss\u00e4n kanssa kilpailin paljon keskittyen etup\u00e4\u00e4ss\u00e4 j\u00e4lkikisoihin. \u00c4ss\u00e4n kanssa k\u00e4vin my\u00f6s suojelu-, viesti- ja yk treeneiss\u00e4. Se oli mahtava koira niin kotona lasten kanssa kuin kisakentill\u00e4. Oikea viilipytty. \u00c4ss\u00e4n rinnalle otin vuoden my\u00f6hemmin sen pikkusiskon Fidelity Arcolan &#8216;Sisun&#8217;. My\u00f6s t\u00e4m\u00e4 narttu osoittautui monipuoliseksi palveluskoiraksi. \u00c4ss\u00e4n ja Sisun kaveriksi tuli viel\u00e4 yksi koira, Sissi vuonna 1995. Sissin em\u00e4 oli saksanpaimenkoira ja is\u00e4 paimenlinjainen bordercollie. Sissi oli rauhallinen paimen, jolle teetin pari vuotiaana pennut puhtaan paimenlinjaisen borderin kanssa. N\u00e4ist\u00e4 pennuista kotiin j\u00e4i Ami, joka oli koira isolla K:lla. Amista kehkeytyi huippu v\u00e4h\u00e4n joka asiassa. Se paimensi, se osasi suojelun, se j\u00e4ljesti, oli viestikoirana, yk ja hakukoiranakin. Ami oli t\u00e4ydellisesti minun varjo. Minne menin, Ami tuli per\u00e4ss\u00e4.<\/p>\n<p>Kun aika j\u00e4tti \u00c4ss\u00e4st\u00e4 ja Sisusta, Sissi ja Ami saivat laumaansa ensimm\u00e4isen huskynpennun, <a href=\"http:\/\/www.arcticsoul.net\/\" target=\"_blank\" rel=\"noopener noreferrer\">Arctic Soul<\/a> Viiman &#8216;Viiman&#8217; vuonna 2004. Lauma kasvoi nopeasti. Kev\u00e4\u00e4ll\u00e4 2005 siihen liittyiv\u00e4t pennut Arctic Soul Whisky &#8216;Pyry&#8217; ja Min-Pel Aurinkotuuli &#8216;Tuisku&#8217;. Hieman my\u00f6hemmin lauman vahvistukseksi liittyiv\u00e4t viel\u00e4 vanhat herrat Arctic Soul Samba &#8216;Samppa&#8217; ja Arctic Soul Rumba &#8216;Rumpa&#8217;. Valjakollinen koiria oli siis kasassa. T\u00e4m\u00e4n valjakon kanssa sitten tuli treenattua hirmuiset m\u00e4\u00e4r\u00e4t valjakkoajoa, kisoja varten. Amin ja Sissin ajan p\u00e4\u00e4tytty\u00e4 laumaan tuli uusi vartija, saksanpaimenkoiran urospentu <a href=\"http:\/\/www.sonorian.fi\/\" target=\"_blank\" rel=\"noopener noreferrer\">Sonorian<\/a> Enrico &#8216;Rico&#8217; vuoden 2006 syksyll\u00e4. Rico oli minulle se suuri koira. Koira, joka oli jotain, mit\u00e4 en ollut ikin\u00e4 miss\u00e4\u00e4n muussa koirassa kokenut. Se kuului samaan kategoriaan \u00c4ss\u00e4n ja Amin kanssa mutta kiipesi niidenkin yl\u00e4puolelle, ollen minulle henkivartija, yst\u00e4v\u00e4, ty\u00f6kaveri ja harrastusteni tukija, mukanaolija ja kaikkea, mit\u00e4 ikin\u00e4 koira voi olla, ja enemm\u00e4nkin.<\/p>\n<p>Ricon ja huskyjen rinnalle tuli sitten Tuiskun pentu Arctic Soul Hot Chocolate &#8216;M\u00f6rkki&#8217; vuoden 2007 lopulla. M\u00f6rkki kuuluu t\u00e4h\u00e4n samaan t\u00e4htikoiraseurueeseen, ja on minun ehdottomasti l\u00e4heisin husky. Ja jotta jatkumo olisi jatkumo, M\u00f6rkki ja Samppa tekiv\u00e4t suunnitellut pennut vuonna 2009. Niit\u00e4 syntyi yhdeks\u00e4n, joista lopulta kotiin j\u00e4i seitsem\u00e4n. Kes\u00e4ll\u00e4 ennen pentujen syntym\u00e4\u00e4, minulla oli hoitokoirana j\u00e4mtlanninpystykorvanpentu Miina. Miina kuitenkin muutti toiseen perheeseen, jossa se p\u00e4\u00e4si mets\u00e4lle.<\/p>\n<p>Vuonna 2012 tapahtui perheess\u00e4ni eritt\u00e4in traumaattinen menetys ja suru valtasi koko el\u00e4m\u00e4ni. Jotta el\u00e4m\u00e4n sai edes jotenkin eteenp\u00e4in, p\u00e4\u00e4tin hankkia jotain, mik\u00e4 pirist\u00e4isi minua, jotakin, joka antaisi minulle tekemist\u00e4. Taloon tuli jotain, joka oli todella positiivista. Sonorian Gerhilde &#8216;Wilma&#8217;, saksanpaimenkoiran narttupentu, monen, monen vuoden tauon j\u00e4lkeen. Ja mik\u00e4 ilopilleri sielt\u00e4 tulikaan! Wilma lunasti paikkansa. Toivoin jotain positiivista, sain sit\u00e4 tuhansin verroin. T\u00e4llaista jousijalkaa, h\u00f6ps\u00f6ttelij\u00e4\u00e4 ja etenkin vauhtivilhelmiinaa minulla ei ole ikin\u00e4 viel\u00e4 ollut. T\u00e4ydellinen ilopilleri koko koira \ud83d\ude42<\/p>\n<p>Laumani nykyisen koon sitten m\u00e4\u00e4ritteli M\u00f6rkin toinen tyt\u00e4r, Kaisa. 2014-2015 vuodenvaihteessa se kiipesi tarhastaan veljens\u00e4 tyk\u00f6, teki pennut ja kiipesi takaisin omaan tarhaansa. Kukaan ei tiennyt tulevista pennuista mit\u00e4\u00e4n, kunnes muutamaa p\u00e4iv\u00e4\u00e4 ennen synnytyst\u00e4 huomasin Kaisan py\u00f6ristyneen masun. Maaliskuussa 2015 syntyi nelj\u00e4 pentua, joista kotiin j\u00e4i kolme.<\/p>\n<p><a name=\"Meid\u00e4n lauma\"><\/a><\/p>\n<h3>Meid\u00e4n lauma<\/h3>\n<ul>\n<li style=\"list-style-type: none;\">\n<ul>\n<li><a href=\"http:\/\/www.laurapennanen.fi\/?page_id=160\">Salama<\/a><\/li>\n<li><a href=\"http:\/\/www.laurapennanen.fi\/?page_id=163\">Pilkku<\/a><\/li>\n<li><a href=\"http:\/\/www.laurapennanen.fi\/?page_id=166\">Usva<\/a><\/li>\n<li><a href=\"http:\/\/www.laurapennanen.fi\/?page_id=4696\">Laikku<\/a><\/li>\n<li><a href=\"http:\/\/www.laurapennanen.fi\/?page_id=5168\">Minni<\/a><\/li>\n<li>Enkelikoirat\n<ul>\n<li><a href=\"http:\/\/www.laurapennanen.fi\/?page_id=1264\">Pyry<\/a><\/li>\n<li><a href=\"http:\/\/www.laurapennanen.fi\/?page_id=1261\">Viima<\/a><\/li>\n<li><a href=\"http:\/\/www.laurapennanen.fi\/?page_id=154\">Petu<\/a><\/li>\n<li><a href=\"http:\/\/www.laurapennanen.fi\/?page_id=136\">Rico<\/a><\/li>\n<li><a href=\"http:\/\/www.laurapennanen.fi\/?page_id=139\">Kaisa<\/a><\/li>\n<li><a href=\"http:\/\/www.laurapennanen.fi\/?page_id=122\">Tuisku<\/a><\/li>\n<li><a href=\"http:\/\/www.laurapennanen.fi\/?page_id=151\">Kiiki<\/a><\/li>\n<li><a href=\"http:\/\/www.laurapennanen.fi\/?page_id=132\">M\u00f6rkki<\/a><\/li>\n<li><a href=\"http:\/\/www.laurapennanen.fi\/?page_id=145\">Kero<\/a><\/li>\n<li><a href=\"http:\/\/www.laurapennanen.fi\/?page_id=142\">Lumi<\/a><\/li>\n<li><a href=\"http:\/\/www.laurapennanen.fi\/?page_id=157\">Wilma<\/a><\/li>\n<li><a href=\"http:\/\/www.laurapennanen.fi\/?page_id=148\">Myr\u00e4<\/a><\/li>\n<\/ul>\n","protected":false},"excerpt":{"rendered":"<p>Meid\u00e4n lauma Kuvia koirista koiragalleriassa Koiraharrastukseni alkoi lapsena tyypillisell\u00e4 kinuamisella &#8216;haluan koiran&#8217;. Kerta toisensa j\u00e4lkeen sain kielt\u00e4v\u00e4n vastauksen, sill\u00e4 sek\u00e4 \u00e4itini ett\u00e4 siskoni olivat koirille allergisia. Tyydyin lenkitt\u00e4m\u00e4\u00e4n naapurien koiria. Kun siskoni muutti kotoa pois, alkoi \u00e4idin ja is\u00e4n muurit murtumaan ja vuonna 1984 meille muutti kultaisennoutajan narttupentu Milja-Liina &#8216;Milja&#8217;. Milja j\u00e4i kuitenkin vanhempieni koiraksi, [&hellip;]<\/p>\n","protected":false},"author":1,"featured_media":0,"parent":0,"menu_order":1,"comment_status":"closed","ping_status":"closed","template":"page-templates\/full-width.php","meta":{"footnotes":""},"class_list":["post-86","page","type-page","status-publish","hentry"],"_links":{"self":[{"href":"https:\/\/www.laurapennanen.fi\/index.php?rest_route=\/wp\/v2\/pages\/86","targetHints":{"allow":["GET"]}}],"collection":[{"href":"https:\/\/www.laurapennanen.fi\/index.php?rest_route=\/wp\/v2\/pages"}],"about":[{"href":"https:\/\/www.laurapennanen.fi\/index.php?rest_route=\/wp\/v2\/types\/page"}],"author":[{"embeddable":true,"href":"https:\/\/www.laurapennanen.fi\/index.php?rest_route=\/wp\/v2\/users\/1"}],"replies":[{"embeddable":true,"href":"https:\/\/www.laurapennanen.fi\/index.php?rest_route=%2Fwp%2Fv2%2Fcomments&post=86"}],"version-history":[{"count":38,"href":"https:\/\/www.laurapennanen.fi\/index.php?rest_route=\/wp\/v2\/pages\/86\/revisions"}],"predecessor-version":[{"id":5845,"href":"https:\/\/www.laurapennanen.fi\/index.php?rest_route=\/wp\/v2\/pages\/86\/revisions\/5845"}],"wp:attachment":[{"href":"https:\/\/www.laurapennanen.fi\/index.php?rest_route=%2Fwp%2Fv2%2Fmedia&parent=86"}],"curies":[{"name":"wp","href":"https:\/\/api.w.org\/{rel}","templated":true}]}}